{"id":3933,"date":"2026-03-24T15:42:19","date_gmt":"2026-03-24T15:42:19","guid":{"rendered":"https:\/\/tresdedos3d2.ovh\/canal-de-denuncia\/"},"modified":"2026-04-02T08:51:45","modified_gmt":"2026-04-02T08:51:45","slug":"canal-de-denuncia","status":"publish","type":"page","link":"https:\/\/tresdedos3d2.ovh\/pt-pt\/canal-de-denuncia\/","title":{"rendered":"Canal de den\u00fancia"},"content":{"rendered":"\t\t<div data-elementor-type=\"wp-page\" data-elementor-id=\"3933\" class=\"elementor elementor-3933 elementor-2829\" data-elementor-post-type=\"page\">\n\t\t\t\t<div class=\"elementor-element elementor-element-2e843199 e-con-full e-flex e-con e-parent\" data-id=\"2e843199\" data-element_type=\"container\" data-e-type=\"container\" data-settings=\"{&quot;background_background&quot;:&quot;classic&quot;}\">\n\t\t<div class=\"elementor-element elementor-element-ec457f9 e-con-full e-flex e-con e-child\" data-id=\"ec457f9\" data-element_type=\"container\" data-e-type=\"container\">\n\t\t<div class=\"elementor-element elementor-element-7f60f8d e-con-full e-flex e-con e-child\" data-id=\"7f60f8d\" data-element_type=\"container\" data-e-type=\"container\">\n\t\t<div class=\"elementor-element elementor-element-fbf178d e-con-full e-flex e-con e-child\" data-id=\"fbf178d\" data-element_type=\"container\" data-e-type=\"container\">\n\t\t\t\t<div class=\"elementor-element elementor-element-8db9da4 elementor-widget elementor-widget-heading\" data-id=\"8db9da4\" data-element_type=\"widget\" data-e-type=\"widget\" data-widget_type=\"heading.default\">\n\t\t\t\t<div class=\"elementor-widget-container\">\n\t\t\t\t\t<h1 class=\"elementor-heading-title elementor-size-default\">Canal de den\u00fancia<\/h1>\t\t\t\t<\/div>\n\t\t\t\t<\/div>\n\t\t\t\t<\/div>\n\t\t\t\t<div class=\"elementor-element elementor-element-56baeae elementor-widget__width-initial elementor-widget elementor-widget-image\" data-id=\"56baeae\" data-element_type=\"widget\" data-e-type=\"widget\" data-widget_type=\"image.default\">\n\t\t\t\t<div class=\"elementor-widget-container\">\n\t\t\t\t\t\t\t\t\t\t\t\t\t\t\t<img fetchpriority=\"high\" decoding=\"async\" width=\"1200\" height=\"1200\" src=\"https:\/\/tresdedos3d2.ovh\/wp-content\/uploads\/2026\/02\/equipo-kider.jpg\" class=\"attachment-full size-full wp-image-2474\" alt=\"\" srcset=\"https:\/\/tresdedos3d2.ovh\/wp-content\/uploads\/2026\/02\/equipo-kider.jpg 1200w, https:\/\/tresdedos3d2.ovh\/wp-content\/uploads\/2026\/02\/equipo-kider-300x300.jpg 300w, https:\/\/tresdedos3d2.ovh\/wp-content\/uploads\/2026\/02\/equipo-kider-1024x1024.jpg 1024w, https:\/\/tresdedos3d2.ovh\/wp-content\/uploads\/2026\/02\/equipo-kider-150x150.jpg 150w, https:\/\/tresdedos3d2.ovh\/wp-content\/uploads\/2026\/02\/equipo-kider-768x768.jpg 768w, https:\/\/tresdedos3d2.ovh\/wp-content\/uploads\/2026\/02\/equipo-kider-650x650.jpg 650w\" sizes=\"(max-width: 1200px) 100vw, 1200px\" \/>\t\t\t\t\t\t\t\t\t\t\t\t\t\t\t<\/div>\n\t\t\t\t<\/div>\n\t\t\t\t<\/div>\n\t\t\t\t<\/div>\n\t\t\t\t<\/div>\n\t\t<div class=\"elementor-element elementor-element-8aca53c e-flex e-con-boxed e-con e-parent\" data-id=\"8aca53c\" data-element_type=\"container\" data-e-type=\"container\">\n\t\t\t\t\t<div class=\"e-con-inner\">\n\t\t\t\t<div class=\"elementor-element elementor-element-95cad92 elementor-widget elementor-widget-text-editor\" data-id=\"95cad92\" data-element_type=\"widget\" data-e-type=\"widget\" data-widget_type=\"text-editor.default\">\n\t\t\t\t<div class=\"elementor-widget-container\">\n\t\t\t\t\t\t\t\t\t<p>A KIDER STORE SOLUTIONS, S.L. disp\u00f5e na sua p\u00e1gina web<a href=\"https:\/\/www.kider.com\/canal-de-denuncias\/\">(www.kider.com\/canal-de-denuncias)<\/a> deste Canal Interno de Den\u00fancias que permite comunicar condutas irregulares na empresa.<br>Este canal est\u00e1 \u00e0 disposi\u00e7\u00e3o de todos os grupos de interesse: empregados, pessoas relacionadas com a empresa, clientes, fornecedores, etc.<br>Na parte inferior desta p\u00e1gina existe um formul\u00e1rio para recolher as den\u00fancias que queiras realizar.<br>A comunica\u00e7\u00e3o pode ser feita de forma confidencial ou an\u00f3nima. No entanto, para poder efetuar um acompanhamento adequado, ser\u00e3o solicitadas informa\u00e7\u00f5es para poder contactar a pessoa que faz a den\u00fancia, sendo da sua decis\u00e3o fornec\u00ea-las ou fazer a den\u00fancia de forma an\u00f3nima. <\/p><p><strong>\u00c2mbito<\/strong> de aplica\u00e7\u00e3o<br>O Canal de Den\u00fancias destina-se exclusivamente a recolher den\u00fancias sobre condutas irregulares na KIDER STORE SOLUTIONS, S.L.. O envio de uma den\u00fancia implica a express\u00e3o do estado ilegal, irregular ou inconveniente de qualquer a\u00e7\u00e3o realizada na KIDER STORE SOLUTIONS, S.L.<br>Este canal N\u00c3O se destina a recolher den\u00fancias sobre condutas irregulares de outras entidades ou no \u00e2mbito da atividade de outras entidades, sejam elas empresas, organiza\u00e7\u00f5es sem fins lucrativos ou qualquer outro tipo de organiza\u00e7\u00e3o, independentemente da sua rela\u00e7\u00e3o com a KIDER STORE SOLUTIONS, S.L.. Se for caso disso, estas reclama\u00e7\u00f5es devem ser dirigidas aos canais de reclama\u00e7\u00e3o das entidades correspondentes.<br>tamb\u00e9m n\u00e3o se destina a recolher sugest\u00f5es, coment\u00e1rios ou d\u00favidas sobre a atividade da empresa KIDER STORE SOLUTIONS, S.L.. Neste caso, podes utilizar o formul\u00e1rio de contacto.   <\/p><p><strong>PROCEDIMENTO<\/strong><br>Todas as reclama\u00e7\u00f5es recebidas ser\u00e3o analisadas e tratadas pela pessoa respons\u00e1vel pelo Canal de Reclama\u00e7\u00f5es da KIDER STORE SOLUTIONS, S.L., num prazo de 3 meses (6 meses para casos complexos).<br>Os factos denunciados ser\u00e3o investigados de forma confidencial e respeitosa, recolhendo a informa\u00e7\u00e3o adicional necess\u00e1ria.<br>Ser\u00e3o tomadas as medidas necess\u00e1rias para retificar o motivo da den\u00fancia.<br>Se for necess\u00e1rio, ser\u00e3o tomadas medidas disciplinares.<br>N\u00e3o haver\u00e1 repres\u00e1lias contra nenhum informador, nem contra nenhuma outra pessoa colaboradora, mesmo que a den\u00fancia n\u00e3o tenha \u00eaxito, desde que n\u00e3o tenham agido de m\u00e1 f\u00e9.<\/p><p>O queixoso ser\u00e1 informado, desde que a queixa n\u00e3o seja an\u00f3nima.<\/p><p><strong>PROTEC\u00c7\u00c3O DE DADOS<\/strong><br>A KIDER STORE SOLUTIONS, S.L. informa os utilizadores do Site que a KIDER STORE SOLUTIONS, S.L. respeita a legisla\u00e7\u00e3o vigente em mat\u00e9ria de prote\u00e7\u00e3o de dados, bem como os seus regulamentos de execu\u00e7\u00e3o, adoptando as medidas t\u00e9cnicas e organizativas necess\u00e1rias para evitar a perda, m\u00e1 utiliza\u00e7\u00e3o, altera\u00e7\u00e3o, acesso n\u00e3o autorizado e roubo dos dados pessoais fornecidos, se for caso disso, atrav\u00e9s do Site, tendo em conta o estado da tecnologia, a natureza dos dados e os riscos a que est\u00e3o expostos.<\/p><p>No caso em que, ao utilizar os servi\u00e7os prestados pela KIDER STORE SOLUTIONS, S.L. neste Site, o utilizador tenha de preencher dados pessoais, a KIDER STORE SOLUTIONS, S.L. &#8211; em conformidade com a legisla\u00e7\u00e3o em vigor &#8211; informar\u00e1 plenamente o utilizador dos seus direitos e obter\u00e1 o seu consentimento expresso e inequ\u00edvoco para o tratamento dos seus dados pessoais.<\/p><p>De acordo com a legisla\u00e7\u00e3o vigente em mat\u00e9ria de prote\u00e7\u00e3o de dados, informamos-te que os dados pessoais que nos enviares atrav\u00e9s de comunica\u00e7\u00f5es atrav\u00e9s da p\u00e1gina web www.kider.com ser\u00e3o inclu\u00eddos e tratados nos ficheiros propriedade da Kider Store Solutions S.L., (C.I.F. B95767604), com sede social em Zabalibar 8 em Amurrio, 01470 \u00c1lava, e inscrita no registo comercial de \u00c1lava, Tomo 1569, livro 0, f\u00f3lio 192, Folha n\u00famero VI-17233, Inscri\u00e7\u00e3o 5.<\/p><p>O utilizador garante que os dados pessoais fornecidos \u00e0 Kider Store Solutions, S.L. s\u00e3o verdadeiros e corretos, sendo respons\u00e1vel por comunicar qualquer altera\u00e7\u00e3o dos mesmos. A Kider Store Solutions, S.L. garante a seguran\u00e7a e a confidencialidade das informa\u00e7\u00f5es fornecidas. Esta informa\u00e7\u00e3o ser\u00e1 utilizada para facilitar o processamento de consultas e contactos, bem como para enviar ofertas comerciais sobre produtos e servi\u00e7os que possam ser do teu interesse.  <\/p><p>Os dados pessoais ser\u00e3o tratados com a finalidade de gerir, administrar e prestar os servi\u00e7os que a Kider Store Solutions, S.L. oferece aos interessados.<\/p><p>Podes enviar as tuas comunica\u00e7\u00f5es e exercer os teus direitos de acesso, retifica\u00e7\u00e3o, cancelamento e oposi\u00e7\u00e3o, enviando uma comunica\u00e7\u00e3o devidamente credenciada com a tua identidade para o endere\u00e7o Zabalibar 8, Amurrio, 01470 (\u00c1lava).<\/p>\t\t\t\t\t\t\t\t<\/div>\n\t\t\t\t<\/div>\n\t\t\t\t\t<\/div>\n\t\t\t\t<\/div>\n\t\t<div class=\"elementor-element elementor-element-ddc4d24 e-con-full e-flex e-con e-parent\" data-id=\"ddc4d24\" data-element_type=\"container\" data-e-type=\"container\">\n\t\t\t\t<div class=\"elementor-element elementor-element-fd81ba2 elementor-widget elementor-widget-template\" data-id=\"fd81ba2\" data-element_type=\"widget\" data-e-type=\"widget\" data-widget_type=\"template.default\">\n\t\t\t\t<div class=\"elementor-widget-container\">\n\t\t\t\t\t\t\t<div class=\"elementor-template\">\n\t\t\t\t\t<div data-elementor-type=\"section\" data-elementor-id=\"3922\" class=\"elementor elementor-3922 elementor-3912 elementor-3912\" data-elementor-post-type=\"elementor_library\">\n\t\t\t<div class=\"elementor-element elementor-element-3a83e08 e-flex e-con-boxed e-con e-parent\" data-id=\"3a83e08\" data-element_type=\"container\" data-e-type=\"container\" data-settings=\"{&quot;background_background&quot;:&quot;classic&quot;}\">\n\t\t\t\t\t<div class=\"e-con-inner\">\n\t\t\t\t<div class=\"elementor-element elementor-element-990cbc2 elementor-invisible elementor-widget elementor-widget-qi_addons_for_elementor_animated_text\" data-id=\"990cbc2\" data-element_type=\"widget\" data-e-type=\"widget\" data-settings=\"{&quot;_animation&quot;:&quot;fadeInUp&quot;}\" data-widget_type=\"qi_addons_for_elementor_animated_text.default\">\n\t\t\t\t<div class=\"elementor-widget-container\">\n\t\t\t\t\t<div class=\"qodef-shortcode qodef-m qodef-qi-animated-text qodef--animated-by-word qodef--alignment-left qodef-qi--has-appear qodef--appear-from-bottom\" >\n\t\t<h2 class=\"qodef-m-title\">\n\t\t<span class=\"qodef-e-word\">Formul\u00e1rio<\/span> <span class=\"qodef-e-word\">de<\/span> <span class=\"qodef-e-word\">reclama\u00e7\u00e3o<\/span>\t<\/h2>\n<\/div>\n\t\t\t\t<\/div>\n\t\t\t\t<\/div>\n\t\t\t\t<div class=\"elementor-element elementor-element-a61f4a9 elementor-button-align-start elementor-widget elementor-widget-form\" data-id=\"a61f4a9\" data-element_type=\"widget\" data-e-type=\"widget\" data-settings=\"{&quot;step_next_label&quot;:&quot;Pr\\u00f3ximo&quot;,&quot;step_previous_label&quot;:&quot;Anterior&quot;,&quot;button_width&quot;:&quot;100&quot;,&quot;step_type&quot;:&quot;number_text&quot;,&quot;step_icon_shape&quot;:&quot;circle&quot;}\" data-widget_type=\"form.default\">\n\t\t\t\t<div class=\"elementor-widget-container\">\n\t\t\t\t\t\t\t<form class=\"elementor-form\" method=\"post\" name=\"Nova Forma\" aria-label=\"Nova Forma\">\n\t\t\t<input type=\"hidden\" name=\"post_id\" value=\"3922\"\/>\n\t\t\t<input type=\"hidden\" name=\"form_id\" value=\"a61f4a9\"\/>\n\t\t\t<input type=\"hidden\" name=\"referer_title\" value=\"Kider Store Solutions\" \/>\n\n\t\t\t\n\t\t\t<div class=\"elementor-form-fields-wrapper elementor-labels-above\">\n\t\t\t\t\t\t\t\t<div class=\"elementor-field-type-text elementor-field-group elementor-column elementor-field-group-name elementor-col-50\">\n\t\t\t\t\t\t\t\t\t\t\t\t<label for=\"form-field-name\" class=\"elementor-field-label\">\n\t\t\t\t\t\t\t\tNome\t\t\t\t\t\t\t<\/label>\n\t\t\t\t\t\t\t\t\t\t\t\t\t\t<input size=\"1\" type=\"text\" name=\"form_fields[name]\" id=\"form-field-name\" class=\"elementor-field elementor-size-lg  elementor-field-textual\">\n\t\t\t\t\t\t\t\t\t\t\t<\/div>\n\t\t\t\t\t\t\t\t<div class=\"elementor-field-type-email elementor-field-group elementor-column elementor-field-group-email elementor-col-50\">\n\t\t\t\t\t\t\t\t\t\t\t\t<label for=\"form-field-email\" class=\"elementor-field-label\">\n\t\t\t\t\t\t\t\tEmail\t\t\t\t\t\t\t<\/label>\n\t\t\t\t\t\t\t\t\t\t\t\t\t\t<input size=\"1\" type=\"email\" name=\"form_fields[email]\" id=\"form-field-email\" class=\"elementor-field elementor-size-lg  elementor-field-textual\">\n\t\t\t\t\t\t\t\t\t\t\t<\/div>\n\t\t\t\t\t\t\t\t<div class=\"elementor-field-type-textarea elementor-field-group elementor-column elementor-field-group-message elementor-col-100 elementor-field-required elementor-mark-required\">\n\t\t\t\t\t\t\t\t\t\t\t\t<label for=\"form-field-message\" class=\"elementor-field-label\">\n\t\t\t\t\t\t\t\tReclama\u00e7\u00e3o\t\t\t\t\t\t\t<\/label>\n\t\t\t\t\t\t<textarea class=\"elementor-field-textual elementor-field  elementor-size-lg\" name=\"form_fields[message]\" id=\"form-field-message\" rows=\"4\" required=\"required\"><\/textarea>\t\t\t\t<\/div>\n\t\t\t\t\t\t\t\t<div class=\"elementor-field-type-acceptance elementor-field-group elementor-column elementor-field-group-field_98b3f8c elementor-col-100 elementor-field-required elementor-mark-required\">\n\t\t\t\t\t\t\t<div class=\"elementor-field-subgroup\">\n\t\t\t<span class=\"elementor-field-option\">\n\t\t\t\t<input type=\"checkbox\" name=\"form_fields[field_98b3f8c]\" id=\"form-field-field_98b3f8c\" class=\"elementor-field elementor-size-lg  elementor-acceptance-field\" required=\"required\">\n\t\t\t\t<label for=\"form-field-field_98b3f8c\">Li e aceito a <a href=\"https:\/\/tresdedos3d2.ovh\/politica-privacidad\/\" style=\"color: #BBB\">Pol\u00edtica de Privacidade<\/a><\/label>\t\t\t<\/span>\n\t\t<\/div>\n\t\t\t\t\t\t<\/div>\n\t\t\t\t\t\t\t\t<div class=\"elementor-field-group elementor-column elementor-field-type-submit elementor-col-100 e-form__buttons\">\n\t\t\t\t\t<button class=\"elementor-button elementor-size-sm\" type=\"submit\">\n\t\t\t\t\t\t<span class=\"elementor-button-content-wrapper\">\n\t\t\t\t\t\t\t\t\t\t\t\t\t\t\t<span class=\"elementor-button-icon\">\n\t\t\t\t\t\t\t\t\t<i aria-hidden=\"true\" class=\"icon icon-arrow-right\"><\/i>\t\t\t\t\t\t\t\t\t\t\t\t\t\t\t\t\t<\/span>\n\t\t\t\t\t\t\t\t\t\t\t\t\t\t\t\t\t\t\t\t\t\t<span class=\"elementor-button-text\">Enviar<\/span>\n\t\t\t\t\t\t\t\t\t\t\t\t\t<\/span>\n\t\t\t\t\t<\/button>\n\t\t\t\t<\/div>\n\t\t\t<\/div>\n\t\t<\/form>\n\t\t\t\t\t\t<\/div>\n\t\t\t\t<\/div>\n\t\t\t\t\t<\/div>\n\t\t\t\t<\/div>\n\t\t\t\t<\/div>\n\t\t\t\t<\/div>\n\t\t\t\t\t\t<\/div>\n\t\t\t\t<\/div>\n\t\t\t\t<\/div>\n\t\t<div class=\"elementor-element elementor-element-4a5509e e-flex e-con-boxed e-con e-parent\" data-id=\"4a5509e\" data-element_type=\"container\" data-e-type=\"container\">\n\t\t\t\t\t<div class=\"e-con-inner\">\n\t\t\t\t<div class=\"elementor-element elementor-element-ffb4bc9 elementor-widget elementor-widget-text-editor\" data-id=\"ffb4bc9\" data-element_type=\"widget\" data-e-type=\"widget\" data-widget_type=\"text-editor.default\">\n\t\t\t\t<div class=\"elementor-widget-container\">\n\t\t\t\t\t\t\t\t\t<p><strong>FICHEIROS ANEXOS e RELAT\u00d3RIO DE CORREIO<br><\/strong>denuncia@kider.com<\/p><p><strong>DEN\u00daNCIA POR CORREIO POSTAL<\/strong><br>Kider Store Solutions, S.L.<br>(Canal de Reclama\u00e7\u00f5es)<br>Zabalibar, 8<br>01470 Amurrio (\u00c1lava)<\/p>\t\t\t\t\t\t\t\t<\/div>\n\t\t\t\t<\/div>\n\t\t\t\t\t<\/div>\n\t\t\t\t<\/div>\n\t\t\t\t<\/div>\n\t\t","protected":false},"excerpt":{"rendered":"<p>Canal de den\u00fancia A KIDER STORE SOLUTIONS, S.L. disp\u00f5e na sua p\u00e1gina web(www.kider.com\/canal-de-denuncias) deste Canal Interno de Den\u00fancias que permite comunicar condutas irregulares na empresa.Este canal est\u00e1 \u00e0 disposi\u00e7\u00e3o de todos os grupos de interesse: empregados, pessoas relacionadas com a empresa, clientes, fornecedores, etc.Na parte inferior desta p\u00e1gina existe um formul\u00e1rio para recolher as den\u00fancias [&hellip;]<\/p>\n","protected":false},"author":6,"featured_media":0,"parent":0,"menu_order":0,"comment_status":"closed","ping_status":"closed","template":"","meta":{"footnotes":""},"class_list":["post-3933","page","type-page","status-publish","hentry"],"yoast_head":"<!-- This site is optimized with the Yoast SEO plugin v27.2 - https:\/\/yoast.com\/product\/yoast-seo-wordpress\/ -->\n<title>Canal de den\u00fancia - Kider Store Solutions<\/title>\n<meta name=\"robots\" content=\"index, follow, max-snippet:-1, max-image-preview:large, max-video-preview:-1\" \/>\n<link rel=\"canonical\" href=\"https:\/\/tresdedos3d2.ovh\/pt-pt\/canal-de-denuncia\/\" \/>\n<meta property=\"og:locale\" content=\"pt_PT\" \/>\n<meta property=\"og:type\" content=\"article\" \/>\n<meta property=\"og:title\" content=\"Canal de den\u00fancia - Kider Store Solutions\" \/>\n<meta property=\"og:description\" content=\"Canal de den\u00fancia A KIDER STORE SOLUTIONS, S.L. disp\u00f5e na sua p\u00e1gina web(www.kider.com\/canal-de-denuncias) deste Canal Interno de Den\u00fancias que permite comunicar condutas irregulares na empresa.Este canal est\u00e1 \u00e0 disposi\u00e7\u00e3o de todos os grupos de interesse: empregados, pessoas relacionadas com a empresa, clientes, fornecedores, etc.Na parte inferior desta p\u00e1gina existe um formul\u00e1rio para recolher as den\u00fancias [&hellip;]\" \/>\n<meta property=\"og:url\" content=\"https:\/\/tresdedos3d2.ovh\/pt-pt\/canal-de-denuncia\/\" \/>\n<meta property=\"og:site_name\" content=\"Kider Store Solutions\" \/>\n<meta property=\"article:modified_time\" content=\"2026-04-02T08:51:45+00:00\" \/>\n<meta property=\"og:image\" content=\"https:\/\/tresdedos3d2.ovh\/wp-content\/uploads\/2026\/02\/equipo-kider.jpg\" \/>\n\t<meta property=\"og:image:width\" content=\"1200\" \/>\n\t<meta property=\"og:image:height\" content=\"1200\" \/>\n\t<meta property=\"og:image:type\" content=\"image\/jpeg\" \/>\n<meta name=\"twitter:card\" content=\"summary_large_image\" \/>\n<meta name=\"twitter:label1\" content=\"Tempo estimado de leitura\" \/>\n\t<meta name=\"twitter:data1\" content=\"4 minutos\" \/>\n<script type=\"application\/ld+json\" class=\"yoast-schema-graph\">{\"@context\":\"https:\/\/schema.org\",\"@graph\":[{\"@type\":\"WebPage\",\"@id\":\"https:\/\/tresdedos3d2.ovh\/pt-pt\/canal-de-denuncia\/\",\"url\":\"https:\/\/tresdedos3d2.ovh\/pt-pt\/canal-de-denuncia\/\",\"name\":\"Canal de den\u00fancia - Kider Store Solutions\",\"isPartOf\":{\"@id\":\"https:\/\/tresdedos3d2.ovh\/pt-pt\/#website\"},\"primaryImageOfPage\":{\"@id\":\"https:\/\/tresdedos3d2.ovh\/pt-pt\/canal-de-denuncia\/#primaryimage\"},\"image\":{\"@id\":\"https:\/\/tresdedos3d2.ovh\/pt-pt\/canal-de-denuncia\/#primaryimage\"},\"thumbnailUrl\":\"https:\/\/tresdedos3d2.ovh\/wp-content\/uploads\/2026\/02\/equipo-kider.jpg\",\"datePublished\":\"2026-03-24T15:42:19+00:00\",\"dateModified\":\"2026-04-02T08:51:45+00:00\",\"breadcrumb\":{\"@id\":\"https:\/\/tresdedos3d2.ovh\/pt-pt\/canal-de-denuncia\/#breadcrumb\"},\"inLanguage\":\"pt-PT\",\"potentialAction\":[{\"@type\":\"ReadAction\",\"target\":[\"https:\/\/tresdedos3d2.ovh\/pt-pt\/canal-de-denuncia\/\"]}]},{\"@type\":\"ImageObject\",\"inLanguage\":\"pt-PT\",\"@id\":\"https:\/\/tresdedos3d2.ovh\/pt-pt\/canal-de-denuncia\/#primaryimage\",\"url\":\"https:\/\/tresdedos3d2.ovh\/wp-content\/uploads\/2026\/02\/equipo-kider.jpg\",\"contentUrl\":\"https:\/\/tresdedos3d2.ovh\/wp-content\/uploads\/2026\/02\/equipo-kider.jpg\"},{\"@type\":\"BreadcrumbList\",\"@id\":\"https:\/\/tresdedos3d2.ovh\/pt-pt\/canal-de-denuncia\/#breadcrumb\",\"itemListElement\":[{\"@type\":\"ListItem\",\"position\":1,\"name\":\"Portada\",\"item\":\"https:\/\/tresdedos3d2.ovh\/pt-pt\/\"},{\"@type\":\"ListItem\",\"position\":2,\"name\":\"Canal de den\u00fancia\"}]},{\"@type\":\"WebSite\",\"@id\":\"https:\/\/tresdedos3d2.ovh\/pt-pt\/#website\",\"url\":\"https:\/\/tresdedos3d2.ovh\/pt-pt\/\",\"name\":\"Kider Store Solutions\",\"description\":\"Soluciones de asesoramiento, dise\u00f1o, desarrollo, fabricaci\u00f3n y comercializaci\u00f3n para espacios comerciales\",\"publisher\":{\"@id\":\"https:\/\/tresdedos3d2.ovh\/pt-pt\/#organization\"},\"potentialAction\":[{\"@type\":\"SearchAction\",\"target\":{\"@type\":\"EntryPoint\",\"urlTemplate\":\"https:\/\/tresdedos3d2.ovh\/pt-pt\/?s={search_term_string}\"},\"query-input\":{\"@type\":\"PropertyValueSpecification\",\"valueRequired\":true,\"valueName\":\"search_term_string\"}}],\"inLanguage\":\"pt-PT\"},{\"@type\":\"Organization\",\"@id\":\"https:\/\/tresdedos3d2.ovh\/pt-pt\/#organization\",\"name\":\"Kider Store Solutions\",\"url\":\"https:\/\/tresdedos3d2.ovh\/pt-pt\/\",\"logo\":{\"@type\":\"ImageObject\",\"inLanguage\":\"pt-PT\",\"@id\":\"https:\/\/tresdedos3d2.ovh\/pt-pt\/#\/schema\/logo\/image\/\",\"url\":\"https:\/\/tresdedos3d2.ovh\/wp-content\/uploads\/2026\/01\/kider-logo.svg\",\"contentUrl\":\"https:\/\/tresdedos3d2.ovh\/wp-content\/uploads\/2026\/01\/kider-logo.svg\",\"width\":142,\"height\":56,\"caption\":\"Kider Store Solutions\"},\"image\":{\"@id\":\"https:\/\/tresdedos3d2.ovh\/pt-pt\/#\/schema\/logo\/image\/\"}}]}<\/script>\n<!-- \/ Yoast SEO plugin. -->","yoast_head_json":{"title":"Canal de den\u00fancia - Kider Store Solutions","robots":{"index":"index","follow":"follow","max-snippet":"max-snippet:-1","max-image-preview":"max-image-preview:large","max-video-preview":"max-video-preview:-1"},"canonical":"https:\/\/tresdedos3d2.ovh\/pt-pt\/canal-de-denuncia\/","og_locale":"pt_PT","og_type":"article","og_title":"Canal de den\u00fancia - Kider Store Solutions","og_description":"Canal de den\u00fancia A KIDER STORE SOLUTIONS, S.L. disp\u00f5e na sua p\u00e1gina web(www.kider.com\/canal-de-denuncias) deste Canal Interno de Den\u00fancias que permite comunicar condutas irregulares na empresa.Este canal est\u00e1 \u00e0 disposi\u00e7\u00e3o de todos os grupos de interesse: empregados, pessoas relacionadas com a empresa, clientes, fornecedores, etc.Na parte inferior desta p\u00e1gina existe um formul\u00e1rio para recolher as den\u00fancias [&hellip;]","og_url":"https:\/\/tresdedos3d2.ovh\/pt-pt\/canal-de-denuncia\/","og_site_name":"Kider Store Solutions","article_modified_time":"2026-04-02T08:51:45+00:00","og_image":[{"width":1200,"height":1200,"url":"https:\/\/tresdedos3d2.ovh\/wp-content\/uploads\/2026\/02\/equipo-kider.jpg","type":"image\/jpeg"}],"twitter_card":"summary_large_image","twitter_misc":{"Tempo estimado de leitura":"4 minutos"},"schema":{"@context":"https:\/\/schema.org","@graph":[{"@type":"WebPage","@id":"https:\/\/tresdedos3d2.ovh\/pt-pt\/canal-de-denuncia\/","url":"https:\/\/tresdedos3d2.ovh\/pt-pt\/canal-de-denuncia\/","name":"Canal de den\u00fancia - Kider Store Solutions","isPartOf":{"@id":"https:\/\/tresdedos3d2.ovh\/pt-pt\/#website"},"primaryImageOfPage":{"@id":"https:\/\/tresdedos3d2.ovh\/pt-pt\/canal-de-denuncia\/#primaryimage"},"image":{"@id":"https:\/\/tresdedos3d2.ovh\/pt-pt\/canal-de-denuncia\/#primaryimage"},"thumbnailUrl":"https:\/\/tresdedos3d2.ovh\/wp-content\/uploads\/2026\/02\/equipo-kider.jpg","datePublished":"2026-03-24T15:42:19+00:00","dateModified":"2026-04-02T08:51:45+00:00","breadcrumb":{"@id":"https:\/\/tresdedos3d2.ovh\/pt-pt\/canal-de-denuncia\/#breadcrumb"},"inLanguage":"pt-PT","potentialAction":[{"@type":"ReadAction","target":["https:\/\/tresdedos3d2.ovh\/pt-pt\/canal-de-denuncia\/"]}]},{"@type":"ImageObject","inLanguage":"pt-PT","@id":"https:\/\/tresdedos3d2.ovh\/pt-pt\/canal-de-denuncia\/#primaryimage","url":"https:\/\/tresdedos3d2.ovh\/wp-content\/uploads\/2026\/02\/equipo-kider.jpg","contentUrl":"https:\/\/tresdedos3d2.ovh\/wp-content\/uploads\/2026\/02\/equipo-kider.jpg"},{"@type":"BreadcrumbList","@id":"https:\/\/tresdedos3d2.ovh\/pt-pt\/canal-de-denuncia\/#breadcrumb","itemListElement":[{"@type":"ListItem","position":1,"name":"Portada","item":"https:\/\/tresdedos3d2.ovh\/pt-pt\/"},{"@type":"ListItem","position":2,"name":"Canal de den\u00fancia"}]},{"@type":"WebSite","@id":"https:\/\/tresdedos3d2.ovh\/pt-pt\/#website","url":"https:\/\/tresdedos3d2.ovh\/pt-pt\/","name":"Kider Store Solutions","description":"Soluciones de asesoramiento, dise\u00f1o, desarrollo, fabricaci\u00f3n y comercializaci\u00f3n para espacios comerciales","publisher":{"@id":"https:\/\/tresdedos3d2.ovh\/pt-pt\/#organization"},"potentialAction":[{"@type":"SearchAction","target":{"@type":"EntryPoint","urlTemplate":"https:\/\/tresdedos3d2.ovh\/pt-pt\/?s={search_term_string}"},"query-input":{"@type":"PropertyValueSpecification","valueRequired":true,"valueName":"search_term_string"}}],"inLanguage":"pt-PT"},{"@type":"Organization","@id":"https:\/\/tresdedos3d2.ovh\/pt-pt\/#organization","name":"Kider Store Solutions","url":"https:\/\/tresdedos3d2.ovh\/pt-pt\/","logo":{"@type":"ImageObject","inLanguage":"pt-PT","@id":"https:\/\/tresdedos3d2.ovh\/pt-pt\/#\/schema\/logo\/image\/","url":"https:\/\/tresdedos3d2.ovh\/wp-content\/uploads\/2026\/01\/kider-logo.svg","contentUrl":"https:\/\/tresdedos3d2.ovh\/wp-content\/uploads\/2026\/01\/kider-logo.svg","width":142,"height":56,"caption":"Kider Store Solutions"},"image":{"@id":"https:\/\/tresdedos3d2.ovh\/pt-pt\/#\/schema\/logo\/image\/"}}]}},"_links":{"self":[{"href":"https:\/\/tresdedos3d2.ovh\/pt-pt\/wp-json\/wp\/v2\/pages\/3933","targetHints":{"allow":["GET"]}}],"collection":[{"href":"https:\/\/tresdedos3d2.ovh\/pt-pt\/wp-json\/wp\/v2\/pages"}],"about":[{"href":"https:\/\/tresdedos3d2.ovh\/pt-pt\/wp-json\/wp\/v2\/types\/page"}],"author":[{"embeddable":true,"href":"https:\/\/tresdedos3d2.ovh\/pt-pt\/wp-json\/wp\/v2\/users\/6"}],"replies":[{"embeddable":true,"href":"https:\/\/tresdedos3d2.ovh\/pt-pt\/wp-json\/wp\/v2\/comments?post=3933"}],"version-history":[{"count":1,"href":"https:\/\/tresdedos3d2.ovh\/pt-pt\/wp-json\/wp\/v2\/pages\/3933\/revisions"}],"predecessor-version":[{"id":3934,"href":"https:\/\/tresdedos3d2.ovh\/pt-pt\/wp-json\/wp\/v2\/pages\/3933\/revisions\/3934"}],"wp:attachment":[{"href":"https:\/\/tresdedos3d2.ovh\/pt-pt\/wp-json\/wp\/v2\/media?parent=3933"}],"curies":[{"name":"wp","href":"https:\/\/api.w.org\/{rel}","templated":true}]}}