{"id":3910,"date":"2026-03-24T13:17:53","date_gmt":"2026-03-24T13:17:53","guid":{"rendered":"https:\/\/tresdedos3d2.ovh\/aviso-legal\/"},"modified":"2026-04-02T08:35:53","modified_gmt":"2026-04-02T08:35:53","slug":"aviso-legal","status":"publish","type":"page","link":"https:\/\/tresdedos3d2.ovh\/pt-pt\/aviso-legal\/","title":{"rendered":"Aviso legal"},"content":{"rendered":"\t\t<div data-elementor-type=\"wp-page\" data-elementor-id=\"3910\" class=\"elementor elementor-3910 elementor-2781\" data-elementor-post-type=\"page\">\n\t\t\t\t<div class=\"elementor-element elementor-element-2e843199 e-con-full e-flex e-con e-parent\" data-id=\"2e843199\" data-element_type=\"container\" data-e-type=\"container\" data-settings=\"{&quot;background_background&quot;:&quot;classic&quot;}\">\n\t\t<div class=\"elementor-element elementor-element-ec457f9 e-con-full e-flex e-con e-child\" data-id=\"ec457f9\" data-element_type=\"container\" data-e-type=\"container\">\n\t\t<div class=\"elementor-element elementor-element-7f60f8d e-con-full e-flex e-con e-child\" data-id=\"7f60f8d\" data-element_type=\"container\" data-e-type=\"container\">\n\t\t<div class=\"elementor-element elementor-element-fbf178d e-con-full e-flex e-con e-child\" data-id=\"fbf178d\" data-element_type=\"container\" data-e-type=\"container\">\n\t\t\t\t<div class=\"elementor-element elementor-element-8db9da4 elementor-widget elementor-widget-heading\" data-id=\"8db9da4\" data-element_type=\"widget\" data-e-type=\"widget\" data-widget_type=\"heading.default\">\n\t\t\t\t<div class=\"elementor-widget-container\">\n\t\t\t\t\t<h1 class=\"elementor-heading-title elementor-size-default\">Aviso legal<\/h1>\t\t\t\t<\/div>\n\t\t\t\t<\/div>\n\t\t\t\t<\/div>\n\t\t\t\t<div class=\"elementor-element elementor-element-56baeae elementor-widget__width-initial elementor-widget elementor-widget-image\" data-id=\"56baeae\" data-element_type=\"widget\" data-e-type=\"widget\" data-widget_type=\"image.default\">\n\t\t\t\t<div class=\"elementor-widget-container\">\n\t\t\t\t\t\t\t\t\t\t\t\t\t\t\t<img fetchpriority=\"high\" decoding=\"async\" width=\"1200\" height=\"1200\" src=\"https:\/\/tresdedos3d2.ovh\/wp-content\/uploads\/2026\/02\/equipo-kider.jpg\" class=\"attachment-full size-full wp-image-2474\" alt=\"\" srcset=\"https:\/\/tresdedos3d2.ovh\/wp-content\/uploads\/2026\/02\/equipo-kider.jpg 1200w, https:\/\/tresdedos3d2.ovh\/wp-content\/uploads\/2026\/02\/equipo-kider-300x300.jpg 300w, https:\/\/tresdedos3d2.ovh\/wp-content\/uploads\/2026\/02\/equipo-kider-1024x1024.jpg 1024w, https:\/\/tresdedos3d2.ovh\/wp-content\/uploads\/2026\/02\/equipo-kider-150x150.jpg 150w, https:\/\/tresdedos3d2.ovh\/wp-content\/uploads\/2026\/02\/equipo-kider-768x768.jpg 768w, https:\/\/tresdedos3d2.ovh\/wp-content\/uploads\/2026\/02\/equipo-kider-650x650.jpg 650w\" sizes=\"(max-width: 1200px) 100vw, 1200px\" \/>\t\t\t\t\t\t\t\t\t\t\t\t\t\t\t<\/div>\n\t\t\t\t<\/div>\n\t\t\t\t<\/div>\n\t\t\t\t<\/div>\n\t\t\t\t<\/div>\n\t\t<div class=\"elementor-element elementor-element-8aca53c e-flex e-con-boxed e-con e-parent\" data-id=\"8aca53c\" data-element_type=\"container\" data-e-type=\"container\">\n\t\t\t\t\t<div class=\"e-con-inner\">\n\t\t\t\t<div class=\"elementor-element elementor-element-95cad92 elementor-widget elementor-widget-text-editor\" data-id=\"95cad92\" data-element_type=\"widget\" data-e-type=\"widget\" data-widget_type=\"text-editor.default\">\n\t\t\t\t<div class=\"elementor-widget-container\">\n\t\t\t\t\t\t\t\t\t<p>Este site \u00e9 propriedade da <strong>Kider Store Solutions,<\/strong> S.L., com CIF. B95767604, com sede social em Zabalibar, 8 &#8211; 01470 Amurrio (\u00c1lava).<\/p><p>Toda a informa\u00e7\u00e3o contida neste site, incluindo conte\u00fados, imagens, gr\u00e1ficos e o seu design, s\u00e3o propriedade da <strong>Kider Store Solutions<\/strong>, S.L. e est\u00e3o devidamente protegidos pelas leis espanholas e internacionais de propriedade intelectual e industrial.<\/p><p>As liga\u00e7\u00f5es a partir deste website para websites ou p\u00e1ginas web de terceiros s\u00e3o fornecidas apenas como uma conveni\u00eancia para o utilizador. <strong>A Kider Store Solutions<\/strong>, S.L. n\u00e3o \u00e9 respons\u00e1vel por eles ou pelo seu conte\u00fado. Este site cont\u00e9m informa\u00e7\u00f5es preparadas pela <strong>Kider Store Solutions<\/strong>, S.L. para fins informativos, e o utilizador deve ter em conta que essas informa\u00e7\u00f5es podem n\u00e3o refletir o estado recente da legisla\u00e7\u00e3o ou da jurisprud\u00eancia sobre as quest\u00f5es analisadas. <\/p><p>Os dados fornecidos nesta p\u00e1gina atrav\u00e9s de consultas ser\u00e3o tratados com a m\u00e1xima confidencialidade, sendo inclu\u00eddos nos ficheiros da <strong>Kider Store Solutions,<\/strong> S.L., para a an\u00e1lise e controlo das quest\u00f5es levantadas. O cliente autoriza a<strong> Kider Store Solutions<\/strong>, S.L. a tratar os dados fornecidos para lhe enviar publicidade e ofertas comerciais da Kider<strong> Store Solutions<\/strong>, S.L. ou de terceiros que se ajustem ao seu perfil por qualquer meio (correspond\u00eancia, telefone, e-mail, fax, correio ou qualquer outro meio telem\u00e1tico). <\/p><p>Tudo o que precede entende-se sem preju\u00edzo dos direitos de acesso, retifica\u00e7\u00e3o, cancelamento e oposi\u00e7\u00e3o previstos na legisla\u00e7\u00e3o em vigor e, em particular, na Lei Org\u00e2nica 15\/1999, de 13 de dezembro, para os quais poder\u00e1s contactar <strong>a Kider Store Solutions<\/strong>, S.L., por correio eletr\u00f3nico<a href=\"mailto:kider@kider.com\">(kider@kider.com)<\/a> ou por carta para a seguinte morada: Zabalibar, 8 &#8211; 01470 Amurrio (\u00c1lava).<\/p><p><strong>A Kider Store Solutions<\/strong>, S.L. adoptou os n\u00edveis de seguran\u00e7a legalmente exigidos para a prote\u00e7\u00e3o dos Dados Pessoais e instalou todos os meios e medidas t\u00e9cnicas ao seu alcance para evitar a perda, o uso indevido, a altera\u00e7\u00e3o, o acesso n\u00e3o autorizado e o roubo de Dados Pessoais. No entanto, o utilizador deve estar consciente de que as medidas de seguran\u00e7a na Internet n\u00e3o s\u00e3o inexpugn\u00e1veis. <\/p><p>O CANDIDATO autoriza expressamente a <strong>Kider Store Solutions<\/strong>, S.L. a utilizar o seu endere\u00e7o de correio eletr\u00f3nico para lhe enviar a Newsletter mensal, podendo revogar esse consentimento em qualquer momento, bastando para isso notificar o Departamento de Atendimento ao Cliente da Kider Store Solutions, S.L.<a href=\"mailto:kider@kider.com\">(kider@kider.com)<\/a>.<\/p><p>Este Aviso Legal pode ser modificado pela <strong>Kider Store Solutions<\/strong>, S.L. em qualquer momento e sem aviso pr\u00e9vio ao utilizador.<\/p>\t\t\t\t\t\t\t\t<\/div>\n\t\t\t\t<\/div>\n\t\t\t\t\t<\/div>\n\t\t\t\t<\/div>\n\t\t\t\t<\/div>\n\t\t","protected":false},"excerpt":{"rendered":"<p>Aviso legal Este site \u00e9 propriedade da Kider Store Solutions, S.L., com CIF. B95767604, com sede social em Zabalibar, 8 &#8211; 01470 Amurrio (\u00c1lava). Toda a informa\u00e7\u00e3o contida neste site, incluindo conte\u00fados, imagens, gr\u00e1ficos e o seu design, s\u00e3o propriedade da Kider Store Solutions, S.L. e est\u00e3o devidamente protegidos pelas leis espanholas e internacionais de [&hellip;]<\/p>\n","protected":false},"author":6,"featured_media":0,"parent":0,"menu_order":0,"comment_status":"closed","ping_status":"closed","template":"","meta":{"footnotes":""},"class_list":["post-3910","page","type-page","status-publish","hentry"],"yoast_head":"<!-- This site is optimized with the Yoast SEO plugin v27.2 - https:\/\/yoast.com\/product\/yoast-seo-wordpress\/ -->\n<title>Aviso legal - Kider Store Solutions<\/title>\n<meta name=\"robots\" content=\"index, follow, max-snippet:-1, max-image-preview:large, max-video-preview:-1\" \/>\n<link rel=\"canonical\" href=\"https:\/\/tresdedos3d2.ovh\/pt-pt\/aviso-legal\/\" \/>\n<meta property=\"og:locale\" content=\"pt_PT\" \/>\n<meta property=\"og:type\" content=\"article\" \/>\n<meta property=\"og:title\" content=\"Aviso legal - Kider Store Solutions\" \/>\n<meta property=\"og:description\" content=\"Aviso legal Este site \u00e9 propriedade da Kider Store Solutions, S.L., com CIF. B95767604, com sede social em Zabalibar, 8 &#8211; 01470 Amurrio (\u00c1lava). Toda a informa\u00e7\u00e3o contida neste site, incluindo conte\u00fados, imagens, gr\u00e1ficos e o seu design, s\u00e3o propriedade da Kider Store Solutions, S.L. e est\u00e3o devidamente protegidos pelas leis espanholas e internacionais de [&hellip;]\" \/>\n<meta property=\"og:url\" content=\"https:\/\/tresdedos3d2.ovh\/pt-pt\/aviso-legal\/\" \/>\n<meta property=\"og:site_name\" content=\"Kider Store Solutions\" \/>\n<meta property=\"article:modified_time\" content=\"2026-04-02T08:35:53+00:00\" \/>\n<meta property=\"og:image\" content=\"https:\/\/tresdedos3d2.ovh\/wp-content\/uploads\/2026\/02\/equipo-kider.jpg\" \/>\n\t<meta property=\"og:image:width\" content=\"1200\" \/>\n\t<meta property=\"og:image:height\" content=\"1200\" \/>\n\t<meta property=\"og:image:type\" content=\"image\/jpeg\" \/>\n<meta name=\"twitter:card\" content=\"summary_large_image\" \/>\n<meta name=\"twitter:label1\" content=\"Tempo estimado de leitura\" \/>\n\t<meta name=\"twitter:data1\" content=\"2 minutos\" \/>\n<script type=\"application\/ld+json\" class=\"yoast-schema-graph\">{\"@context\":\"https:\/\/schema.org\",\"@graph\":[{\"@type\":\"WebPage\",\"@id\":\"https:\/\/tresdedos3d2.ovh\/pt-pt\/aviso-legal\/\",\"url\":\"https:\/\/tresdedos3d2.ovh\/pt-pt\/aviso-legal\/\",\"name\":\"Aviso legal - Kider Store Solutions\",\"isPartOf\":{\"@id\":\"https:\/\/tresdedos3d2.ovh\/pt-pt\/#website\"},\"primaryImageOfPage\":{\"@id\":\"https:\/\/tresdedos3d2.ovh\/pt-pt\/aviso-legal\/#primaryimage\"},\"image\":{\"@id\":\"https:\/\/tresdedos3d2.ovh\/pt-pt\/aviso-legal\/#primaryimage\"},\"thumbnailUrl\":\"https:\/\/tresdedos3d2.ovh\/wp-content\/uploads\/2026\/02\/equipo-kider.jpg\",\"datePublished\":\"2026-03-24T13:17:53+00:00\",\"dateModified\":\"2026-04-02T08:35:53+00:00\",\"breadcrumb\":{\"@id\":\"https:\/\/tresdedos3d2.ovh\/pt-pt\/aviso-legal\/#breadcrumb\"},\"inLanguage\":\"pt-PT\",\"potentialAction\":[{\"@type\":\"ReadAction\",\"target\":[\"https:\/\/tresdedos3d2.ovh\/pt-pt\/aviso-legal\/\"]}]},{\"@type\":\"ImageObject\",\"inLanguage\":\"pt-PT\",\"@id\":\"https:\/\/tresdedos3d2.ovh\/pt-pt\/aviso-legal\/#primaryimage\",\"url\":\"https:\/\/tresdedos3d2.ovh\/wp-content\/uploads\/2026\/02\/equipo-kider.jpg\",\"contentUrl\":\"https:\/\/tresdedos3d2.ovh\/wp-content\/uploads\/2026\/02\/equipo-kider.jpg\"},{\"@type\":\"BreadcrumbList\",\"@id\":\"https:\/\/tresdedos3d2.ovh\/pt-pt\/aviso-legal\/#breadcrumb\",\"itemListElement\":[{\"@type\":\"ListItem\",\"position\":1,\"name\":\"Portada\",\"item\":\"https:\/\/tresdedos3d2.ovh\/pt-pt\/\"},{\"@type\":\"ListItem\",\"position\":2,\"name\":\"Aviso legal\"}]},{\"@type\":\"WebSite\",\"@id\":\"https:\/\/tresdedos3d2.ovh\/pt-pt\/#website\",\"url\":\"https:\/\/tresdedos3d2.ovh\/pt-pt\/\",\"name\":\"Kider Store Solutions\",\"description\":\"Soluciones de asesoramiento, dise\u00f1o, desarrollo, fabricaci\u00f3n y comercializaci\u00f3n para espacios comerciales\",\"publisher\":{\"@id\":\"https:\/\/tresdedos3d2.ovh\/pt-pt\/#organization\"},\"potentialAction\":[{\"@type\":\"SearchAction\",\"target\":{\"@type\":\"EntryPoint\",\"urlTemplate\":\"https:\/\/tresdedos3d2.ovh\/pt-pt\/?s={search_term_string}\"},\"query-input\":{\"@type\":\"PropertyValueSpecification\",\"valueRequired\":true,\"valueName\":\"search_term_string\"}}],\"inLanguage\":\"pt-PT\"},{\"@type\":\"Organization\",\"@id\":\"https:\/\/tresdedos3d2.ovh\/pt-pt\/#organization\",\"name\":\"Kider Store Solutions\",\"url\":\"https:\/\/tresdedos3d2.ovh\/pt-pt\/\",\"logo\":{\"@type\":\"ImageObject\",\"inLanguage\":\"pt-PT\",\"@id\":\"https:\/\/tresdedos3d2.ovh\/pt-pt\/#\/schema\/logo\/image\/\",\"url\":\"https:\/\/tresdedos3d2.ovh\/wp-content\/uploads\/2026\/01\/kider-logo.svg\",\"contentUrl\":\"https:\/\/tresdedos3d2.ovh\/wp-content\/uploads\/2026\/01\/kider-logo.svg\",\"width\":142,\"height\":56,\"caption\":\"Kider Store Solutions\"},\"image\":{\"@id\":\"https:\/\/tresdedos3d2.ovh\/pt-pt\/#\/schema\/logo\/image\/\"}}]}<\/script>\n<!-- \/ Yoast SEO plugin. -->","yoast_head_json":{"title":"Aviso legal - Kider Store Solutions","robots":{"index":"index","follow":"follow","max-snippet":"max-snippet:-1","max-image-preview":"max-image-preview:large","max-video-preview":"max-video-preview:-1"},"canonical":"https:\/\/tresdedos3d2.ovh\/pt-pt\/aviso-legal\/","og_locale":"pt_PT","og_type":"article","og_title":"Aviso legal - Kider Store Solutions","og_description":"Aviso legal Este site \u00e9 propriedade da Kider Store Solutions, S.L., com CIF. B95767604, com sede social em Zabalibar, 8 &#8211; 01470 Amurrio (\u00c1lava). Toda a informa\u00e7\u00e3o contida neste site, incluindo conte\u00fados, imagens, gr\u00e1ficos e o seu design, s\u00e3o propriedade da Kider Store Solutions, S.L. e est\u00e3o devidamente protegidos pelas leis espanholas e internacionais de [&hellip;]","og_url":"https:\/\/tresdedos3d2.ovh\/pt-pt\/aviso-legal\/","og_site_name":"Kider Store Solutions","article_modified_time":"2026-04-02T08:35:53+00:00","og_image":[{"width":1200,"height":1200,"url":"https:\/\/tresdedos3d2.ovh\/wp-content\/uploads\/2026\/02\/equipo-kider.jpg","type":"image\/jpeg"}],"twitter_card":"summary_large_image","twitter_misc":{"Tempo estimado de leitura":"2 minutos"},"schema":{"@context":"https:\/\/schema.org","@graph":[{"@type":"WebPage","@id":"https:\/\/tresdedos3d2.ovh\/pt-pt\/aviso-legal\/","url":"https:\/\/tresdedos3d2.ovh\/pt-pt\/aviso-legal\/","name":"Aviso legal - Kider Store Solutions","isPartOf":{"@id":"https:\/\/tresdedos3d2.ovh\/pt-pt\/#website"},"primaryImageOfPage":{"@id":"https:\/\/tresdedos3d2.ovh\/pt-pt\/aviso-legal\/#primaryimage"},"image":{"@id":"https:\/\/tresdedos3d2.ovh\/pt-pt\/aviso-legal\/#primaryimage"},"thumbnailUrl":"https:\/\/tresdedos3d2.ovh\/wp-content\/uploads\/2026\/02\/equipo-kider.jpg","datePublished":"2026-03-24T13:17:53+00:00","dateModified":"2026-04-02T08:35:53+00:00","breadcrumb":{"@id":"https:\/\/tresdedos3d2.ovh\/pt-pt\/aviso-legal\/#breadcrumb"},"inLanguage":"pt-PT","potentialAction":[{"@type":"ReadAction","target":["https:\/\/tresdedos3d2.ovh\/pt-pt\/aviso-legal\/"]}]},{"@type":"ImageObject","inLanguage":"pt-PT","@id":"https:\/\/tresdedos3d2.ovh\/pt-pt\/aviso-legal\/#primaryimage","url":"https:\/\/tresdedos3d2.ovh\/wp-content\/uploads\/2026\/02\/equipo-kider.jpg","contentUrl":"https:\/\/tresdedos3d2.ovh\/wp-content\/uploads\/2026\/02\/equipo-kider.jpg"},{"@type":"BreadcrumbList","@id":"https:\/\/tresdedos3d2.ovh\/pt-pt\/aviso-legal\/#breadcrumb","itemListElement":[{"@type":"ListItem","position":1,"name":"Portada","item":"https:\/\/tresdedos3d2.ovh\/pt-pt\/"},{"@type":"ListItem","position":2,"name":"Aviso legal"}]},{"@type":"WebSite","@id":"https:\/\/tresdedos3d2.ovh\/pt-pt\/#website","url":"https:\/\/tresdedos3d2.ovh\/pt-pt\/","name":"Kider Store Solutions","description":"Soluciones de asesoramiento, dise\u00f1o, desarrollo, fabricaci\u00f3n y comercializaci\u00f3n para espacios comerciales","publisher":{"@id":"https:\/\/tresdedos3d2.ovh\/pt-pt\/#organization"},"potentialAction":[{"@type":"SearchAction","target":{"@type":"EntryPoint","urlTemplate":"https:\/\/tresdedos3d2.ovh\/pt-pt\/?s={search_term_string}"},"query-input":{"@type":"PropertyValueSpecification","valueRequired":true,"valueName":"search_term_string"}}],"inLanguage":"pt-PT"},{"@type":"Organization","@id":"https:\/\/tresdedos3d2.ovh\/pt-pt\/#organization","name":"Kider Store Solutions","url":"https:\/\/tresdedos3d2.ovh\/pt-pt\/","logo":{"@type":"ImageObject","inLanguage":"pt-PT","@id":"https:\/\/tresdedos3d2.ovh\/pt-pt\/#\/schema\/logo\/image\/","url":"https:\/\/tresdedos3d2.ovh\/wp-content\/uploads\/2026\/01\/kider-logo.svg","contentUrl":"https:\/\/tresdedos3d2.ovh\/wp-content\/uploads\/2026\/01\/kider-logo.svg","width":142,"height":56,"caption":"Kider Store Solutions"},"image":{"@id":"https:\/\/tresdedos3d2.ovh\/pt-pt\/#\/schema\/logo\/image\/"}}]}},"_links":{"self":[{"href":"https:\/\/tresdedos3d2.ovh\/pt-pt\/wp-json\/wp\/v2\/pages\/3910","targetHints":{"allow":["GET"]}}],"collection":[{"href":"https:\/\/tresdedos3d2.ovh\/pt-pt\/wp-json\/wp\/v2\/pages"}],"about":[{"href":"https:\/\/tresdedos3d2.ovh\/pt-pt\/wp-json\/wp\/v2\/types\/page"}],"author":[{"embeddable":true,"href":"https:\/\/tresdedos3d2.ovh\/pt-pt\/wp-json\/wp\/v2\/users\/6"}],"replies":[{"embeddable":true,"href":"https:\/\/tresdedos3d2.ovh\/pt-pt\/wp-json\/wp\/v2\/comments?post=3910"}],"version-history":[{"count":1,"href":"https:\/\/tresdedos3d2.ovh\/pt-pt\/wp-json\/wp\/v2\/pages\/3910\/revisions"}],"predecessor-version":[{"id":3911,"href":"https:\/\/tresdedos3d2.ovh\/pt-pt\/wp-json\/wp\/v2\/pages\/3910\/revisions\/3911"}],"wp:attachment":[{"href":"https:\/\/tresdedos3d2.ovh\/pt-pt\/wp-json\/wp\/v2\/media?parent=3910"}],"curies":[{"name":"wp","href":"https:\/\/api.w.org\/{rel}","templated":true}]}}