{"id":3931,"date":"2026-03-24T15:42:19","date_gmt":"2026-03-24T15:42:19","guid":{"rendered":"https:\/\/tresdedos3d2.ovh\/canale-di-segnalazione\/"},"modified":"2026-04-02T08:51:45","modified_gmt":"2026-04-02T08:51:45","slug":"canale-di-segnalazione","status":"publish","type":"page","link":"https:\/\/tresdedos3d2.ovh\/it\/canale-di-segnalazione\/","title":{"rendered":"Canale di segnalazione"},"content":{"rendered":"\t\t<div data-elementor-type=\"wp-page\" data-elementor-id=\"3931\" class=\"elementor elementor-3931 elementor-2829\" data-elementor-post-type=\"page\">\n\t\t\t\t<div class=\"elementor-element elementor-element-2e843199 e-con-full e-flex e-con e-parent\" data-id=\"2e843199\" data-element_type=\"container\" data-e-type=\"container\" data-settings=\"{&quot;background_background&quot;:&quot;classic&quot;}\">\n\t\t<div class=\"elementor-element elementor-element-ec457f9 e-con-full e-flex e-con e-child\" data-id=\"ec457f9\" data-element_type=\"container\" data-e-type=\"container\">\n\t\t<div class=\"elementor-element elementor-element-7f60f8d e-con-full e-flex e-con e-child\" data-id=\"7f60f8d\" data-element_type=\"container\" data-e-type=\"container\">\n\t\t<div class=\"elementor-element elementor-element-fbf178d e-con-full e-flex e-con e-child\" data-id=\"fbf178d\" data-element_type=\"container\" data-e-type=\"container\">\n\t\t\t\t<div class=\"elementor-element elementor-element-8db9da4 elementor-widget elementor-widget-heading\" data-id=\"8db9da4\" data-element_type=\"widget\" data-e-type=\"widget\" data-widget_type=\"heading.default\">\n\t\t\t\t<div class=\"elementor-widget-container\">\n\t\t\t\t\t<h1 class=\"elementor-heading-title elementor-size-default\">Canale di segnalazione<\/h1>\t\t\t\t<\/div>\n\t\t\t\t<\/div>\n\t\t\t\t<\/div>\n\t\t\t\t<div class=\"elementor-element elementor-element-56baeae elementor-widget__width-initial elementor-widget elementor-widget-image\" data-id=\"56baeae\" data-element_type=\"widget\" data-e-type=\"widget\" data-widget_type=\"image.default\">\n\t\t\t\t<div class=\"elementor-widget-container\">\n\t\t\t\t\t\t\t\t\t\t\t\t\t\t\t<img fetchpriority=\"high\" decoding=\"async\" width=\"1200\" height=\"1200\" src=\"https:\/\/tresdedos3d2.ovh\/wp-content\/uploads\/2026\/02\/equipo-kider.jpg\" class=\"attachment-full size-full wp-image-2443\" alt=\"\" srcset=\"https:\/\/tresdedos3d2.ovh\/wp-content\/uploads\/2026\/02\/equipo-kider.jpg 1200w, https:\/\/tresdedos3d2.ovh\/wp-content\/uploads\/2026\/02\/equipo-kider-300x300.jpg 300w, https:\/\/tresdedos3d2.ovh\/wp-content\/uploads\/2026\/02\/equipo-kider-1024x1024.jpg 1024w, https:\/\/tresdedos3d2.ovh\/wp-content\/uploads\/2026\/02\/equipo-kider-150x150.jpg 150w, https:\/\/tresdedos3d2.ovh\/wp-content\/uploads\/2026\/02\/equipo-kider-768x768.jpg 768w, https:\/\/tresdedos3d2.ovh\/wp-content\/uploads\/2026\/02\/equipo-kider-650x650.jpg 650w\" sizes=\"(max-width: 1200px) 100vw, 1200px\" \/>\t\t\t\t\t\t\t\t\t\t\t\t\t\t\t<\/div>\n\t\t\t\t<\/div>\n\t\t\t\t<\/div>\n\t\t\t\t<\/div>\n\t\t\t\t<\/div>\n\t\t<div class=\"elementor-element elementor-element-8aca53c e-flex e-con-boxed e-con e-parent\" data-id=\"8aca53c\" data-element_type=\"container\" data-e-type=\"container\">\n\t\t\t\t\t<div class=\"e-con-inner\">\n\t\t\t\t<div class=\"elementor-element elementor-element-95cad92 elementor-widget elementor-widget-text-editor\" data-id=\"95cad92\" data-element_type=\"widget\" data-e-type=\"widget\" data-widget_type=\"text-editor.default\">\n\t\t\t\t<div class=\"elementor-widget-container\">\n\t\t\t\t\t\t\t\t\t<p>KIDER STORE SOLUTIONS, S.L. dispone di un canale di denuncia interna sul proprio sito web<a href=\"https:\/\/www.kider.com\/canal-de-denuncias\/\">(www.kider.com\/canal-de-denuncias)<\/a> che consente di segnalare comportamenti irregolari all&#8217;interno dell&#8217;azienda.<br>Questo canale \u00e8 a disposizione di tutti i soggetti interessati: dipendenti, persone legate all&#8217;azienda, clienti, fornitori, ecc.<br>In fondo a questa pagina \u00e8 presente un modulo per raccogliere i reclami che si desidera effettuare.<br>La comunicazione pu\u00f2 essere fatta in modo riservato o anonimo. Tuttavia, per poter effettuare un follow-up adeguato, verranno richieste informazioni per poter contattare la persona che ha effettuato la segnalazione e sar\u00e0 sua decisione fornirle o renderla anonima. <\/p><p><strong>SCOPE<\/strong><br>Il Canale Whistleblowing \u00e8 finalizzato esclusivamente alla raccolta di reclami relativi a comportamenti irregolari di KIDER STORE SOLUTIONS, S.L.. L&#8217;invio di un reclamo implica l&#8217;espressione dello stato illegale, irregolare o sconveniente di qualsiasi azione svolta in KIDER STORE SOLUTIONS, S.L.<br>Questo canale NON \u00e8 finalizzato alla raccolta di reclami relativi a comportamenti irregolari di altre entit\u00e0 o nell&#8217;ambito dell&#8217;attivit\u00e0 di altre entit\u00e0, siano esse aziende, organizzazioni senza scopo di lucro o qualsiasi altro tipo di organizzazione, indipendentemente dal loro rapporto con KIDER STORE SOLUTIONS, S.L.. Se del caso, tali reclami dovranno essere indirizzati ai canali di reclamo delle entit\u00e0 corrispondenti.<br>non ha inoltre lo scopo di raccogliere suggerimenti, commenti o domande sull&#8217;attivit\u00e0 della societ\u00e0 KIDER STORE SOLUTIONS, S.L.. In questo caso puoi utilizzare il modulo di contatto.   <\/p><p><strong>PROCEDURA<\/strong><br>Tutti i reclami ricevuti saranno analizzati ed elaborati dal responsabile del Canale Reclami di KIDER STORE SOLUTIONS, S.L., entro 3 mesi (6 mesi per i casi complessi).<br>I fatti segnalati saranno indagati in modo confidenziale e rispettoso, raccogliendo le informazioni aggiuntive necessarie.<br>Saranno adottate le misure necessarie per correggere il motivo del reclamo.<br>Se necessario, saranno adottate misure disciplinari.<br>Non ci saranno ritorsioni nei confronti di nessun informatore o di nessun&#8217;altra persona che collabora, anche nel caso in cui il reclamo non abbia esito positivo, purch\u00e9 non abbia agito in mala fede.<\/p><p>Il reclamante sar\u00e0 informato se il reclamo non \u00e8 anonimo.<\/p><p><strong>PROTEZIONE DEI DATI<\/strong><br>KIDER STORE SOLUTIONS, S.L. informa gli utenti del Sito che KIDER STORE SOLUTIONS, S.L. rispetta la legislazione vigente in materia di protezione dei dati, nonch\u00e9 i relativi regolamenti attuativi, adottando le misure tecniche e organizzative necessarie per prevenire la perdita, l&#8217;abuso, l&#8217;alterazione, l&#8217;accesso non autorizzato e il furto dei dati personali forniti, se del caso, attraverso il Sito, tenendo conto dello stato della tecnologia, della natura dei dati e dei rischi a cui sono esposti.<\/p><p>Nel caso in cui, nell&#8217;utilizzo dei servizi forniti da KIDER STORE SOLUTIONS, S.L. su questo Sito, gli utenti debbano inserire dati personali, KIDER STORE SOLUTIONS, S.L. &#8211; in conformit\u00e0 con la normativa vigente &#8211; informer\u00e0 pienamente gli utenti dei loro diritti e otterr\u00e0 il loro consenso espresso e inequivocabile al trattamento dei loro dati personali.<\/p><p>In conformit\u00e0 con la normativa vigente in materia di protezione dei dati personali, ti informiamo che i dati personali che invierai mediante comunicazioni attraverso il sito web www.kider.com saranno inseriti e trattati negli archivi di propriet\u00e0 di Kider Store Solutions S.L., (C.I.F. B95767604), con sede legale in Zabalibar 8 ad Amurrio, 01470 \u00c1lava, e iscritta nel registro delle imprese di \u00c1lava, Volume 1569, libro 0, foglio 192, Pagina numero VI-17233, Iscrizione 5.<\/p><p>L&#8217;utente garantisce che i dati personali forniti a Kider Store Solutions, S.L. sono veritieri e corretti, essendo responsabile di comunicare qualsiasi modifica degli stessi. Kider Store Solutions, S.L. garantisce la sicurezza e la riservatezza delle informazioni fornite. Tali informazioni saranno utilizzate per facilitare l&#8217;elaborazione delle richieste e dei contatti, nonch\u00e9 per inviare offerte commerciali su prodotti e servizi che potrebbero essere di tuo interesse.  <\/p><p>I dati personali saranno trattati al fine di gestire, amministrare e fornire i servizi che Kider Store Solutions, S.L. offre agli interessati.<\/p><p>Puoi inviare le tue comunicazioni ed esercitare i tuoi diritti di accesso, rettifica, cancellazione e opposizione inviando una comunicazione debitamente accreditata all&#8217;indirizzo Zabalibar 8, Amurrio, 01470 (\u00c1lava).<\/p>\t\t\t\t\t\t\t\t<\/div>\n\t\t\t\t<\/div>\n\t\t\t\t\t<\/div>\n\t\t\t\t<\/div>\n\t\t<div class=\"elementor-element elementor-element-ddc4d24 e-con-full e-flex e-con e-parent\" data-id=\"ddc4d24\" data-element_type=\"container\" data-e-type=\"container\">\n\t\t\t\t<div class=\"elementor-element elementor-element-fd81ba2 elementor-widget elementor-widget-template\" data-id=\"fd81ba2\" data-element_type=\"widget\" data-e-type=\"widget\" data-widget_type=\"template.default\">\n\t\t\t\t<div class=\"elementor-widget-container\">\n\t\t\t\t\t\t\t<div class=\"elementor-template\">\n\t\t\t\t\t<div data-elementor-type=\"section\" data-elementor-id=\"3924\" class=\"elementor elementor-3924 elementor-3912 elementor-3912\" data-elementor-post-type=\"elementor_library\">\n\t\t\t<div class=\"elementor-element elementor-element-3a83e08 e-flex e-con-boxed e-con e-parent\" data-id=\"3a83e08\" data-element_type=\"container\" data-e-type=\"container\" data-settings=\"{&quot;background_background&quot;:&quot;classic&quot;}\">\n\t\t\t\t\t<div class=\"e-con-inner\">\n\t\t\t\t<div class=\"elementor-element elementor-element-990cbc2 elementor-invisible elementor-widget elementor-widget-qi_addons_for_elementor_animated_text\" data-id=\"990cbc2\" data-element_type=\"widget\" data-e-type=\"widget\" data-settings=\"{&quot;_animation&quot;:&quot;fadeInUp&quot;}\" data-widget_type=\"qi_addons_for_elementor_animated_text.default\">\n\t\t\t\t<div class=\"elementor-widget-container\">\n\t\t\t\t\t<div class=\"qodef-shortcode qodef-m qodef-qi-animated-text qodef--animated-by-word qodef--alignment-left qodef-qi--has-appear qodef--appear-from-bottom\" >\n\t\t<h2 class=\"qodef-m-title\">\n\t\t<span class=\"qodef-e-word\">Modulo<\/span> <span class=\"qodef-e-word\">di<\/span> <span class=\"qodef-e-word\">reclamo<\/span>\t<\/h2>\n<\/div>\n\t\t\t\t<\/div>\n\t\t\t\t<\/div>\n\t\t\t\t<div class=\"elementor-element elementor-element-a61f4a9 elementor-button-align-start elementor-widget elementor-widget-form\" data-id=\"a61f4a9\" data-element_type=\"widget\" data-e-type=\"widget\" data-settings=\"{&quot;step_next_label&quot;:&quot;Seguente&quot;,&quot;step_previous_label&quot;:&quot;Ex&quot;,&quot;button_width&quot;:&quot;100&quot;,&quot;step_type&quot;:&quot;number_text&quot;,&quot;step_icon_shape&quot;:&quot;circle&quot;}\" data-widget_type=\"form.default\">\n\t\t\t\t<div class=\"elementor-widget-container\">\n\t\t\t\t\t\t\t<form class=\"elementor-form\" method=\"post\" name=\"Nuovo modulo\" aria-label=\"Nuovo modulo\">\n\t\t\t<input type=\"hidden\" name=\"post_id\" value=\"3924\"\/>\n\t\t\t<input type=\"hidden\" name=\"form_id\" value=\"a61f4a9\"\/>\n\t\t\t<input type=\"hidden\" name=\"referer_title\" value=\"Kider Store Solutions\" \/>\n\n\t\t\t\n\t\t\t<div class=\"elementor-form-fields-wrapper elementor-labels-above\">\n\t\t\t\t\t\t\t\t<div class=\"elementor-field-type-text elementor-field-group elementor-column elementor-field-group-name elementor-col-50\">\n\t\t\t\t\t\t\t\t\t\t\t\t<label for=\"form-field-name\" class=\"elementor-field-label\">\n\t\t\t\t\t\t\t\tNome\t\t\t\t\t\t\t<\/label>\n\t\t\t\t\t\t\t\t\t\t\t\t\t\t<input size=\"1\" type=\"text\" name=\"form_fields[name]\" id=\"form-field-name\" class=\"elementor-field elementor-size-lg  elementor-field-textual\">\n\t\t\t\t\t\t\t\t\t\t\t<\/div>\n\t\t\t\t\t\t\t\t<div class=\"elementor-field-type-email elementor-field-group elementor-column elementor-field-group-email elementor-col-50\">\n\t\t\t\t\t\t\t\t\t\t\t\t<label for=\"form-field-email\" class=\"elementor-field-label\">\n\t\t\t\t\t\t\t\tE-mail\t\t\t\t\t\t\t<\/label>\n\t\t\t\t\t\t\t\t\t\t\t\t\t\t<input size=\"1\" type=\"email\" name=\"form_fields[email]\" id=\"form-field-email\" class=\"elementor-field elementor-size-lg  elementor-field-textual\">\n\t\t\t\t\t\t\t\t\t\t\t<\/div>\n\t\t\t\t\t\t\t\t<div class=\"elementor-field-type-textarea elementor-field-group elementor-column elementor-field-group-message elementor-col-100 elementor-field-required elementor-mark-required\">\n\t\t\t\t\t\t\t\t\t\t\t\t<label for=\"form-field-message\" class=\"elementor-field-label\">\n\t\t\t\t\t\t\t\tReclamo\t\t\t\t\t\t\t<\/label>\n\t\t\t\t\t\t<textarea class=\"elementor-field-textual elementor-field  elementor-size-lg\" name=\"form_fields[message]\" id=\"form-field-message\" rows=\"4\" required=\"required\"><\/textarea>\t\t\t\t<\/div>\n\t\t\t\t\t\t\t\t<div class=\"elementor-field-type-acceptance elementor-field-group elementor-column elementor-field-group-field_98b3f8c elementor-col-100 elementor-field-required elementor-mark-required\">\n\t\t\t\t\t\t\t<div class=\"elementor-field-subgroup\">\n\t\t\t<span class=\"elementor-field-option\">\n\t\t\t\t<input type=\"checkbox\" name=\"form_fields[field_98b3f8c]\" id=\"form-field-field_98b3f8c\" class=\"elementor-field elementor-size-lg  elementor-acceptance-field\" required=\"required\">\n\t\t\t\t<label for=\"form-field-field_98b3f8c\">Ho letto e accetto l'<a href=\"https:\/\/tresdedos3d2.ovh\/politica-privacidad\/\" style=\"color: #BBB\">Informativa sulla Privacy<\/a><\/label>\t\t\t<\/span>\n\t\t<\/div>\n\t\t\t\t\t\t<\/div>\n\t\t\t\t\t\t\t\t<div class=\"elementor-field-group elementor-column elementor-field-type-submit elementor-col-100 e-form__buttons\">\n\t\t\t\t\t<button class=\"elementor-button elementor-size-sm\" type=\"submit\">\n\t\t\t\t\t\t<span class=\"elementor-button-content-wrapper\">\n\t\t\t\t\t\t\t\t\t\t\t\t\t\t\t<span class=\"elementor-button-icon\">\n\t\t\t\t\t\t\t\t\t<i aria-hidden=\"true\" class=\"icon icon-arrow-right\"><\/i>\t\t\t\t\t\t\t\t\t\t\t\t\t\t\t\t\t<\/span>\n\t\t\t\t\t\t\t\t\t\t\t\t\t\t\t\t\t\t\t\t\t\t<span class=\"elementor-button-text\">Inviare<\/span>\n\t\t\t\t\t\t\t\t\t\t\t\t\t<\/span>\n\t\t\t\t\t<\/button>\n\t\t\t\t<\/div>\n\t\t\t<\/div>\n\t\t<\/form>\n\t\t\t\t\t\t<\/div>\n\t\t\t\t<\/div>\n\t\t\t\t\t<\/div>\n\t\t\t\t<\/div>\n\t\t\t\t<\/div>\n\t\t\t\t<\/div>\n\t\t\t\t\t\t<\/div>\n\t\t\t\t<\/div>\n\t\t\t\t<\/div>\n\t\t<div class=\"elementor-element elementor-element-4a5509e e-flex e-con-boxed e-con e-parent\" data-id=\"4a5509e\" data-element_type=\"container\" data-e-type=\"container\">\n\t\t\t\t\t<div class=\"e-con-inner\">\n\t\t\t\t<div class=\"elementor-element elementor-element-ffb4bc9 elementor-widget elementor-widget-text-editor\" data-id=\"ffb4bc9\" data-element_type=\"widget\" data-e-type=\"widget\" data-widget_type=\"text-editor.default\">\n\t\t\t\t<div class=\"elementor-widget-container\">\n\t\t\t\t\t\t\t\t\t<p><strong>FILES e MAIL REPORT allegati<br><\/strong>denuncia@kider.com<\/p><p><strong>DENUNCIA PER POSTA<\/strong><br>Kider Store Solutions, S.L.<br>(Canale Reclami)<br>Zabalibar, 8<br>01470 Amurrio (\u00c1lava)<\/p>\t\t\t\t\t\t\t\t<\/div>\n\t\t\t\t<\/div>\n\t\t\t\t\t<\/div>\n\t\t\t\t<\/div>\n\t\t\t\t<\/div>\n\t\t","protected":false},"excerpt":{"rendered":"<p>Canale di segnalazione KIDER STORE SOLUTIONS, S.L. dispone di un canale di denuncia interna sul proprio sito web(www.kider.com\/canal-de-denuncias) che consente di segnalare comportamenti irregolari all&#8217;interno dell&#8217;azienda.Questo canale \u00e8 a disposizione di tutti i soggetti interessati: dipendenti, persone legate all&#8217;azienda, clienti, fornitori, ecc.In fondo a questa pagina \u00e8 presente un modulo per raccogliere i reclami che [&hellip;]<\/p>\n","protected":false},"author":6,"featured_media":0,"parent":0,"menu_order":0,"comment_status":"closed","ping_status":"closed","template":"","meta":{"footnotes":""},"class_list":["post-3931","page","type-page","status-publish","hentry"],"yoast_head":"<!-- This site is optimized with the Yoast SEO plugin v27.2 - https:\/\/yoast.com\/product\/yoast-seo-wordpress\/ -->\n<title>Canale di segnalazione - Kider Store Solutions<\/title>\n<meta name=\"robots\" content=\"index, follow, max-snippet:-1, max-image-preview:large, max-video-preview:-1\" \/>\n<link rel=\"canonical\" href=\"https:\/\/tresdedos3d2.ovh\/it\/canale-di-segnalazione\/\" \/>\n<meta property=\"og:locale\" content=\"it_IT\" \/>\n<meta property=\"og:type\" content=\"article\" \/>\n<meta property=\"og:title\" content=\"Canale di segnalazione - Kider Store Solutions\" \/>\n<meta property=\"og:description\" content=\"Canale di segnalazione KIDER STORE SOLUTIONS, S.L. dispone di un canale di denuncia interna sul proprio sito web(www.kider.com\/canal-de-denuncias) che consente di segnalare comportamenti irregolari all&#8217;interno dell&#8217;azienda.Questo canale \u00e8 a disposizione di tutti i soggetti interessati: dipendenti, persone legate all&#8217;azienda, clienti, fornitori, ecc.In fondo a questa pagina \u00e8 presente un modulo per raccogliere i reclami che [&hellip;]\" \/>\n<meta property=\"og:url\" content=\"https:\/\/tresdedos3d2.ovh\/it\/canale-di-segnalazione\/\" \/>\n<meta property=\"og:site_name\" content=\"Kider Store Solutions\" \/>\n<meta property=\"article:modified_time\" content=\"2026-04-02T08:51:45+00:00\" \/>\n<meta property=\"og:image\" content=\"https:\/\/tresdedos3d2.ovh\/wp-content\/uploads\/2026\/02\/equipo-kider.jpg\" \/>\n\t<meta property=\"og:image:width\" content=\"1200\" \/>\n\t<meta property=\"og:image:height\" content=\"1200\" \/>\n\t<meta property=\"og:image:type\" content=\"image\/jpeg\" \/>\n<meta name=\"twitter:card\" content=\"summary_large_image\" \/>\n<meta name=\"twitter:label1\" content=\"Tempo di lettura stimato\" \/>\n\t<meta name=\"twitter:data1\" content=\"3 minuti\" \/>\n<script type=\"application\/ld+json\" class=\"yoast-schema-graph\">{\"@context\":\"https:\/\/schema.org\",\"@graph\":[{\"@type\":\"WebPage\",\"@id\":\"https:\/\/tresdedos3d2.ovh\/it\/canale-di-segnalazione\/\",\"url\":\"https:\/\/tresdedos3d2.ovh\/it\/canale-di-segnalazione\/\",\"name\":\"Canale di segnalazione - Kider Store Solutions\",\"isPartOf\":{\"@id\":\"https:\/\/tresdedos3d2.ovh\/it\/#website\"},\"primaryImageOfPage\":{\"@id\":\"https:\/\/tresdedos3d2.ovh\/it\/canale-di-segnalazione\/#primaryimage\"},\"image\":{\"@id\":\"https:\/\/tresdedos3d2.ovh\/it\/canale-di-segnalazione\/#primaryimage\"},\"thumbnailUrl\":\"https:\/\/tresdedos3d2.ovh\/wp-content\/uploads\/2026\/02\/equipo-kider.jpg\",\"datePublished\":\"2026-03-24T15:42:19+00:00\",\"dateModified\":\"2026-04-02T08:51:45+00:00\",\"breadcrumb\":{\"@id\":\"https:\/\/tresdedos3d2.ovh\/it\/canale-di-segnalazione\/#breadcrumb\"},\"inLanguage\":\"it-IT\",\"potentialAction\":[{\"@type\":\"ReadAction\",\"target\":[\"https:\/\/tresdedos3d2.ovh\/it\/canale-di-segnalazione\/\"]}]},{\"@type\":\"ImageObject\",\"inLanguage\":\"it-IT\",\"@id\":\"https:\/\/tresdedos3d2.ovh\/it\/canale-di-segnalazione\/#primaryimage\",\"url\":\"https:\/\/tresdedos3d2.ovh\/wp-content\/uploads\/2026\/02\/equipo-kider.jpg\",\"contentUrl\":\"https:\/\/tresdedos3d2.ovh\/wp-content\/uploads\/2026\/02\/equipo-kider.jpg\"},{\"@type\":\"BreadcrumbList\",\"@id\":\"https:\/\/tresdedos3d2.ovh\/it\/canale-di-segnalazione\/#breadcrumb\",\"itemListElement\":[{\"@type\":\"ListItem\",\"position\":1,\"name\":\"Portada\",\"item\":\"https:\/\/tresdedos3d2.ovh\/it\/\"},{\"@type\":\"ListItem\",\"position\":2,\"name\":\"Canale di segnalazione\"}]},{\"@type\":\"WebSite\",\"@id\":\"https:\/\/tresdedos3d2.ovh\/it\/#website\",\"url\":\"https:\/\/tresdedos3d2.ovh\/it\/\",\"name\":\"Kider Store Solutions\",\"description\":\"Soluciones de asesoramiento, dise\u00f1o, desarrollo, fabricaci\u00f3n y comercializaci\u00f3n para espacios comerciales\",\"publisher\":{\"@id\":\"https:\/\/tresdedos3d2.ovh\/it\/#organization\"},\"potentialAction\":[{\"@type\":\"SearchAction\",\"target\":{\"@type\":\"EntryPoint\",\"urlTemplate\":\"https:\/\/tresdedos3d2.ovh\/it\/?s={search_term_string}\"},\"query-input\":{\"@type\":\"PropertyValueSpecification\",\"valueRequired\":true,\"valueName\":\"search_term_string\"}}],\"inLanguage\":\"it-IT\"},{\"@type\":\"Organization\",\"@id\":\"https:\/\/tresdedos3d2.ovh\/it\/#organization\",\"name\":\"Kider Store Solutions\",\"url\":\"https:\/\/tresdedos3d2.ovh\/it\/\",\"logo\":{\"@type\":\"ImageObject\",\"inLanguage\":\"it-IT\",\"@id\":\"https:\/\/tresdedos3d2.ovh\/it\/#\/schema\/logo\/image\/\",\"url\":\"https:\/\/tresdedos3d2.ovh\/wp-content\/uploads\/2026\/01\/kider-logo.svg\",\"contentUrl\":\"https:\/\/tresdedos3d2.ovh\/wp-content\/uploads\/2026\/01\/kider-logo.svg\",\"width\":142,\"height\":56,\"caption\":\"Kider Store Solutions\"},\"image\":{\"@id\":\"https:\/\/tresdedos3d2.ovh\/it\/#\/schema\/logo\/image\/\"}}]}<\/script>\n<!-- \/ Yoast SEO plugin. -->","yoast_head_json":{"title":"Canale di segnalazione - Kider Store Solutions","robots":{"index":"index","follow":"follow","max-snippet":"max-snippet:-1","max-image-preview":"max-image-preview:large","max-video-preview":"max-video-preview:-1"},"canonical":"https:\/\/tresdedos3d2.ovh\/it\/canale-di-segnalazione\/","og_locale":"it_IT","og_type":"article","og_title":"Canale di segnalazione - Kider Store Solutions","og_description":"Canale di segnalazione KIDER STORE SOLUTIONS, S.L. dispone di un canale di denuncia interna sul proprio sito web(www.kider.com\/canal-de-denuncias) che consente di segnalare comportamenti irregolari all&#8217;interno dell&#8217;azienda.Questo canale \u00e8 a disposizione di tutti i soggetti interessati: dipendenti, persone legate all&#8217;azienda, clienti, fornitori, ecc.In fondo a questa pagina \u00e8 presente un modulo per raccogliere i reclami che [&hellip;]","og_url":"https:\/\/tresdedos3d2.ovh\/it\/canale-di-segnalazione\/","og_site_name":"Kider Store Solutions","article_modified_time":"2026-04-02T08:51:45+00:00","og_image":[{"width":1200,"height":1200,"url":"https:\/\/tresdedos3d2.ovh\/wp-content\/uploads\/2026\/02\/equipo-kider.jpg","type":"image\/jpeg"}],"twitter_card":"summary_large_image","twitter_misc":{"Tempo di lettura stimato":"3 minuti"},"schema":{"@context":"https:\/\/schema.org","@graph":[{"@type":"WebPage","@id":"https:\/\/tresdedos3d2.ovh\/it\/canale-di-segnalazione\/","url":"https:\/\/tresdedos3d2.ovh\/it\/canale-di-segnalazione\/","name":"Canale di segnalazione - Kider Store Solutions","isPartOf":{"@id":"https:\/\/tresdedos3d2.ovh\/it\/#website"},"primaryImageOfPage":{"@id":"https:\/\/tresdedos3d2.ovh\/it\/canale-di-segnalazione\/#primaryimage"},"image":{"@id":"https:\/\/tresdedos3d2.ovh\/it\/canale-di-segnalazione\/#primaryimage"},"thumbnailUrl":"https:\/\/tresdedos3d2.ovh\/wp-content\/uploads\/2026\/02\/equipo-kider.jpg","datePublished":"2026-03-24T15:42:19+00:00","dateModified":"2026-04-02T08:51:45+00:00","breadcrumb":{"@id":"https:\/\/tresdedos3d2.ovh\/it\/canale-di-segnalazione\/#breadcrumb"},"inLanguage":"it-IT","potentialAction":[{"@type":"ReadAction","target":["https:\/\/tresdedos3d2.ovh\/it\/canale-di-segnalazione\/"]}]},{"@type":"ImageObject","inLanguage":"it-IT","@id":"https:\/\/tresdedos3d2.ovh\/it\/canale-di-segnalazione\/#primaryimage","url":"https:\/\/tresdedos3d2.ovh\/wp-content\/uploads\/2026\/02\/equipo-kider.jpg","contentUrl":"https:\/\/tresdedos3d2.ovh\/wp-content\/uploads\/2026\/02\/equipo-kider.jpg"},{"@type":"BreadcrumbList","@id":"https:\/\/tresdedos3d2.ovh\/it\/canale-di-segnalazione\/#breadcrumb","itemListElement":[{"@type":"ListItem","position":1,"name":"Portada","item":"https:\/\/tresdedos3d2.ovh\/it\/"},{"@type":"ListItem","position":2,"name":"Canale di segnalazione"}]},{"@type":"WebSite","@id":"https:\/\/tresdedos3d2.ovh\/it\/#website","url":"https:\/\/tresdedos3d2.ovh\/it\/","name":"Kider Store Solutions","description":"Soluciones de asesoramiento, dise\u00f1o, desarrollo, fabricaci\u00f3n y comercializaci\u00f3n para espacios comerciales","publisher":{"@id":"https:\/\/tresdedos3d2.ovh\/it\/#organization"},"potentialAction":[{"@type":"SearchAction","target":{"@type":"EntryPoint","urlTemplate":"https:\/\/tresdedos3d2.ovh\/it\/?s={search_term_string}"},"query-input":{"@type":"PropertyValueSpecification","valueRequired":true,"valueName":"search_term_string"}}],"inLanguage":"it-IT"},{"@type":"Organization","@id":"https:\/\/tresdedos3d2.ovh\/it\/#organization","name":"Kider Store Solutions","url":"https:\/\/tresdedos3d2.ovh\/it\/","logo":{"@type":"ImageObject","inLanguage":"it-IT","@id":"https:\/\/tresdedos3d2.ovh\/it\/#\/schema\/logo\/image\/","url":"https:\/\/tresdedos3d2.ovh\/wp-content\/uploads\/2026\/01\/kider-logo.svg","contentUrl":"https:\/\/tresdedos3d2.ovh\/wp-content\/uploads\/2026\/01\/kider-logo.svg","width":142,"height":56,"caption":"Kider Store Solutions"},"image":{"@id":"https:\/\/tresdedos3d2.ovh\/it\/#\/schema\/logo\/image\/"}}]}},"_links":{"self":[{"href":"https:\/\/tresdedos3d2.ovh\/it\/wp-json\/wp\/v2\/pages\/3931","targetHints":{"allow":["GET"]}}],"collection":[{"href":"https:\/\/tresdedos3d2.ovh\/it\/wp-json\/wp\/v2\/pages"}],"about":[{"href":"https:\/\/tresdedos3d2.ovh\/it\/wp-json\/wp\/v2\/types\/page"}],"author":[{"embeddable":true,"href":"https:\/\/tresdedos3d2.ovh\/it\/wp-json\/wp\/v2\/users\/6"}],"replies":[{"embeddable":true,"href":"https:\/\/tresdedos3d2.ovh\/it\/wp-json\/wp\/v2\/comments?post=3931"}],"version-history":[{"count":1,"href":"https:\/\/tresdedos3d2.ovh\/it\/wp-json\/wp\/v2\/pages\/3931\/revisions"}],"predecessor-version":[{"id":3932,"href":"https:\/\/tresdedos3d2.ovh\/it\/wp-json\/wp\/v2\/pages\/3931\/revisions\/3932"}],"wp:attachment":[{"href":"https:\/\/tresdedos3d2.ovh\/it\/wp-json\/wp\/v2\/media?parent=3931"}],"curies":[{"name":"wp","href":"https:\/\/api.w.org\/{rel}","templated":true}]}}