{"id":3906,"date":"2026-03-24T13:17:53","date_gmt":"2026-03-24T13:17:53","guid":{"rendered":"https:\/\/tresdedos3d2.ovh\/avviso-legale\/"},"modified":"2026-04-02T08:35:14","modified_gmt":"2026-04-02T08:35:14","slug":"avviso-legale","status":"publish","type":"page","link":"https:\/\/tresdedos3d2.ovh\/it\/avviso-legale\/","title":{"rendered":"Avviso legale"},"content":{"rendered":"\t\t<div data-elementor-type=\"wp-page\" data-elementor-id=\"3906\" class=\"elementor elementor-3906 elementor-2781\" data-elementor-post-type=\"page\">\n\t\t\t\t<div class=\"elementor-element elementor-element-2e843199 e-con-full e-flex e-con e-parent\" data-id=\"2e843199\" data-element_type=\"container\" data-e-type=\"container\" data-settings=\"{&quot;background_background&quot;:&quot;classic&quot;}\">\n\t\t<div class=\"elementor-element elementor-element-ec457f9 e-con-full e-flex e-con e-child\" data-id=\"ec457f9\" data-element_type=\"container\" data-e-type=\"container\">\n\t\t<div class=\"elementor-element elementor-element-7f60f8d e-con-full e-flex e-con e-child\" data-id=\"7f60f8d\" data-element_type=\"container\" data-e-type=\"container\">\n\t\t<div class=\"elementor-element elementor-element-fbf178d e-con-full e-flex e-con e-child\" data-id=\"fbf178d\" data-element_type=\"container\" data-e-type=\"container\">\n\t\t\t\t<div class=\"elementor-element elementor-element-8db9da4 elementor-widget elementor-widget-heading\" data-id=\"8db9da4\" data-element_type=\"widget\" data-e-type=\"widget\" data-widget_type=\"heading.default\">\n\t\t\t\t<div class=\"elementor-widget-container\">\n\t\t\t\t\t<h1 class=\"elementor-heading-title elementor-size-default\">Avviso legale<\/h1>\t\t\t\t<\/div>\n\t\t\t\t<\/div>\n\t\t\t\t<\/div>\n\t\t\t\t<div class=\"elementor-element elementor-element-56baeae elementor-widget__width-initial elementor-widget elementor-widget-image\" data-id=\"56baeae\" data-element_type=\"widget\" data-e-type=\"widget\" data-widget_type=\"image.default\">\n\t\t\t\t<div class=\"elementor-widget-container\">\n\t\t\t\t\t\t\t\t\t\t\t\t\t\t\t<img fetchpriority=\"high\" decoding=\"async\" width=\"1200\" height=\"1200\" src=\"https:\/\/tresdedos3d2.ovh\/wp-content\/uploads\/2026\/02\/equipo-kider.jpg\" class=\"attachment-full size-full wp-image-2443\" alt=\"\" srcset=\"https:\/\/tresdedos3d2.ovh\/wp-content\/uploads\/2026\/02\/equipo-kider.jpg 1200w, https:\/\/tresdedos3d2.ovh\/wp-content\/uploads\/2026\/02\/equipo-kider-300x300.jpg 300w, https:\/\/tresdedos3d2.ovh\/wp-content\/uploads\/2026\/02\/equipo-kider-1024x1024.jpg 1024w, https:\/\/tresdedos3d2.ovh\/wp-content\/uploads\/2026\/02\/equipo-kider-150x150.jpg 150w, https:\/\/tresdedos3d2.ovh\/wp-content\/uploads\/2026\/02\/equipo-kider-768x768.jpg 768w, https:\/\/tresdedos3d2.ovh\/wp-content\/uploads\/2026\/02\/equipo-kider-650x650.jpg 650w\" sizes=\"(max-width: 1200px) 100vw, 1200px\" \/>\t\t\t\t\t\t\t\t\t\t\t\t\t\t\t<\/div>\n\t\t\t\t<\/div>\n\t\t\t\t<\/div>\n\t\t\t\t<\/div>\n\t\t\t\t<\/div>\n\t\t<div class=\"elementor-element elementor-element-8aca53c e-flex e-con-boxed e-con e-parent\" data-id=\"8aca53c\" data-element_type=\"container\" data-e-type=\"container\">\n\t\t\t\t\t<div class=\"e-con-inner\">\n\t\t\t\t<div class=\"elementor-element elementor-element-95cad92 elementor-widget elementor-widget-text-editor\" data-id=\"95cad92\" data-element_type=\"widget\" data-e-type=\"widget\" data-widget_type=\"text-editor.default\">\n\t\t\t\t<div class=\"elementor-widget-container\">\n\t\t\t\t\t\t\t\t\t<p>Questo sito web \u00e8 di propriet\u00e0 di <strong>Kider Store Solutions,<\/strong> S.L., con CIF. B95767604, con sede legale in Zabalibar, 8 &#8211; 01470 Amurrio (\u00c1lava).<\/p><p>Tutte le informazioni contenute in questo sito web, compresi i contenuti, le immagini, la grafica e il suo design sono di propriet\u00e0 di <strong>Kider Store Solutions<\/strong>, S.L. e sono debitamente protette dalle leggi spagnole e internazionali sulla propriet\u00e0 intellettuale e industriale.<\/p><p>I collegamenti da questo sito web a siti o pagine web di terzi sono forniti esclusivamente per comodit\u00e0 dell&#8217;utente. <strong>Kider Store Solutions<\/strong>, S.L. non \u00e8 responsabile di tali siti o del loro contenuto. Questo sito web contiene informazioni preparate da <strong>Kider Store Solutions<\/strong>, S.L. a scopo informativo e l&#8217;utente deve tenere conto del fatto che tali informazioni potrebbero non riflettere lo stato legislativo o giurisprudenziale recente sulle questioni analizzate. <\/p><p>I dati forniti in questa pagina attraverso le consultazioni saranno trattati con la massima riservatezza, essendo inseriti negli archivi di <strong>Kider Store Solutions,<\/strong> S.L., per l&#8217;analisi e il controllo delle questioni sollevate. Il cliente autorizza<strong> Kider Store Solutions<\/strong>, S.L. a trattare i dati forniti al fine di inviargli offerte pubblicitarie e commerciali da parte di Kider<strong> Store Solutions<\/strong>, S.L. o di terzi che si adattino al suo profilo con qualsiasi mezzo (corrispondenza, telefono, e-mail, fax, mailing o qualsiasi altro mezzo telematico). <\/p><p>Tutto ci\u00f2 non pregiudica i diritti di accesso, rettifica, cancellazione e opposizione previsti dalla normativa vigente e in particolare dalla Legge Organica 15\/1999, del 13 dicembre, per i quali potrai rivolgerti a <strong>Kider Store Solutions<\/strong>, S.L., via e-mail<a href=\"mailto:kider@kider.com\">(kider@kider.com)<\/a> o per lettera al seguente indirizzo: Zabalibar, 8 &#8211; 01470 Amurrio (\u00c1lava).<\/p><p><strong>Kider Store Solutions<\/strong>, S.L. ha adottato i livelli di sicurezza richiesti dalla legge per la protezione dei Dati Personali e ha installato tutti i mezzi tecnici e le misure alla sua portata per evitare la perdita, l&#8217;abuso, l&#8217;alterazione, l&#8217;accesso non autorizzato e il furto dei Dati Personali. Tuttavia, l&#8217;utente deve essere consapevole che le misure di sicurezza su Internet non sono inespugnabili. <\/p><p>Il RICHIEDENTE autorizza espressamente <strong>Kider Store Solutions<\/strong>, S.L. ad utilizzare il suo indirizzo e-mail per l&#8217;invio della Newsletter mensile, potendo revocare tale consenso in qualsiasi momento con una semplice comunicazione al Servizio Clienti di Kider Store Solutions, S.L.<a href=\"mailto:kider@kider.com\">(kider@kider.com)<\/a>.<\/p><p>Il presente Avviso Legale pu\u00f2 essere modificato da <strong>Kider Store Solutions<\/strong>, S.L. in qualsiasi momento e senza preavviso all&#8217;utente.<\/p>\t\t\t\t\t\t\t\t<\/div>\n\t\t\t\t<\/div>\n\t\t\t\t\t<\/div>\n\t\t\t\t<\/div>\n\t\t\t\t<\/div>\n\t\t","protected":false},"excerpt":{"rendered":"<p>Avviso legale Questo sito web \u00e8 di propriet\u00e0 di Kider Store Solutions, S.L., con CIF. B95767604, con sede legale in Zabalibar, 8 &#8211; 01470 Amurrio (\u00c1lava). Tutte le informazioni contenute in questo sito web, compresi i contenuti, le immagini, la grafica e il suo design sono di propriet\u00e0 di Kider Store Solutions, S.L. e sono [&hellip;]<\/p>\n","protected":false},"author":6,"featured_media":0,"parent":0,"menu_order":0,"comment_status":"closed","ping_status":"closed","template":"","meta":{"footnotes":""},"class_list":["post-3906","page","type-page","status-publish","hentry"],"yoast_head":"<!-- This site is optimized with the Yoast SEO plugin v27.2 - https:\/\/yoast.com\/product\/yoast-seo-wordpress\/ -->\n<title>Avviso legale - Kider Store Solutions<\/title>\n<meta name=\"robots\" content=\"index, follow, max-snippet:-1, max-image-preview:large, max-video-preview:-1\" \/>\n<link rel=\"canonical\" href=\"https:\/\/tresdedos3d2.ovh\/it\/avviso-legale\/\" \/>\n<meta property=\"og:locale\" content=\"it_IT\" \/>\n<meta property=\"og:type\" content=\"article\" \/>\n<meta property=\"og:title\" content=\"Avviso legale - Kider Store Solutions\" \/>\n<meta property=\"og:description\" content=\"Avviso legale Questo sito web \u00e8 di propriet\u00e0 di Kider Store Solutions, S.L., con CIF. B95767604, con sede legale in Zabalibar, 8 &#8211; 01470 Amurrio (\u00c1lava). Tutte le informazioni contenute in questo sito web, compresi i contenuti, le immagini, la grafica e il suo design sono di propriet\u00e0 di Kider Store Solutions, S.L. e sono [&hellip;]\" \/>\n<meta property=\"og:url\" content=\"https:\/\/tresdedos3d2.ovh\/it\/avviso-legale\/\" \/>\n<meta property=\"og:site_name\" content=\"Kider Store Solutions\" \/>\n<meta property=\"article:modified_time\" content=\"2026-04-02T08:35:14+00:00\" \/>\n<meta property=\"og:image\" content=\"https:\/\/tresdedos3d2.ovh\/wp-content\/uploads\/2026\/02\/equipo-kider.jpg\" \/>\n\t<meta property=\"og:image:width\" content=\"1200\" \/>\n\t<meta property=\"og:image:height\" content=\"1200\" \/>\n\t<meta property=\"og:image:type\" content=\"image\/jpeg\" \/>\n<meta name=\"twitter:card\" content=\"summary_large_image\" \/>\n<meta name=\"twitter:label1\" content=\"Tempo di lettura stimato\" \/>\n\t<meta name=\"twitter:data1\" content=\"2 minuti\" \/>\n<script type=\"application\/ld+json\" class=\"yoast-schema-graph\">{\"@context\":\"https:\/\/schema.org\",\"@graph\":[{\"@type\":\"WebPage\",\"@id\":\"https:\/\/tresdedos3d2.ovh\/it\/avviso-legale\/\",\"url\":\"https:\/\/tresdedos3d2.ovh\/it\/avviso-legale\/\",\"name\":\"Avviso legale - Kider Store Solutions\",\"isPartOf\":{\"@id\":\"https:\/\/tresdedos3d2.ovh\/it\/#website\"},\"primaryImageOfPage\":{\"@id\":\"https:\/\/tresdedos3d2.ovh\/it\/avviso-legale\/#primaryimage\"},\"image\":{\"@id\":\"https:\/\/tresdedos3d2.ovh\/it\/avviso-legale\/#primaryimage\"},\"thumbnailUrl\":\"https:\/\/tresdedos3d2.ovh\/wp-content\/uploads\/2026\/02\/equipo-kider.jpg\",\"datePublished\":\"2026-03-24T13:17:53+00:00\",\"dateModified\":\"2026-04-02T08:35:14+00:00\",\"breadcrumb\":{\"@id\":\"https:\/\/tresdedos3d2.ovh\/it\/avviso-legale\/#breadcrumb\"},\"inLanguage\":\"it-IT\",\"potentialAction\":[{\"@type\":\"ReadAction\",\"target\":[\"https:\/\/tresdedos3d2.ovh\/it\/avviso-legale\/\"]}]},{\"@type\":\"ImageObject\",\"inLanguage\":\"it-IT\",\"@id\":\"https:\/\/tresdedos3d2.ovh\/it\/avviso-legale\/#primaryimage\",\"url\":\"https:\/\/tresdedos3d2.ovh\/wp-content\/uploads\/2026\/02\/equipo-kider.jpg\",\"contentUrl\":\"https:\/\/tresdedos3d2.ovh\/wp-content\/uploads\/2026\/02\/equipo-kider.jpg\"},{\"@type\":\"BreadcrumbList\",\"@id\":\"https:\/\/tresdedos3d2.ovh\/it\/avviso-legale\/#breadcrumb\",\"itemListElement\":[{\"@type\":\"ListItem\",\"position\":1,\"name\":\"Portada\",\"item\":\"https:\/\/tresdedos3d2.ovh\/it\/\"},{\"@type\":\"ListItem\",\"position\":2,\"name\":\"Avviso legale\"}]},{\"@type\":\"WebSite\",\"@id\":\"https:\/\/tresdedos3d2.ovh\/it\/#website\",\"url\":\"https:\/\/tresdedos3d2.ovh\/it\/\",\"name\":\"Kider Store Solutions\",\"description\":\"Soluciones de asesoramiento, dise\u00f1o, desarrollo, fabricaci\u00f3n y comercializaci\u00f3n para espacios comerciales\",\"publisher\":{\"@id\":\"https:\/\/tresdedos3d2.ovh\/it\/#organization\"},\"potentialAction\":[{\"@type\":\"SearchAction\",\"target\":{\"@type\":\"EntryPoint\",\"urlTemplate\":\"https:\/\/tresdedos3d2.ovh\/it\/?s={search_term_string}\"},\"query-input\":{\"@type\":\"PropertyValueSpecification\",\"valueRequired\":true,\"valueName\":\"search_term_string\"}}],\"inLanguage\":\"it-IT\"},{\"@type\":\"Organization\",\"@id\":\"https:\/\/tresdedos3d2.ovh\/it\/#organization\",\"name\":\"Kider Store Solutions\",\"url\":\"https:\/\/tresdedos3d2.ovh\/it\/\",\"logo\":{\"@type\":\"ImageObject\",\"inLanguage\":\"it-IT\",\"@id\":\"https:\/\/tresdedos3d2.ovh\/it\/#\/schema\/logo\/image\/\",\"url\":\"https:\/\/tresdedos3d2.ovh\/wp-content\/uploads\/2026\/01\/kider-logo.svg\",\"contentUrl\":\"https:\/\/tresdedos3d2.ovh\/wp-content\/uploads\/2026\/01\/kider-logo.svg\",\"width\":142,\"height\":56,\"caption\":\"Kider Store Solutions\"},\"image\":{\"@id\":\"https:\/\/tresdedos3d2.ovh\/it\/#\/schema\/logo\/image\/\"}}]}<\/script>\n<!-- \/ Yoast SEO plugin. -->","yoast_head_json":{"title":"Avviso legale - Kider Store Solutions","robots":{"index":"index","follow":"follow","max-snippet":"max-snippet:-1","max-image-preview":"max-image-preview:large","max-video-preview":"max-video-preview:-1"},"canonical":"https:\/\/tresdedos3d2.ovh\/it\/avviso-legale\/","og_locale":"it_IT","og_type":"article","og_title":"Avviso legale - Kider Store Solutions","og_description":"Avviso legale Questo sito web \u00e8 di propriet\u00e0 di Kider Store Solutions, S.L., con CIF. B95767604, con sede legale in Zabalibar, 8 &#8211; 01470 Amurrio (\u00c1lava). Tutte le informazioni contenute in questo sito web, compresi i contenuti, le immagini, la grafica e il suo design sono di propriet\u00e0 di Kider Store Solutions, S.L. e sono [&hellip;]","og_url":"https:\/\/tresdedos3d2.ovh\/it\/avviso-legale\/","og_site_name":"Kider Store Solutions","article_modified_time":"2026-04-02T08:35:14+00:00","og_image":[{"width":1200,"height":1200,"url":"https:\/\/tresdedos3d2.ovh\/wp-content\/uploads\/2026\/02\/equipo-kider.jpg","type":"image\/jpeg"}],"twitter_card":"summary_large_image","twitter_misc":{"Tempo di lettura stimato":"2 minuti"},"schema":{"@context":"https:\/\/schema.org","@graph":[{"@type":"WebPage","@id":"https:\/\/tresdedos3d2.ovh\/it\/avviso-legale\/","url":"https:\/\/tresdedos3d2.ovh\/it\/avviso-legale\/","name":"Avviso legale - Kider Store Solutions","isPartOf":{"@id":"https:\/\/tresdedos3d2.ovh\/it\/#website"},"primaryImageOfPage":{"@id":"https:\/\/tresdedos3d2.ovh\/it\/avviso-legale\/#primaryimage"},"image":{"@id":"https:\/\/tresdedos3d2.ovh\/it\/avviso-legale\/#primaryimage"},"thumbnailUrl":"https:\/\/tresdedos3d2.ovh\/wp-content\/uploads\/2026\/02\/equipo-kider.jpg","datePublished":"2026-03-24T13:17:53+00:00","dateModified":"2026-04-02T08:35:14+00:00","breadcrumb":{"@id":"https:\/\/tresdedos3d2.ovh\/it\/avviso-legale\/#breadcrumb"},"inLanguage":"it-IT","potentialAction":[{"@type":"ReadAction","target":["https:\/\/tresdedos3d2.ovh\/it\/avviso-legale\/"]}]},{"@type":"ImageObject","inLanguage":"it-IT","@id":"https:\/\/tresdedos3d2.ovh\/it\/avviso-legale\/#primaryimage","url":"https:\/\/tresdedos3d2.ovh\/wp-content\/uploads\/2026\/02\/equipo-kider.jpg","contentUrl":"https:\/\/tresdedos3d2.ovh\/wp-content\/uploads\/2026\/02\/equipo-kider.jpg"},{"@type":"BreadcrumbList","@id":"https:\/\/tresdedos3d2.ovh\/it\/avviso-legale\/#breadcrumb","itemListElement":[{"@type":"ListItem","position":1,"name":"Portada","item":"https:\/\/tresdedos3d2.ovh\/it\/"},{"@type":"ListItem","position":2,"name":"Avviso legale"}]},{"@type":"WebSite","@id":"https:\/\/tresdedos3d2.ovh\/it\/#website","url":"https:\/\/tresdedos3d2.ovh\/it\/","name":"Kider Store Solutions","description":"Soluciones de asesoramiento, dise\u00f1o, desarrollo, fabricaci\u00f3n y comercializaci\u00f3n para espacios comerciales","publisher":{"@id":"https:\/\/tresdedos3d2.ovh\/it\/#organization"},"potentialAction":[{"@type":"SearchAction","target":{"@type":"EntryPoint","urlTemplate":"https:\/\/tresdedos3d2.ovh\/it\/?s={search_term_string}"},"query-input":{"@type":"PropertyValueSpecification","valueRequired":true,"valueName":"search_term_string"}}],"inLanguage":"it-IT"},{"@type":"Organization","@id":"https:\/\/tresdedos3d2.ovh\/it\/#organization","name":"Kider Store Solutions","url":"https:\/\/tresdedos3d2.ovh\/it\/","logo":{"@type":"ImageObject","inLanguage":"it-IT","@id":"https:\/\/tresdedos3d2.ovh\/it\/#\/schema\/logo\/image\/","url":"https:\/\/tresdedos3d2.ovh\/wp-content\/uploads\/2026\/01\/kider-logo.svg","contentUrl":"https:\/\/tresdedos3d2.ovh\/wp-content\/uploads\/2026\/01\/kider-logo.svg","width":142,"height":56,"caption":"Kider Store Solutions"},"image":{"@id":"https:\/\/tresdedos3d2.ovh\/it\/#\/schema\/logo\/image\/"}}]}},"_links":{"self":[{"href":"https:\/\/tresdedos3d2.ovh\/it\/wp-json\/wp\/v2\/pages\/3906","targetHints":{"allow":["GET"]}}],"collection":[{"href":"https:\/\/tresdedos3d2.ovh\/it\/wp-json\/wp\/v2\/pages"}],"about":[{"href":"https:\/\/tresdedos3d2.ovh\/it\/wp-json\/wp\/v2\/types\/page"}],"author":[{"embeddable":true,"href":"https:\/\/tresdedos3d2.ovh\/it\/wp-json\/wp\/v2\/users\/6"}],"replies":[{"embeddable":true,"href":"https:\/\/tresdedos3d2.ovh\/it\/wp-json\/wp\/v2\/comments?post=3906"}],"version-history":[{"count":1,"href":"https:\/\/tresdedos3d2.ovh\/it\/wp-json\/wp\/v2\/pages\/3906\/revisions"}],"predecessor-version":[{"id":3907,"href":"https:\/\/tresdedos3d2.ovh\/it\/wp-json\/wp\/v2\/pages\/3906\/revisions\/3907"}],"wp:attachment":[{"href":"https:\/\/tresdedos3d2.ovh\/it\/wp-json\/wp\/v2\/media?parent=3906"}],"curies":[{"name":"wp","href":"https:\/\/api.w.org\/{rel}","templated":true}]}}