{"id":3929,"date":"2026-03-24T15:42:19","date_gmt":"2026-03-24T15:42:19","guid":{"rendered":"https:\/\/tresdedos3d2.ovh\/canal-de-denonciation\/"},"modified":"2026-04-02T08:51:45","modified_gmt":"2026-04-02T08:51:45","slug":"canal-de-denonciation","status":"publish","type":"page","link":"https:\/\/tresdedos3d2.ovh\/fr\/canal-de-denonciation\/","title":{"rendered":"Canal de d\u00e9nonciation"},"content":{"rendered":"\t\t<div data-elementor-type=\"wp-page\" data-elementor-id=\"3929\" class=\"elementor elementor-3929 elementor-2829\" data-elementor-post-type=\"page\">\n\t\t\t\t<div class=\"elementor-element elementor-element-2e843199 e-con-full e-flex e-con e-parent\" data-id=\"2e843199\" data-element_type=\"container\" data-e-type=\"container\" data-settings=\"{&quot;background_background&quot;:&quot;classic&quot;}\">\n\t\t<div class=\"elementor-element elementor-element-ec457f9 e-con-full e-flex e-con e-child\" data-id=\"ec457f9\" data-element_type=\"container\" data-e-type=\"container\">\n\t\t<div class=\"elementor-element elementor-element-7f60f8d e-con-full e-flex e-con e-child\" data-id=\"7f60f8d\" data-element_type=\"container\" data-e-type=\"container\">\n\t\t<div class=\"elementor-element elementor-element-fbf178d e-con-full e-flex e-con e-child\" data-id=\"fbf178d\" data-element_type=\"container\" data-e-type=\"container\">\n\t\t\t\t<div class=\"elementor-element elementor-element-8db9da4 elementor-widget elementor-widget-heading\" data-id=\"8db9da4\" data-element_type=\"widget\" data-e-type=\"widget\" data-widget_type=\"heading.default\">\n\t\t\t\t<div class=\"elementor-widget-container\">\n\t\t\t\t\t<h1 class=\"elementor-heading-title elementor-size-default\">Canal de d\u00e9nonciation<\/h1>\t\t\t\t<\/div>\n\t\t\t\t<\/div>\n\t\t\t\t<\/div>\n\t\t\t\t<div class=\"elementor-element elementor-element-56baeae elementor-widget__width-initial elementor-widget elementor-widget-image\" data-id=\"56baeae\" data-element_type=\"widget\" data-e-type=\"widget\" data-widget_type=\"image.default\">\n\t\t\t\t<div class=\"elementor-widget-container\">\n\t\t\t\t\t\t\t\t\t\t\t\t\t\t\t<img fetchpriority=\"high\" decoding=\"async\" width=\"1200\" height=\"1200\" src=\"https:\/\/tresdedos3d2.ovh\/wp-content\/uploads\/2026\/02\/equipo-kider.jpg\" class=\"attachment-full size-full wp-image-2385\" alt=\"\" srcset=\"https:\/\/tresdedos3d2.ovh\/wp-content\/uploads\/2026\/02\/equipo-kider.jpg 1200w, https:\/\/tresdedos3d2.ovh\/wp-content\/uploads\/2026\/02\/equipo-kider-300x300.jpg 300w, https:\/\/tresdedos3d2.ovh\/wp-content\/uploads\/2026\/02\/equipo-kider-1024x1024.jpg 1024w, https:\/\/tresdedos3d2.ovh\/wp-content\/uploads\/2026\/02\/equipo-kider-150x150.jpg 150w, https:\/\/tresdedos3d2.ovh\/wp-content\/uploads\/2026\/02\/equipo-kider-768x768.jpg 768w, https:\/\/tresdedos3d2.ovh\/wp-content\/uploads\/2026\/02\/equipo-kider-650x650.jpg 650w\" sizes=\"(max-width: 1200px) 100vw, 1200px\" \/>\t\t\t\t\t\t\t\t\t\t\t\t\t\t\t<\/div>\n\t\t\t\t<\/div>\n\t\t\t\t<\/div>\n\t\t\t\t<\/div>\n\t\t\t\t<\/div>\n\t\t<div class=\"elementor-element elementor-element-8aca53c e-flex e-con-boxed e-con e-parent\" data-id=\"8aca53c\" data-element_type=\"container\" data-e-type=\"container\">\n\t\t\t\t\t<div class=\"e-con-inner\">\n\t\t\t\t<div class=\"elementor-element elementor-element-95cad92 elementor-widget elementor-widget-text-editor\" data-id=\"95cad92\" data-element_type=\"widget\" data-e-type=\"widget\" data-widget_type=\"text-editor.default\">\n\t\t\t\t<div class=\"elementor-widget-container\">\n\t\t\t\t\t\t\t\t\t<p>KIDER STORE SOLUTIONS, S.L. dispose sur son site web<a href=\"https:\/\/www.kider.com\/canal-de-denuncias\/\">(www.kider.com\/canal-de-denuncias)<\/a> d&rsquo;un canal de d\u00e9nonciation interne qui permet de signaler des comportements irr\u00e9guliers au sein de l&rsquo;entreprise.<br>Ce canal est \u00e0 la disposition de toutes les parties prenantes : employ\u00e9s, personnes li\u00e9es \u00e0 l&rsquo;entreprise, clients, fournisseurs, etc.<br>En bas de cette page, vous trouverez un formulaire pour recueillir les plaintes que vous souhaitez formuler.<br>La communication peut \u00eatre faite de mani\u00e8re confidentielle ou anonyme. Cependant, afin de pouvoir effectuer un suivi ad\u00e9quat, des informations seront demand\u00e9es pour pouvoir contacter la personne qui a fait le rapport, et c&rsquo;est \u00e0 elle de d\u00e9cider de les fournir ou de faire le rapport de mani\u00e8re anonyme. <\/p><p><strong>CHAMP D&rsquo;APPLICATION<\/strong><br>Le canal de d\u00e9nonciation est exclusivement destin\u00e9 \u00e0 recueillir les plaintes relatives \u00e0 des conduites irr\u00e9guli\u00e8res au sein de KIDER STORE SOLUTIONS, S.L.. L&rsquo;envoi d&rsquo;une plainte implique l&rsquo;expression de l&rsquo;ill\u00e9galit\u00e9, de l&rsquo;irr\u00e9gularit\u00e9 ou de l&rsquo;inconvenance de toute action men\u00e9e au sein de KIDER STORE SOLUTIONS, S.L.<br>Ce canal n&rsquo;est PAS destin\u00e9 \u00e0 recueillir des plaintes concernant des comportements irr\u00e9guliers d&rsquo;autres entit\u00e9s ou dans le cadre de l&rsquo;activit\u00e9 d&rsquo;autres entit\u00e9s, qu&rsquo;il s&rsquo;agisse d&rsquo;entreprises, d&rsquo;organisations \u00e0 but non lucratif ou de tout autre type d&rsquo;organisation, quelle que soit leur relation avec KIDER STORE SOLUTIONS, S.L.. Le cas \u00e9ch\u00e9ant, ces plaintes doivent \u00eatre adress\u00e9es aux canaux de plainte des entit\u00e9s correspondantes.<br>n&rsquo;est pas non plus destin\u00e9 \u00e0 recueillir des suggestions, des commentaires ou des demandes concernant l&rsquo;activit\u00e9 de l&rsquo;entreprise KIDER STORE SOLUTIONS, S.L.. Dans ce cas, vous pouvez utiliser le formulaire de contact.   <\/p><p><strong>PROC\u00c9DURE<\/strong><br>Toutes les plaintes re\u00e7ues seront analys\u00e9es et trait\u00e9es par le responsable du canal des plaintes de KIDER STORE SOLUTIONS, S.L. dans un d\u00e9lai de 3 mois (6 mois pour les cas complexes), dans un d\u00e9lai de 3 mois (6 mois pour les cas complexes).<br>Les faits rapport\u00e9s feront l&rsquo;objet d&rsquo;une enqu\u00eate confidentielle et respectueuse, en recueillant les informations compl\u00e9mentaires n\u00e9cessaires.<br>Les mesures n\u00e9cessaires seront prises pour rectifier la raison de la plainte.<br>Si n\u00e9cessaire, des mesures disciplinaires seront prises.<br>Il n&rsquo;y aura pas de repr\u00e9sailles \u00e0 l&rsquo;encontre des informateurs ou de toute autre personne collaborant, m\u00eame si la plainte n&rsquo;aboutit pas, \u00e0 condition qu&rsquo;ils n&rsquo;aient pas agi de mauvaise foi.<\/p><p>Le plaignant sera inform\u00e9 si la plainte n&rsquo;est pas anonyme.<\/p><p><strong>PROTECTION DES DONN\u00c9ES<\/strong><br>KIDER STORE SOLUTIONS, S.L. informe les utilisateurs du Site que KIDER STORE SOLUTIONS, S.L. respecte la l\u00e9gislation en vigueur en mati\u00e8re de protection des donn\u00e9es, ainsi que ses r\u00e8glements d&rsquo;application, en adoptant les mesures techniques et organisationnelles n\u00e9cessaires pour \u00e9viter la perte, le mauvais usage, l&rsquo;alt\u00e9ration, l&rsquo;acc\u00e8s non autoris\u00e9 et le vol des donn\u00e9es personnelles fournies, le cas \u00e9ch\u00e9ant, par le biais du Site, en tenant compte de l&rsquo;\u00e9tat de la technologie, de la nature des donn\u00e9es et des risques auxquels elles sont expos\u00e9es.<\/p><p>Dans le cas o\u00f9, lors de l&rsquo;utilisation des services fournis par KIDER STORE SOLUTIONS, S.L. sur ce site, l&rsquo;utilisateur devrait fournir des donn\u00e9es personnelles, KIDER STORE SOLUTIONS, S.L. &#8211; conform\u00e9ment \u00e0 la l\u00e9gislation en vigueur &#8211; informera pleinement l&rsquo;utilisateur de ses droits et obtiendra son consentement expr\u00e8s et sans \u00e9quivoque pour le traitement de ses donn\u00e9es personnelles.<\/p><p>Conform\u00e9ment \u00e0 la l\u00e9gislation en vigueur en mati\u00e8re de protection des donn\u00e9es, nous vous informons que les donn\u00e9es personnelles que vous envoyez par le biais de communications sur le site www.kider.com seront incluses et trait\u00e9es dans les fichiers appartenant \u00e0 Kider Store Solutions S.L., (C.I.F. B95767604), dont le si\u00e8ge social est situ\u00e9 \u00e0 Zabalibar 8, Amurrio, 01470 \u00c1lava, et inscrit au registre du commerce d&rsquo;\u00c1lava, tome 1569, livre 0, page 192, num\u00e9ro de feuille VI-17233, entr\u00e9e 5.<\/p><p>L&rsquo;utilisateur garantit que les donn\u00e9es personnelles fournies \u00e0 Kider Store Solutions, S.L. sont v\u00e9ridiques et correctes, et qu&rsquo;il est responsable de la communication de tout changement les concernant. Kider Store Solutions, S.L. garantit la s\u00e9curit\u00e9 et la confidentialit\u00e9 des informations fournies. Ces informations seront utilis\u00e9es pour faciliter le traitement des demandes et des contacts, ainsi que pour envoyer des offres commerciales sur des produits et des services susceptibles de vous int\u00e9resser.  <\/p><p>Les donn\u00e9es personnelles seront trait\u00e9es dans le but de g\u00e9rer, administrer et fournir les services que Kider Store Solutions, S.L. offre aux parties int\u00e9ress\u00e9es.<\/p><p>Vous pouvez envoyer vos communications et exercer vos droits d&rsquo;acc\u00e8s, de rectification, d&rsquo;annulation et d&rsquo;opposition en envoyant une communication d\u00fbment accr\u00e9dit\u00e9e \u00e0 l&rsquo;adresse Zabalibar 8, Amurrio, 01470 (\u00c1lava).<\/p>\t\t\t\t\t\t\t\t<\/div>\n\t\t\t\t<\/div>\n\t\t\t\t\t<\/div>\n\t\t\t\t<\/div>\n\t\t<div class=\"elementor-element elementor-element-ddc4d24 e-con-full e-flex e-con e-parent\" data-id=\"ddc4d24\" data-element_type=\"container\" data-e-type=\"container\">\n\t\t\t\t<div class=\"elementor-element elementor-element-fd81ba2 elementor-widget elementor-widget-template\" data-id=\"fd81ba2\" data-element_type=\"widget\" data-e-type=\"widget\" data-widget_type=\"template.default\">\n\t\t\t\t<div class=\"elementor-widget-container\">\n\t\t\t\t\t\t\t<div class=\"elementor-template\">\n\t\t\t\t\t<div data-elementor-type=\"section\" data-elementor-id=\"3920\" class=\"elementor elementor-3920 elementor-3912 elementor-3912\" data-elementor-post-type=\"elementor_library\">\n\t\t\t<div class=\"elementor-element elementor-element-3a83e08 e-flex e-con-boxed e-con e-parent\" data-id=\"3a83e08\" data-element_type=\"container\" data-e-type=\"container\" data-settings=\"{&quot;background_background&quot;:&quot;classic&quot;}\">\n\t\t\t\t\t<div class=\"e-con-inner\">\n\t\t\t\t<div class=\"elementor-element elementor-element-990cbc2 elementor-invisible elementor-widget elementor-widget-qi_addons_for_elementor_animated_text\" data-id=\"990cbc2\" data-element_type=\"widget\" data-e-type=\"widget\" data-settings=\"{&quot;_animation&quot;:&quot;fadeInUp&quot;}\" data-widget_type=\"qi_addons_for_elementor_animated_text.default\">\n\t\t\t\t<div class=\"elementor-widget-container\">\n\t\t\t\t\t<div class=\"qodef-shortcode qodef-m qodef-qi-animated-text qodef--animated-by-word qodef--alignment-left qodef-qi--has-appear qodef--appear-from-bottom\" >\n\t\t<h2 class=\"qodef-m-title\">\n\t\t<span class=\"qodef-e-word\">Formulaire<\/span> <span class=\"qodef-e-word\">de<\/span> <span class=\"qodef-e-word\">plainte<\/span>\t<\/h2>\n<\/div>\n\t\t\t\t<\/div>\n\t\t\t\t<\/div>\n\t\t\t\t<div class=\"elementor-element elementor-element-a61f4a9 elementor-button-align-start elementor-widget elementor-widget-form\" data-id=\"a61f4a9\" data-element_type=\"widget\" data-e-type=\"widget\" data-settings=\"{&quot;step_next_label&quot;:&quot;Suivant&quot;,&quot;step_previous_label&quot;:&quot;Ancien&quot;,&quot;button_width&quot;:&quot;100&quot;,&quot;step_type&quot;:&quot;number_text&quot;,&quot;step_icon_shape&quot;:&quot;circle&quot;}\" data-widget_type=\"form.default\">\n\t\t\t\t<div class=\"elementor-widget-container\">\n\t\t\t\t\t\t\t<form class=\"elementor-form\" method=\"post\" name=\"Nouvelle forme\" aria-label=\"Nouvelle forme\">\n\t\t\t<input type=\"hidden\" name=\"post_id\" value=\"3920\"\/>\n\t\t\t<input type=\"hidden\" name=\"form_id\" value=\"a61f4a9\"\/>\n\t\t\t<input type=\"hidden\" name=\"referer_title\" value=\"Kider Store Solutions\" \/>\n\n\t\t\t\n\t\t\t<div class=\"elementor-form-fields-wrapper elementor-labels-above\">\n\t\t\t\t\t\t\t\t<div class=\"elementor-field-type-text elementor-field-group elementor-column elementor-field-group-name elementor-col-50\">\n\t\t\t\t\t\t\t\t\t\t\t\t<label for=\"form-field-name\" class=\"elementor-field-label\">\n\t\t\t\t\t\t\t\tNom\t\t\t\t\t\t\t<\/label>\n\t\t\t\t\t\t\t\t\t\t\t\t\t\t<input size=\"1\" type=\"text\" name=\"form_fields[name]\" id=\"form-field-name\" class=\"elementor-field elementor-size-lg  elementor-field-textual\">\n\t\t\t\t\t\t\t\t\t\t\t<\/div>\n\t\t\t\t\t\t\t\t<div class=\"elementor-field-type-email elementor-field-group elementor-column elementor-field-group-email elementor-col-50\">\n\t\t\t\t\t\t\t\t\t\t\t\t<label for=\"form-field-email\" class=\"elementor-field-label\">\n\t\t\t\t\t\t\t\tE-mail\t\t\t\t\t\t\t<\/label>\n\t\t\t\t\t\t\t\t\t\t\t\t\t\t<input size=\"1\" type=\"email\" name=\"form_fields[email]\" id=\"form-field-email\" class=\"elementor-field elementor-size-lg  elementor-field-textual\">\n\t\t\t\t\t\t\t\t\t\t\t<\/div>\n\t\t\t\t\t\t\t\t<div class=\"elementor-field-type-textarea elementor-field-group elementor-column elementor-field-group-message elementor-col-100 elementor-field-required elementor-mark-required\">\n\t\t\t\t\t\t\t\t\t\t\t\t<label for=\"form-field-message\" class=\"elementor-field-label\">\n\t\t\t\t\t\t\t\tPlainte\t\t\t\t\t\t\t<\/label>\n\t\t\t\t\t\t<textarea class=\"elementor-field-textual elementor-field  elementor-size-lg\" name=\"form_fields[message]\" id=\"form-field-message\" rows=\"4\" required=\"required\"><\/textarea>\t\t\t\t<\/div>\n\t\t\t\t\t\t\t\t<div class=\"elementor-field-type-acceptance elementor-field-group elementor-column elementor-field-group-field_98b3f8c elementor-col-100 elementor-field-required elementor-mark-required\">\n\t\t\t\t\t\t\t<div class=\"elementor-field-subgroup\">\n\t\t\t<span class=\"elementor-field-option\">\n\t\t\t\t<input type=\"checkbox\" name=\"form_fields[field_98b3f8c]\" id=\"form-field-field_98b3f8c\" class=\"elementor-field elementor-size-lg  elementor-acceptance-field\" required=\"required\">\n\t\t\t\t<label for=\"form-field-field_98b3f8c\">J'ai lu et j'accepte la <a href=\"https:\/\/tresdedos3d2.ovh\/politica-privacidad\/\" style=\"color: #BBB\">politique de confidentialit\u00e9<\/a><\/label>\t\t\t<\/span>\n\t\t<\/div>\n\t\t\t\t\t\t<\/div>\n\t\t\t\t\t\t\t\t<div class=\"elementor-field-group elementor-column elementor-field-type-submit elementor-col-100 e-form__buttons\">\n\t\t\t\t\t<button class=\"elementor-button elementor-size-sm\" type=\"submit\">\n\t\t\t\t\t\t<span class=\"elementor-button-content-wrapper\">\n\t\t\t\t\t\t\t\t\t\t\t\t\t\t\t<span class=\"elementor-button-icon\">\n\t\t\t\t\t\t\t\t\t<i aria-hidden=\"true\" class=\"icon icon-arrow-right\"><\/i>\t\t\t\t\t\t\t\t\t\t\t\t\t\t\t\t\t<\/span>\n\t\t\t\t\t\t\t\t\t\t\t\t\t\t\t\t\t\t\t\t\t\t<span class=\"elementor-button-text\">Envoyer<\/span>\n\t\t\t\t\t\t\t\t\t\t\t\t\t<\/span>\n\t\t\t\t\t<\/button>\n\t\t\t\t<\/div>\n\t\t\t<\/div>\n\t\t<\/form>\n\t\t\t\t\t\t<\/div>\n\t\t\t\t<\/div>\n\t\t\t\t\t<\/div>\n\t\t\t\t<\/div>\n\t\t\t\t<\/div>\n\t\t\t\t<\/div>\n\t\t\t\t\t\t<\/div>\n\t\t\t\t<\/div>\n\t\t\t\t<\/div>\n\t\t<div class=\"elementor-element elementor-element-4a5509e e-flex e-con-boxed e-con e-parent\" data-id=\"4a5509e\" data-element_type=\"container\" data-e-type=\"container\">\n\t\t\t\t\t<div class=\"e-con-inner\">\n\t\t\t\t<div class=\"elementor-element elementor-element-ffb4bc9 elementor-widget elementor-widget-text-editor\" data-id=\"ffb4bc9\" data-element_type=\"widget\" data-e-type=\"widget\" data-widget_type=\"text-editor.default\">\n\t\t\t\t<div class=\"elementor-widget-container\">\n\t\t\t\t\t\t\t\t\t<p><strong>Fichiers joints et rapport de courrier<br><\/strong>denuncia@kider.com<\/p><p><strong>DENONCIATION PAR COURRIER POSTAL<\/strong><br>Kider Store Solutions, S.L.<br>(canal des plaintes)<br>Zabalibar, 8<br>01470 Amurrio (\u00c1lava)<\/p>\t\t\t\t\t\t\t\t<\/div>\n\t\t\t\t<\/div>\n\t\t\t\t\t<\/div>\n\t\t\t\t<\/div>\n\t\t\t\t<\/div>\n\t\t","protected":false},"excerpt":{"rendered":"<p>Canal de d\u00e9nonciation KIDER STORE SOLUTIONS, S.L. dispose sur son site web(www.kider.com\/canal-de-denuncias) d&rsquo;un canal de d\u00e9nonciation interne qui permet de signaler des comportements irr\u00e9guliers au sein de l&rsquo;entreprise.Ce canal est \u00e0 la disposition de toutes les parties prenantes : employ\u00e9s, personnes li\u00e9es \u00e0 l&rsquo;entreprise, clients, fournisseurs, etc.En bas de cette page, vous trouverez un formulaire [&hellip;]<\/p>\n","protected":false},"author":6,"featured_media":0,"parent":0,"menu_order":0,"comment_status":"closed","ping_status":"closed","template":"","meta":{"footnotes":""},"class_list":["post-3929","page","type-page","status-publish","hentry"],"yoast_head":"<!-- This site is optimized with the Yoast SEO plugin v27.2 - https:\/\/yoast.com\/product\/yoast-seo-wordpress\/ -->\n<title>Canal de d\u00e9nonciation - Kider Store Solutions<\/title>\n<meta name=\"robots\" content=\"index, follow, max-snippet:-1, max-image-preview:large, max-video-preview:-1\" \/>\n<link rel=\"canonical\" href=\"https:\/\/tresdedos3d2.ovh\/fr\/canal-de-denonciation\/\" \/>\n<meta property=\"og:locale\" content=\"fr_FR\" \/>\n<meta property=\"og:type\" content=\"article\" \/>\n<meta property=\"og:title\" content=\"Canal de d\u00e9nonciation - Kider Store Solutions\" \/>\n<meta property=\"og:description\" content=\"Canal de d\u00e9nonciation KIDER STORE SOLUTIONS, S.L. dispose sur son site web(www.kider.com\/canal-de-denuncias) d&rsquo;un canal de d\u00e9nonciation interne qui permet de signaler des comportements irr\u00e9guliers au sein de l&rsquo;entreprise.Ce canal est \u00e0 la disposition de toutes les parties prenantes : employ\u00e9s, personnes li\u00e9es \u00e0 l&rsquo;entreprise, clients, fournisseurs, etc.En bas de cette page, vous trouverez un formulaire [&hellip;]\" \/>\n<meta property=\"og:url\" content=\"https:\/\/tresdedos3d2.ovh\/fr\/canal-de-denonciation\/\" \/>\n<meta property=\"og:site_name\" content=\"Kider Store Solutions\" \/>\n<meta property=\"article:modified_time\" content=\"2026-04-02T08:51:45+00:00\" \/>\n<meta property=\"og:image\" content=\"https:\/\/tresdedos3d2.ovh\/wp-content\/uploads\/2026\/02\/equipo-kider.jpg\" \/>\n\t<meta property=\"og:image:width\" content=\"1200\" \/>\n\t<meta property=\"og:image:height\" content=\"1200\" \/>\n\t<meta property=\"og:image:type\" content=\"image\/jpeg\" \/>\n<meta name=\"twitter:card\" content=\"summary_large_image\" \/>\n<meta name=\"twitter:label1\" content=\"Dur\u00e9e de lecture estim\u00e9e\" \/>\n\t<meta name=\"twitter:data1\" content=\"4 minutes\" \/>\n<script type=\"application\/ld+json\" class=\"yoast-schema-graph\">{\"@context\":\"https:\/\/schema.org\",\"@graph\":[{\"@type\":\"WebPage\",\"@id\":\"https:\/\/tresdedos3d2.ovh\/fr\/canal-de-denonciation\/\",\"url\":\"https:\/\/tresdedos3d2.ovh\/fr\/canal-de-denonciation\/\",\"name\":\"Canal de d\u00e9nonciation - Kider Store Solutions\",\"isPartOf\":{\"@id\":\"https:\/\/tresdedos3d2.ovh\/fr\/#website\"},\"primaryImageOfPage\":{\"@id\":\"https:\/\/tresdedos3d2.ovh\/fr\/canal-de-denonciation\/#primaryimage\"},\"image\":{\"@id\":\"https:\/\/tresdedos3d2.ovh\/fr\/canal-de-denonciation\/#primaryimage\"},\"thumbnailUrl\":\"https:\/\/tresdedos3d2.ovh\/wp-content\/uploads\/2026\/02\/equipo-kider.jpg\",\"datePublished\":\"2026-03-24T15:42:19+00:00\",\"dateModified\":\"2026-04-02T08:51:45+00:00\",\"breadcrumb\":{\"@id\":\"https:\/\/tresdedos3d2.ovh\/fr\/canal-de-denonciation\/#breadcrumb\"},\"inLanguage\":\"fr-FR\",\"potentialAction\":[{\"@type\":\"ReadAction\",\"target\":[\"https:\/\/tresdedos3d2.ovh\/fr\/canal-de-denonciation\/\"]}]},{\"@type\":\"ImageObject\",\"inLanguage\":\"fr-FR\",\"@id\":\"https:\/\/tresdedos3d2.ovh\/fr\/canal-de-denonciation\/#primaryimage\",\"url\":\"https:\/\/tresdedos3d2.ovh\/wp-content\/uploads\/2026\/02\/equipo-kider.jpg\",\"contentUrl\":\"https:\/\/tresdedos3d2.ovh\/wp-content\/uploads\/2026\/02\/equipo-kider.jpg\"},{\"@type\":\"BreadcrumbList\",\"@id\":\"https:\/\/tresdedos3d2.ovh\/fr\/canal-de-denonciation\/#breadcrumb\",\"itemListElement\":[{\"@type\":\"ListItem\",\"position\":1,\"name\":\"Portada\",\"item\":\"https:\/\/tresdedos3d2.ovh\/fr\/\"},{\"@type\":\"ListItem\",\"position\":2,\"name\":\"Canal de d\u00e9nonciation\"}]},{\"@type\":\"WebSite\",\"@id\":\"https:\/\/tresdedos3d2.ovh\/fr\/#website\",\"url\":\"https:\/\/tresdedos3d2.ovh\/fr\/\",\"name\":\"Kider Store Solutions\",\"description\":\"Soluciones de asesoramiento, dise\u00f1o, desarrollo, fabricaci\u00f3n y comercializaci\u00f3n para espacios comerciales\",\"publisher\":{\"@id\":\"https:\/\/tresdedos3d2.ovh\/fr\/#organization\"},\"potentialAction\":[{\"@type\":\"SearchAction\",\"target\":{\"@type\":\"EntryPoint\",\"urlTemplate\":\"https:\/\/tresdedos3d2.ovh\/fr\/?s={search_term_string}\"},\"query-input\":{\"@type\":\"PropertyValueSpecification\",\"valueRequired\":true,\"valueName\":\"search_term_string\"}}],\"inLanguage\":\"fr-FR\"},{\"@type\":\"Organization\",\"@id\":\"https:\/\/tresdedos3d2.ovh\/fr\/#organization\",\"name\":\"Kider Store Solutions\",\"url\":\"https:\/\/tresdedos3d2.ovh\/fr\/\",\"logo\":{\"@type\":\"ImageObject\",\"inLanguage\":\"fr-FR\",\"@id\":\"https:\/\/tresdedos3d2.ovh\/fr\/#\/schema\/logo\/image\/\",\"url\":\"https:\/\/tresdedos3d2.ovh\/wp-content\/uploads\/2026\/01\/kider-logo.svg\",\"contentUrl\":\"https:\/\/tresdedos3d2.ovh\/wp-content\/uploads\/2026\/01\/kider-logo.svg\",\"width\":142,\"height\":56,\"caption\":\"Kider Store Solutions\"},\"image\":{\"@id\":\"https:\/\/tresdedos3d2.ovh\/fr\/#\/schema\/logo\/image\/\"}}]}<\/script>\n<!-- \/ Yoast SEO plugin. -->","yoast_head_json":{"title":"Canal de d\u00e9nonciation - Kider Store Solutions","robots":{"index":"index","follow":"follow","max-snippet":"max-snippet:-1","max-image-preview":"max-image-preview:large","max-video-preview":"max-video-preview:-1"},"canonical":"https:\/\/tresdedos3d2.ovh\/fr\/canal-de-denonciation\/","og_locale":"fr_FR","og_type":"article","og_title":"Canal de d\u00e9nonciation - Kider Store Solutions","og_description":"Canal de d\u00e9nonciation KIDER STORE SOLUTIONS, S.L. dispose sur son site web(www.kider.com\/canal-de-denuncias) d&rsquo;un canal de d\u00e9nonciation interne qui permet de signaler des comportements irr\u00e9guliers au sein de l&rsquo;entreprise.Ce canal est \u00e0 la disposition de toutes les parties prenantes : employ\u00e9s, personnes li\u00e9es \u00e0 l&rsquo;entreprise, clients, fournisseurs, etc.En bas de cette page, vous trouverez un formulaire [&hellip;]","og_url":"https:\/\/tresdedos3d2.ovh\/fr\/canal-de-denonciation\/","og_site_name":"Kider Store Solutions","article_modified_time":"2026-04-02T08:51:45+00:00","og_image":[{"width":1200,"height":1200,"url":"https:\/\/tresdedos3d2.ovh\/wp-content\/uploads\/2026\/02\/equipo-kider.jpg","type":"image\/jpeg"}],"twitter_card":"summary_large_image","twitter_misc":{"Dur\u00e9e de lecture estim\u00e9e":"4 minutes"},"schema":{"@context":"https:\/\/schema.org","@graph":[{"@type":"WebPage","@id":"https:\/\/tresdedos3d2.ovh\/fr\/canal-de-denonciation\/","url":"https:\/\/tresdedos3d2.ovh\/fr\/canal-de-denonciation\/","name":"Canal de d\u00e9nonciation - Kider Store Solutions","isPartOf":{"@id":"https:\/\/tresdedos3d2.ovh\/fr\/#website"},"primaryImageOfPage":{"@id":"https:\/\/tresdedos3d2.ovh\/fr\/canal-de-denonciation\/#primaryimage"},"image":{"@id":"https:\/\/tresdedos3d2.ovh\/fr\/canal-de-denonciation\/#primaryimage"},"thumbnailUrl":"https:\/\/tresdedos3d2.ovh\/wp-content\/uploads\/2026\/02\/equipo-kider.jpg","datePublished":"2026-03-24T15:42:19+00:00","dateModified":"2026-04-02T08:51:45+00:00","breadcrumb":{"@id":"https:\/\/tresdedos3d2.ovh\/fr\/canal-de-denonciation\/#breadcrumb"},"inLanguage":"fr-FR","potentialAction":[{"@type":"ReadAction","target":["https:\/\/tresdedos3d2.ovh\/fr\/canal-de-denonciation\/"]}]},{"@type":"ImageObject","inLanguage":"fr-FR","@id":"https:\/\/tresdedos3d2.ovh\/fr\/canal-de-denonciation\/#primaryimage","url":"https:\/\/tresdedos3d2.ovh\/wp-content\/uploads\/2026\/02\/equipo-kider.jpg","contentUrl":"https:\/\/tresdedos3d2.ovh\/wp-content\/uploads\/2026\/02\/equipo-kider.jpg"},{"@type":"BreadcrumbList","@id":"https:\/\/tresdedos3d2.ovh\/fr\/canal-de-denonciation\/#breadcrumb","itemListElement":[{"@type":"ListItem","position":1,"name":"Portada","item":"https:\/\/tresdedos3d2.ovh\/fr\/"},{"@type":"ListItem","position":2,"name":"Canal de d\u00e9nonciation"}]},{"@type":"WebSite","@id":"https:\/\/tresdedos3d2.ovh\/fr\/#website","url":"https:\/\/tresdedos3d2.ovh\/fr\/","name":"Kider Store Solutions","description":"Soluciones de asesoramiento, dise\u00f1o, desarrollo, fabricaci\u00f3n y comercializaci\u00f3n para espacios comerciales","publisher":{"@id":"https:\/\/tresdedos3d2.ovh\/fr\/#organization"},"potentialAction":[{"@type":"SearchAction","target":{"@type":"EntryPoint","urlTemplate":"https:\/\/tresdedos3d2.ovh\/fr\/?s={search_term_string}"},"query-input":{"@type":"PropertyValueSpecification","valueRequired":true,"valueName":"search_term_string"}}],"inLanguage":"fr-FR"},{"@type":"Organization","@id":"https:\/\/tresdedos3d2.ovh\/fr\/#organization","name":"Kider Store Solutions","url":"https:\/\/tresdedos3d2.ovh\/fr\/","logo":{"@type":"ImageObject","inLanguage":"fr-FR","@id":"https:\/\/tresdedos3d2.ovh\/fr\/#\/schema\/logo\/image\/","url":"https:\/\/tresdedos3d2.ovh\/wp-content\/uploads\/2026\/01\/kider-logo.svg","contentUrl":"https:\/\/tresdedos3d2.ovh\/wp-content\/uploads\/2026\/01\/kider-logo.svg","width":142,"height":56,"caption":"Kider Store Solutions"},"image":{"@id":"https:\/\/tresdedos3d2.ovh\/fr\/#\/schema\/logo\/image\/"}}]}},"_links":{"self":[{"href":"https:\/\/tresdedos3d2.ovh\/fr\/wp-json\/wp\/v2\/pages\/3929","targetHints":{"allow":["GET"]}}],"collection":[{"href":"https:\/\/tresdedos3d2.ovh\/fr\/wp-json\/wp\/v2\/pages"}],"about":[{"href":"https:\/\/tresdedos3d2.ovh\/fr\/wp-json\/wp\/v2\/types\/page"}],"author":[{"embeddable":true,"href":"https:\/\/tresdedos3d2.ovh\/fr\/wp-json\/wp\/v2\/users\/6"}],"replies":[{"embeddable":true,"href":"https:\/\/tresdedos3d2.ovh\/fr\/wp-json\/wp\/v2\/comments?post=3929"}],"version-history":[{"count":1,"href":"https:\/\/tresdedos3d2.ovh\/fr\/wp-json\/wp\/v2\/pages\/3929\/revisions"}],"predecessor-version":[{"id":3930,"href":"https:\/\/tresdedos3d2.ovh\/fr\/wp-json\/wp\/v2\/pages\/3929\/revisions\/3930"}],"wp:attachment":[{"href":"https:\/\/tresdedos3d2.ovh\/fr\/wp-json\/wp\/v2\/media?parent=3929"}],"curies":[{"name":"wp","href":"https:\/\/api.w.org\/{rel}","templated":true}]}}