{"id":3908,"date":"2026-03-24T13:17:53","date_gmt":"2026-03-24T13:17:53","guid":{"rendered":"https:\/\/tresdedos3d2.ovh\/avis-juridique\/"},"modified":"2026-04-02T08:35:14","modified_gmt":"2026-04-02T08:35:14","slug":"avis-juridique","status":"publish","type":"page","link":"https:\/\/tresdedos3d2.ovh\/fr\/avis-juridique\/","title":{"rendered":"Avis juridique"},"content":{"rendered":"\t\t<div data-elementor-type=\"wp-page\" data-elementor-id=\"3908\" class=\"elementor elementor-3908 elementor-2781\" data-elementor-post-type=\"page\">\n\t\t\t\t<div class=\"elementor-element elementor-element-2e843199 e-con-full e-flex e-con e-parent\" data-id=\"2e843199\" data-element_type=\"container\" data-e-type=\"container\" data-settings=\"{&quot;background_background&quot;:&quot;classic&quot;}\">\n\t\t<div class=\"elementor-element elementor-element-ec457f9 e-con-full e-flex e-con e-child\" data-id=\"ec457f9\" data-element_type=\"container\" data-e-type=\"container\">\n\t\t<div class=\"elementor-element elementor-element-7f60f8d e-con-full e-flex e-con e-child\" data-id=\"7f60f8d\" data-element_type=\"container\" data-e-type=\"container\">\n\t\t<div class=\"elementor-element elementor-element-fbf178d e-con-full e-flex e-con e-child\" data-id=\"fbf178d\" data-element_type=\"container\" data-e-type=\"container\">\n\t\t\t\t<div class=\"elementor-element elementor-element-8db9da4 elementor-widget elementor-widget-heading\" data-id=\"8db9da4\" data-element_type=\"widget\" data-e-type=\"widget\" data-widget_type=\"heading.default\">\n\t\t\t\t<div class=\"elementor-widget-container\">\n\t\t\t\t\t<h1 class=\"elementor-heading-title elementor-size-default\">Avis juridique<\/h1>\t\t\t\t<\/div>\n\t\t\t\t<\/div>\n\t\t\t\t<\/div>\n\t\t\t\t<div class=\"elementor-element elementor-element-56baeae elementor-widget__width-initial elementor-widget elementor-widget-image\" data-id=\"56baeae\" data-element_type=\"widget\" data-e-type=\"widget\" data-widget_type=\"image.default\">\n\t\t\t\t<div class=\"elementor-widget-container\">\n\t\t\t\t\t\t\t\t\t\t\t\t\t\t\t<img fetchpriority=\"high\" decoding=\"async\" width=\"1200\" height=\"1200\" src=\"https:\/\/tresdedos3d2.ovh\/wp-content\/uploads\/2026\/02\/equipo-kider.jpg\" class=\"attachment-full size-full wp-image-2385\" alt=\"\" srcset=\"https:\/\/tresdedos3d2.ovh\/wp-content\/uploads\/2026\/02\/equipo-kider.jpg 1200w, https:\/\/tresdedos3d2.ovh\/wp-content\/uploads\/2026\/02\/equipo-kider-300x300.jpg 300w, https:\/\/tresdedos3d2.ovh\/wp-content\/uploads\/2026\/02\/equipo-kider-1024x1024.jpg 1024w, https:\/\/tresdedos3d2.ovh\/wp-content\/uploads\/2026\/02\/equipo-kider-150x150.jpg 150w, https:\/\/tresdedos3d2.ovh\/wp-content\/uploads\/2026\/02\/equipo-kider-768x768.jpg 768w, https:\/\/tresdedos3d2.ovh\/wp-content\/uploads\/2026\/02\/equipo-kider-650x650.jpg 650w\" sizes=\"(max-width: 1200px) 100vw, 1200px\" \/>\t\t\t\t\t\t\t\t\t\t\t\t\t\t\t<\/div>\n\t\t\t\t<\/div>\n\t\t\t\t<\/div>\n\t\t\t\t<\/div>\n\t\t\t\t<\/div>\n\t\t<div class=\"elementor-element elementor-element-8aca53c e-flex e-con-boxed e-con e-parent\" data-id=\"8aca53c\" data-element_type=\"container\" data-e-type=\"container\">\n\t\t\t\t\t<div class=\"e-con-inner\">\n\t\t\t\t<div class=\"elementor-element elementor-element-95cad92 elementor-widget elementor-widget-text-editor\" data-id=\"95cad92\" data-element_type=\"widget\" data-e-type=\"widget\" data-widget_type=\"text-editor.default\">\n\t\t\t\t<div class=\"elementor-widget-container\">\n\t\t\t\t\t\t\t\t\t<p>Ce site web est la propri\u00e9t\u00e9 de <strong>Kider Store Solutions,<\/strong> S.L., avec CIF. B95767604, dont le si\u00e8ge social est situ\u00e9 \u00e0 Zabalibar, 8 &#8211; 01470 Amurrio (\u00c1lava).<\/p><p>Toute l&rsquo;information contenue dans ce site Web, y compris les contenus, les images, les graphiques et sa conception sont la propri\u00e9t\u00e9 de <strong>Kider Store Solutions<\/strong>, S.L. et sont d\u00fbment prot\u00e9g\u00e9s par les lois espagnoles et internationales sur la propri\u00e9t\u00e9 intellectuelle et industrielle.<\/p><p>Les liens de ce site web vers des sites ou des pages web de tiers sont fournis uniquement pour la commodit\u00e9 de l&rsquo;utilisateur. <strong>Kider Store Solutions<\/strong>, S.L. n&rsquo;est pas responsable de ces sites ou de leur contenu. Ce site web contient des informations pr\u00e9par\u00e9es par <strong>Kider Store Solutions<\/strong>, S.L. \u00e0 des fins d&rsquo;information, et l&rsquo;utilisateur doit tenir compte du fait que ces informations peuvent ne pas refl\u00e9ter l&rsquo;\u00e9tat r\u00e9cent de la l\u00e9gislation ou de la jurisprudence sur les questions analys\u00e9es. <\/p><p>Les donn\u00e9es fournies sur cette page dans le cadre de consultations seront trait\u00e9es avec la plus grande confidentialit\u00e9, \u00e9tant incluses dans les fichiers de <strong>Kider Store Solutions,<\/strong> S.L., pour l&rsquo;analyse et le contr\u00f4le des questions soulev\u00e9es. Le client autorise<strong> Kider Store Solutions<\/strong>, S.L. \u00e0 traiter les donn\u00e9es fournies afin de lui envoyer des offres publicitaires et commerciales de Kider<strong> Store Solutions<\/strong>, S.L. ou de tiers qui correspondent \u00e0 son profil par n&rsquo;importe quel moyen (correspondance, t\u00e9l\u00e9phone, courrier \u00e9lectronique, fax, courrier postal ou tout autre moyen t\u00e9l\u00e9matique). <\/p><p>Tout ce qui pr\u00e9c\u00e8de s&rsquo;entend sans pr\u00e9judice des droits d&rsquo;acc\u00e8s, de rectification, d&rsquo;annulation et d&rsquo;opposition pr\u00e9vus par la l\u00e9gislation en vigueur et en particulier la loi organique 15\/1999, du 13 d\u00e9cembre, pour lesquels vous pouvez vous adresser \u00e0 <strong>Kider Store Solutions<\/strong>, S.L., par courrier \u00e9lectronique<a href=\"mailto:kider@kider.com\">(kider@kider.com)<\/a> ou par lettre \u00e0 l&rsquo;adresse suivante : Zabalibar, 8 &#8211; 01470 Amurrio (\u00c1lava).<\/p><p><strong>Kider Store Solutions<\/strong>, S.L. a adopt\u00e9 les niveaux de s\u00e9curit\u00e9 l\u00e9galement requis pour la protection des donn\u00e9es personnelles et a install\u00e9 tous les moyens et mesures techniques \u00e0 sa port\u00e9e pour \u00e9viter la perte, le mauvais usage, l&rsquo;alt\u00e9ration, l&rsquo;acc\u00e8s non autoris\u00e9 et le vol des donn\u00e9es personnelles. Toutefois, l&rsquo;utilisateur doit \u00eatre conscient que les mesures de s\u00e9curit\u00e9 sur Internet ne sont pas infaillibles. <\/p><p>Le DEMANDEUR autorise express\u00e9ment <strong>Kider Store Solutions<\/strong>, S.L. \u00e0 utiliser son adresse de courrier \u00e9lectronique pour lui envoyer la Newsletter mensuelle, pouvant r\u00e9voquer ce consentement \u00e0 tout moment par simple notification au Service Client de Kider Store Solutions, S.L.<a href=\"mailto:kider@kider.com\">(kider@kider.com)<\/a>.<\/p><p>Cet avis juridique peut \u00eatre modifi\u00e9 par <strong>Kider Store Solutions<\/strong>, S.L. \u00e0 tout moment et sans notification pr\u00e9alable \u00e0 l&rsquo;utilisateur.<\/p>\t\t\t\t\t\t\t\t<\/div>\n\t\t\t\t<\/div>\n\t\t\t\t\t<\/div>\n\t\t\t\t<\/div>\n\t\t\t\t<\/div>\n\t\t","protected":false},"excerpt":{"rendered":"<p>Avis juridique Ce site web est la propri\u00e9t\u00e9 de Kider Store Solutions, S.L., avec CIF. B95767604, dont le si\u00e8ge social est situ\u00e9 \u00e0 Zabalibar, 8 &#8211; 01470 Amurrio (\u00c1lava). Toute l&rsquo;information contenue dans ce site Web, y compris les contenus, les images, les graphiques et sa conception sont la propri\u00e9t\u00e9 de Kider Store Solutions, S.L. [&hellip;]<\/p>\n","protected":false},"author":6,"featured_media":0,"parent":0,"menu_order":0,"comment_status":"closed","ping_status":"closed","template":"","meta":{"footnotes":""},"class_list":["post-3908","page","type-page","status-publish","hentry"],"yoast_head":"<!-- This site is optimized with the Yoast SEO plugin v27.2 - https:\/\/yoast.com\/product\/yoast-seo-wordpress\/ -->\n<title>Avis juridique - Kider Store Solutions<\/title>\n<meta name=\"robots\" content=\"index, follow, max-snippet:-1, max-image-preview:large, max-video-preview:-1\" \/>\n<link rel=\"canonical\" href=\"https:\/\/tresdedos3d2.ovh\/fr\/avis-juridique\/\" \/>\n<meta property=\"og:locale\" content=\"fr_FR\" \/>\n<meta property=\"og:type\" content=\"article\" \/>\n<meta property=\"og:title\" content=\"Avis juridique - Kider Store Solutions\" \/>\n<meta property=\"og:description\" content=\"Avis juridique Ce site web est la propri\u00e9t\u00e9 de Kider Store Solutions, S.L., avec CIF. B95767604, dont le si\u00e8ge social est situ\u00e9 \u00e0 Zabalibar, 8 &#8211; 01470 Amurrio (\u00c1lava). Toute l&rsquo;information contenue dans ce site Web, y compris les contenus, les images, les graphiques et sa conception sont la propri\u00e9t\u00e9 de Kider Store Solutions, S.L. [&hellip;]\" \/>\n<meta property=\"og:url\" content=\"https:\/\/tresdedos3d2.ovh\/fr\/avis-juridique\/\" \/>\n<meta property=\"og:site_name\" content=\"Kider Store Solutions\" \/>\n<meta property=\"article:modified_time\" content=\"2026-04-02T08:35:14+00:00\" \/>\n<meta property=\"og:image\" content=\"https:\/\/tresdedos3d2.ovh\/wp-content\/uploads\/2026\/02\/equipo-kider.jpg\" \/>\n\t<meta property=\"og:image:width\" content=\"1200\" \/>\n\t<meta property=\"og:image:height\" content=\"1200\" \/>\n\t<meta property=\"og:image:type\" content=\"image\/jpeg\" \/>\n<meta name=\"twitter:card\" content=\"summary_large_image\" \/>\n<meta name=\"twitter:label1\" content=\"Dur\u00e9e de lecture estim\u00e9e\" \/>\n\t<meta name=\"twitter:data1\" content=\"2 minutes\" \/>\n<script type=\"application\/ld+json\" class=\"yoast-schema-graph\">{\"@context\":\"https:\/\/schema.org\",\"@graph\":[{\"@type\":\"WebPage\",\"@id\":\"https:\/\/tresdedos3d2.ovh\/fr\/avis-juridique\/\",\"url\":\"https:\/\/tresdedos3d2.ovh\/fr\/avis-juridique\/\",\"name\":\"Avis juridique - Kider Store Solutions\",\"isPartOf\":{\"@id\":\"https:\/\/tresdedos3d2.ovh\/fr\/#website\"},\"primaryImageOfPage\":{\"@id\":\"https:\/\/tresdedos3d2.ovh\/fr\/avis-juridique\/#primaryimage\"},\"image\":{\"@id\":\"https:\/\/tresdedos3d2.ovh\/fr\/avis-juridique\/#primaryimage\"},\"thumbnailUrl\":\"https:\/\/tresdedos3d2.ovh\/wp-content\/uploads\/2026\/02\/equipo-kider.jpg\",\"datePublished\":\"2026-03-24T13:17:53+00:00\",\"dateModified\":\"2026-04-02T08:35:14+00:00\",\"breadcrumb\":{\"@id\":\"https:\/\/tresdedos3d2.ovh\/fr\/avis-juridique\/#breadcrumb\"},\"inLanguage\":\"fr-FR\",\"potentialAction\":[{\"@type\":\"ReadAction\",\"target\":[\"https:\/\/tresdedos3d2.ovh\/fr\/avis-juridique\/\"]}]},{\"@type\":\"ImageObject\",\"inLanguage\":\"fr-FR\",\"@id\":\"https:\/\/tresdedos3d2.ovh\/fr\/avis-juridique\/#primaryimage\",\"url\":\"https:\/\/tresdedos3d2.ovh\/wp-content\/uploads\/2026\/02\/equipo-kider.jpg\",\"contentUrl\":\"https:\/\/tresdedos3d2.ovh\/wp-content\/uploads\/2026\/02\/equipo-kider.jpg\"},{\"@type\":\"BreadcrumbList\",\"@id\":\"https:\/\/tresdedos3d2.ovh\/fr\/avis-juridique\/#breadcrumb\",\"itemListElement\":[{\"@type\":\"ListItem\",\"position\":1,\"name\":\"Portada\",\"item\":\"https:\/\/tresdedos3d2.ovh\/fr\/\"},{\"@type\":\"ListItem\",\"position\":2,\"name\":\"Avis juridique\"}]},{\"@type\":\"WebSite\",\"@id\":\"https:\/\/tresdedos3d2.ovh\/fr\/#website\",\"url\":\"https:\/\/tresdedos3d2.ovh\/fr\/\",\"name\":\"Kider Store Solutions\",\"description\":\"Soluciones de asesoramiento, dise\u00f1o, desarrollo, fabricaci\u00f3n y comercializaci\u00f3n para espacios comerciales\",\"publisher\":{\"@id\":\"https:\/\/tresdedos3d2.ovh\/fr\/#organization\"},\"potentialAction\":[{\"@type\":\"SearchAction\",\"target\":{\"@type\":\"EntryPoint\",\"urlTemplate\":\"https:\/\/tresdedos3d2.ovh\/fr\/?s={search_term_string}\"},\"query-input\":{\"@type\":\"PropertyValueSpecification\",\"valueRequired\":true,\"valueName\":\"search_term_string\"}}],\"inLanguage\":\"fr-FR\"},{\"@type\":\"Organization\",\"@id\":\"https:\/\/tresdedos3d2.ovh\/fr\/#organization\",\"name\":\"Kider Store Solutions\",\"url\":\"https:\/\/tresdedos3d2.ovh\/fr\/\",\"logo\":{\"@type\":\"ImageObject\",\"inLanguage\":\"fr-FR\",\"@id\":\"https:\/\/tresdedos3d2.ovh\/fr\/#\/schema\/logo\/image\/\",\"url\":\"https:\/\/tresdedos3d2.ovh\/wp-content\/uploads\/2026\/01\/kider-logo.svg\",\"contentUrl\":\"https:\/\/tresdedos3d2.ovh\/wp-content\/uploads\/2026\/01\/kider-logo.svg\",\"width\":142,\"height\":56,\"caption\":\"Kider Store Solutions\"},\"image\":{\"@id\":\"https:\/\/tresdedos3d2.ovh\/fr\/#\/schema\/logo\/image\/\"}}]}<\/script>\n<!-- \/ Yoast SEO plugin. -->","yoast_head_json":{"title":"Avis juridique - Kider Store Solutions","robots":{"index":"index","follow":"follow","max-snippet":"max-snippet:-1","max-image-preview":"max-image-preview:large","max-video-preview":"max-video-preview:-1"},"canonical":"https:\/\/tresdedos3d2.ovh\/fr\/avis-juridique\/","og_locale":"fr_FR","og_type":"article","og_title":"Avis juridique - Kider Store Solutions","og_description":"Avis juridique Ce site web est la propri\u00e9t\u00e9 de Kider Store Solutions, S.L., avec CIF. B95767604, dont le si\u00e8ge social est situ\u00e9 \u00e0 Zabalibar, 8 &#8211; 01470 Amurrio (\u00c1lava). Toute l&rsquo;information contenue dans ce site Web, y compris les contenus, les images, les graphiques et sa conception sont la propri\u00e9t\u00e9 de Kider Store Solutions, S.L. [&hellip;]","og_url":"https:\/\/tresdedos3d2.ovh\/fr\/avis-juridique\/","og_site_name":"Kider Store Solutions","article_modified_time":"2026-04-02T08:35:14+00:00","og_image":[{"width":1200,"height":1200,"url":"https:\/\/tresdedos3d2.ovh\/wp-content\/uploads\/2026\/02\/equipo-kider.jpg","type":"image\/jpeg"}],"twitter_card":"summary_large_image","twitter_misc":{"Dur\u00e9e de lecture estim\u00e9e":"2 minutes"},"schema":{"@context":"https:\/\/schema.org","@graph":[{"@type":"WebPage","@id":"https:\/\/tresdedos3d2.ovh\/fr\/avis-juridique\/","url":"https:\/\/tresdedos3d2.ovh\/fr\/avis-juridique\/","name":"Avis juridique - Kider Store Solutions","isPartOf":{"@id":"https:\/\/tresdedos3d2.ovh\/fr\/#website"},"primaryImageOfPage":{"@id":"https:\/\/tresdedos3d2.ovh\/fr\/avis-juridique\/#primaryimage"},"image":{"@id":"https:\/\/tresdedos3d2.ovh\/fr\/avis-juridique\/#primaryimage"},"thumbnailUrl":"https:\/\/tresdedos3d2.ovh\/wp-content\/uploads\/2026\/02\/equipo-kider.jpg","datePublished":"2026-03-24T13:17:53+00:00","dateModified":"2026-04-02T08:35:14+00:00","breadcrumb":{"@id":"https:\/\/tresdedos3d2.ovh\/fr\/avis-juridique\/#breadcrumb"},"inLanguage":"fr-FR","potentialAction":[{"@type":"ReadAction","target":["https:\/\/tresdedos3d2.ovh\/fr\/avis-juridique\/"]}]},{"@type":"ImageObject","inLanguage":"fr-FR","@id":"https:\/\/tresdedos3d2.ovh\/fr\/avis-juridique\/#primaryimage","url":"https:\/\/tresdedos3d2.ovh\/wp-content\/uploads\/2026\/02\/equipo-kider.jpg","contentUrl":"https:\/\/tresdedos3d2.ovh\/wp-content\/uploads\/2026\/02\/equipo-kider.jpg"},{"@type":"BreadcrumbList","@id":"https:\/\/tresdedos3d2.ovh\/fr\/avis-juridique\/#breadcrumb","itemListElement":[{"@type":"ListItem","position":1,"name":"Portada","item":"https:\/\/tresdedos3d2.ovh\/fr\/"},{"@type":"ListItem","position":2,"name":"Avis juridique"}]},{"@type":"WebSite","@id":"https:\/\/tresdedos3d2.ovh\/fr\/#website","url":"https:\/\/tresdedos3d2.ovh\/fr\/","name":"Kider Store Solutions","description":"Soluciones de asesoramiento, dise\u00f1o, desarrollo, fabricaci\u00f3n y comercializaci\u00f3n para espacios comerciales","publisher":{"@id":"https:\/\/tresdedos3d2.ovh\/fr\/#organization"},"potentialAction":[{"@type":"SearchAction","target":{"@type":"EntryPoint","urlTemplate":"https:\/\/tresdedos3d2.ovh\/fr\/?s={search_term_string}"},"query-input":{"@type":"PropertyValueSpecification","valueRequired":true,"valueName":"search_term_string"}}],"inLanguage":"fr-FR"},{"@type":"Organization","@id":"https:\/\/tresdedos3d2.ovh\/fr\/#organization","name":"Kider Store Solutions","url":"https:\/\/tresdedos3d2.ovh\/fr\/","logo":{"@type":"ImageObject","inLanguage":"fr-FR","@id":"https:\/\/tresdedos3d2.ovh\/fr\/#\/schema\/logo\/image\/","url":"https:\/\/tresdedos3d2.ovh\/wp-content\/uploads\/2026\/01\/kider-logo.svg","contentUrl":"https:\/\/tresdedos3d2.ovh\/wp-content\/uploads\/2026\/01\/kider-logo.svg","width":142,"height":56,"caption":"Kider Store Solutions"},"image":{"@id":"https:\/\/tresdedos3d2.ovh\/fr\/#\/schema\/logo\/image\/"}}]}},"_links":{"self":[{"href":"https:\/\/tresdedos3d2.ovh\/fr\/wp-json\/wp\/v2\/pages\/3908","targetHints":{"allow":["GET"]}}],"collection":[{"href":"https:\/\/tresdedos3d2.ovh\/fr\/wp-json\/wp\/v2\/pages"}],"about":[{"href":"https:\/\/tresdedos3d2.ovh\/fr\/wp-json\/wp\/v2\/types\/page"}],"author":[{"embeddable":true,"href":"https:\/\/tresdedos3d2.ovh\/fr\/wp-json\/wp\/v2\/users\/6"}],"replies":[{"embeddable":true,"href":"https:\/\/tresdedos3d2.ovh\/fr\/wp-json\/wp\/v2\/comments?post=3908"}],"version-history":[{"count":1,"href":"https:\/\/tresdedos3d2.ovh\/fr\/wp-json\/wp\/v2\/pages\/3908\/revisions"}],"predecessor-version":[{"id":3909,"href":"https:\/\/tresdedos3d2.ovh\/fr\/wp-json\/wp\/v2\/pages\/3908\/revisions\/3909"}],"wp:attachment":[{"href":"https:\/\/tresdedos3d2.ovh\/fr\/wp-json\/wp\/v2\/media?parent=3908"}],"curies":[{"name":"wp","href":"https:\/\/api.w.org\/{rel}","templated":true}]}}