{"id":3927,"date":"2026-03-24T15:42:19","date_gmt":"2026-03-24T15:42:19","guid":{"rendered":"https:\/\/tresdedos3d2.ovh\/whistleblowing-channel\/"},"modified":"2026-04-02T08:51:45","modified_gmt":"2026-04-02T08:51:45","slug":"whistleblowing-channel","status":"publish","type":"page","link":"https:\/\/tresdedos3d2.ovh\/en\/whistleblowing-channel\/","title":{"rendered":"Whistleblowing channel"},"content":{"rendered":"\t\t<div data-elementor-type=\"wp-page\" data-elementor-id=\"3927\" class=\"elementor elementor-3927 elementor-2829\" data-elementor-post-type=\"page\">\n\t\t\t\t<div class=\"elementor-element elementor-element-2e843199 e-con-full e-flex e-con e-parent\" data-id=\"2e843199\" data-element_type=\"container\" data-e-type=\"container\" data-settings=\"{&quot;background_background&quot;:&quot;classic&quot;}\">\n\t\t<div class=\"elementor-element elementor-element-ec457f9 e-con-full e-flex e-con e-child\" data-id=\"ec457f9\" data-element_type=\"container\" data-e-type=\"container\">\n\t\t<div class=\"elementor-element elementor-element-7f60f8d e-con-full e-flex e-con e-child\" data-id=\"7f60f8d\" data-element_type=\"container\" data-e-type=\"container\">\n\t\t<div class=\"elementor-element elementor-element-fbf178d e-con-full e-flex e-con e-child\" data-id=\"fbf178d\" data-element_type=\"container\" data-e-type=\"container\">\n\t\t\t\t<div class=\"elementor-element elementor-element-8db9da4 elementor-widget elementor-widget-heading\" data-id=\"8db9da4\" data-element_type=\"widget\" data-e-type=\"widget\" data-widget_type=\"heading.default\">\n\t\t\t\t<div class=\"elementor-widget-container\">\n\t\t\t\t\t<h1 class=\"elementor-heading-title elementor-size-default\">Whistleblowing channel<\/h1>\t\t\t\t<\/div>\n\t\t\t\t<\/div>\n\t\t\t\t<\/div>\n\t\t\t\t<div class=\"elementor-element elementor-element-56baeae elementor-widget__width-initial elementor-widget elementor-widget-image\" data-id=\"56baeae\" data-element_type=\"widget\" data-e-type=\"widget\" data-widget_type=\"image.default\">\n\t\t\t\t<div class=\"elementor-widget-container\">\n\t\t\t\t\t\t\t\t\t\t\t\t\t\t\t<img fetchpriority=\"high\" decoding=\"async\" width=\"1200\" height=\"1200\" src=\"https:\/\/tresdedos3d2.ovh\/wp-content\/uploads\/2026\/02\/equipo-kider.jpg\" class=\"attachment-full size-full wp-image-2356\" alt=\"\" srcset=\"https:\/\/tresdedos3d2.ovh\/wp-content\/uploads\/2026\/02\/equipo-kider.jpg 1200w, https:\/\/tresdedos3d2.ovh\/wp-content\/uploads\/2026\/02\/equipo-kider-300x300.jpg 300w, https:\/\/tresdedos3d2.ovh\/wp-content\/uploads\/2026\/02\/equipo-kider-1024x1024.jpg 1024w, https:\/\/tresdedos3d2.ovh\/wp-content\/uploads\/2026\/02\/equipo-kider-150x150.jpg 150w, https:\/\/tresdedos3d2.ovh\/wp-content\/uploads\/2026\/02\/equipo-kider-768x768.jpg 768w, https:\/\/tresdedos3d2.ovh\/wp-content\/uploads\/2026\/02\/equipo-kider-650x650.jpg 650w\" sizes=\"(max-width: 1200px) 100vw, 1200px\" \/>\t\t\t\t\t\t\t\t\t\t\t\t\t\t\t<\/div>\n\t\t\t\t<\/div>\n\t\t\t\t<\/div>\n\t\t\t\t<\/div>\n\t\t\t\t<\/div>\n\t\t<div class=\"elementor-element elementor-element-8aca53c e-flex e-con-boxed e-con e-parent\" data-id=\"8aca53c\" data-element_type=\"container\" data-e-type=\"container\">\n\t\t\t\t\t<div class=\"e-con-inner\">\n\t\t\t\t<div class=\"elementor-element elementor-element-95cad92 elementor-widget elementor-widget-text-editor\" data-id=\"95cad92\" data-element_type=\"widget\" data-e-type=\"widget\" data-widget_type=\"text-editor.default\">\n\t\t\t\t<div class=\"elementor-widget-container\">\n\t\t\t\t\t\t\t\t\t<p>KIDER STORE SOLUTIONS, S.L. has this Internal Whistleblower Channel on its website<a href=\"https:\/\/www.kider.com\/canal-de-denuncias\/\">(www.kider.com\/canal-de-denuncias)<\/a> that allows reporting irregular conduct in the company.<br>This channel is available to all stakeholders: employees, people related to the company, customers, suppliers, etc.<br>At the bottom of this page there is a form to collect the complaints you want to make.<br>The communication may be made confidentially or anonymously. However, in order to be able to carry out an adequate follow-up, information will be requested in order to contact the complainant, and it is his\/her decision to provide it or to make the complaint anonymously. <\/p><p><br>The <strong>Whistleblower<\/strong> Channel is exclusively intended to collect complaints about irregular conduct in KIDER STORE SOLUTIONS, S.L.. Sending a complaint implies expressing the illegal, irregular or inconvenient status of any action carried out in KIDER STORE SOLUTIONS, S.L.<br>This channel is NOT intended to collect complaints regarding irregular conduct of other entities or within the framework of the activity of other entities whether they are companies, non-profit organizations or any other type of organization, whatever their relationship with KIDER STORE SOLUTIONS, S.L.. Where appropriate, these complaints should be addressed to the complaint channels of the corresponding entities.<br>is also not intended to collect suggestions, comments or queries about the activity of the company KIDER STORE SOLUTIONS, S.L.. In this case you can use the contact form.   <\/p><p><strong>PROCEDURE<\/strong><br>All complaints received will be analyzed and processed by the person responsible for the Complaints Channel of KIDER STORE SOLUTIONS, S.L., within 3 months (6 months for complex cases).<br>The reported facts will be investigated in a confidential and respectful manner, gathering the necessary additional information.<br>The necessary measures will be taken to remedy the reason for the complaint.<br>If necessary, disciplinary measures will be taken.<br>There will be no retaliation against any informant, or against any other collaborating person, even if the complaint does not succeed, provided they have not acted in bad faith.<\/p><p>The complainant will be informed as long as the complaint is not anonymous.<\/p><p><strong>DATA PROTECTION<\/strong><br>KIDER STORE SOLUTIONS, S.L. informs users of the Site that KIDER STORE SOLUTIONS, S.L. respects the current legislation on data protection, as well as its implementing regulations, adopting the necessary technical and organizational measures to prevent the loss, misuse, alteration, unauthorized access and theft of personal data provided, if any, through the Site, taking into account the state of technology, the nature of the data and the risks to which they are exposed.<\/p><p>In the event that when using the services provided by KIDER STORE SOLUTIONS, S.L. on this Site, users should fill in personal data, KIDER STORE SOLUTIONS, S.L. &#8211; in compliance with current regulations &#8211; will fully inform the user of their rights and will obtain their express and unequivocal consent for the processing of their personal data.<\/p><p>In accordance with the provisions of current data protection regulations, we inform you that the personal data you send by means of communications through the website www.kider.com will be incorporated and processed in the files whose owner is Kider Store Solutions S.L., (C.I.F. B95767604), with registered office at Zabalibar 8 in Amurrio, 01470 \u00c1lava, and registered in the commercial register of \u00c1lava, Volume 1569, book 0, folio 192, Sheet number VI-17233, Inscription 5.<\/p><p>The user guarantees that the personal data provided to Kider Store Solutions, S.L. are true and correct, being responsible for communicating any changes in them. Kider Store Solutions, S.L. guarantees the security and confidentiality of the information provided. This will be used to facilitate the processing of queries and contacts, as well as to send commercial offers about products and services that may be of interest.  <\/p><p>Personal data will be processed in order to manage, administer and provide the services that Kider Store Solutions, S.L. offers to interested parties.<\/p><p>You may address your communications and exercise your rights of access, rectification, cancellation and opposition by sending a communication duly proving your identity to the address Zabalibar 8, Amurrio, 01470 (\u00c1lava).<\/p>\t\t\t\t\t\t\t\t<\/div>\n\t\t\t\t<\/div>\n\t\t\t\t\t<\/div>\n\t\t\t\t<\/div>\n\t\t<div class=\"elementor-element elementor-element-ddc4d24 e-con-full e-flex e-con e-parent\" data-id=\"ddc4d24\" data-element_type=\"container\" data-e-type=\"container\">\n\t\t\t\t<div class=\"elementor-element elementor-element-fd81ba2 elementor-widget elementor-widget-template\" data-id=\"fd81ba2\" data-element_type=\"widget\" data-e-type=\"widget\" data-widget_type=\"template.default\">\n\t\t\t\t<div class=\"elementor-widget-container\">\n\t\t\t\t\t\t\t<div class=\"elementor-template\">\n\t\t\t\t\t<div data-elementor-type=\"section\" data-elementor-id=\"3918\" class=\"elementor elementor-3918 elementor-3912 elementor-3912\" data-elementor-post-type=\"elementor_library\">\n\t\t\t<div class=\"elementor-element elementor-element-3a83e08 e-flex e-con-boxed e-con e-parent\" data-id=\"3a83e08\" data-element_type=\"container\" data-e-type=\"container\" data-settings=\"{&quot;background_background&quot;:&quot;classic&quot;}\">\n\t\t\t\t\t<div class=\"e-con-inner\">\n\t\t\t\t<div class=\"elementor-element elementor-element-990cbc2 elementor-invisible elementor-widget elementor-widget-qi_addons_for_elementor_animated_text\" data-id=\"990cbc2\" data-element_type=\"widget\" data-e-type=\"widget\" data-settings=\"{&quot;_animation&quot;:&quot;fadeInUp&quot;}\" data-widget_type=\"qi_addons_for_elementor_animated_text.default\">\n\t\t\t\t<div class=\"elementor-widget-container\">\n\t\t\t\t\t<div class=\"qodef-shortcode qodef-m qodef-qi-animated-text qodef--animated-by-word qodef--alignment-left qodef-qi--has-appear qodef--appear-from-bottom\" >\n\t\t<h2 class=\"qodef-m-title\">\n\t\t<span class=\"qodef-e-word\">Complaint<\/span> <span class=\"qodef-e-word\">form<\/span>\t<\/h2>\n<\/div>\n\t\t\t\t<\/div>\n\t\t\t\t<\/div>\n\t\t\t\t<div class=\"elementor-element elementor-element-a61f4a9 elementor-button-align-start elementor-widget elementor-widget-form\" data-id=\"a61f4a9\" data-element_type=\"widget\" data-e-type=\"widget\" data-settings=\"{&quot;step_next_label&quot;:&quot;Following&quot;,&quot;step_previous_label&quot;:&quot;Former&quot;,&quot;button_width&quot;:&quot;100&quot;,&quot;step_type&quot;:&quot;number_text&quot;,&quot;step_icon_shape&quot;:&quot;circle&quot;}\" data-widget_type=\"form.default\">\n\t\t\t\t<div class=\"elementor-widget-container\">\n\t\t\t\t\t\t\t<form class=\"elementor-form\" method=\"post\" name=\"New form\" aria-label=\"New form\">\n\t\t\t<input type=\"hidden\" name=\"post_id\" value=\"3918\"\/>\n\t\t\t<input type=\"hidden\" name=\"form_id\" value=\"a61f4a9\"\/>\n\t\t\t<input type=\"hidden\" name=\"referer_title\" value=\"Kider Store Solutions\" \/>\n\n\t\t\t\n\t\t\t<div class=\"elementor-form-fields-wrapper elementor-labels-above\">\n\t\t\t\t\t\t\t\t<div class=\"elementor-field-type-text elementor-field-group elementor-column elementor-field-group-name elementor-col-50\">\n\t\t\t\t\t\t\t\t\t\t\t\t<label for=\"form-field-name\" class=\"elementor-field-label\">\n\t\t\t\t\t\t\t\tName\t\t\t\t\t\t\t<\/label>\n\t\t\t\t\t\t\t\t\t\t\t\t\t\t<input size=\"1\" type=\"text\" name=\"form_fields[name]\" id=\"form-field-name\" class=\"elementor-field elementor-size-lg  elementor-field-textual\">\n\t\t\t\t\t\t\t\t\t\t\t<\/div>\n\t\t\t\t\t\t\t\t<div class=\"elementor-field-type-email elementor-field-group elementor-column elementor-field-group-email elementor-col-50\">\n\t\t\t\t\t\t\t\t\t\t\t\t<label for=\"form-field-email\" class=\"elementor-field-label\">\n\t\t\t\t\t\t\t\tE-mail\t\t\t\t\t\t\t<\/label>\n\t\t\t\t\t\t\t\t\t\t\t\t\t\t<input size=\"1\" type=\"email\" name=\"form_fields[email]\" id=\"form-field-email\" class=\"elementor-field elementor-size-lg  elementor-field-textual\">\n\t\t\t\t\t\t\t\t\t\t\t<\/div>\n\t\t\t\t\t\t\t\t<div class=\"elementor-field-type-textarea elementor-field-group elementor-column elementor-field-group-message elementor-col-100 elementor-field-required elementor-mark-required\">\n\t\t\t\t\t\t\t\t\t\t\t\t<label for=\"form-field-message\" class=\"elementor-field-label\">\n\t\t\t\t\t\t\t\tComplaint\t\t\t\t\t\t\t<\/label>\n\t\t\t\t\t\t<textarea class=\"elementor-field-textual elementor-field  elementor-size-lg\" name=\"form_fields[message]\" id=\"form-field-message\" rows=\"4\" required=\"required\"><\/textarea>\t\t\t\t<\/div>\n\t\t\t\t\t\t\t\t<div class=\"elementor-field-type-acceptance elementor-field-group elementor-column elementor-field-group-field_98b3f8c elementor-col-100 elementor-field-required elementor-mark-required\">\n\t\t\t\t\t\t\t<div class=\"elementor-field-subgroup\">\n\t\t\t<span class=\"elementor-field-option\">\n\t\t\t\t<input type=\"checkbox\" name=\"form_fields[field_98b3f8c]\" id=\"form-field-field_98b3f8c\" class=\"elementor-field elementor-size-lg  elementor-acceptance-field\" required=\"required\">\n\t\t\t\t<label for=\"form-field-field_98b3f8c\">I have read and accept the <a href=\"https:\/\/tresdedos3d2.ovh\/politica-privacidad\/\" style=\"color: #BBB\">Privacy Policy<\/a><\/label>\t\t\t<\/span>\n\t\t<\/div>\n\t\t\t\t\t\t<\/div>\n\t\t\t\t\t\t\t\t<div class=\"elementor-field-group elementor-column elementor-field-type-submit elementor-col-100 e-form__buttons\">\n\t\t\t\t\t<button class=\"elementor-button elementor-size-sm\" type=\"submit\">\n\t\t\t\t\t\t<span class=\"elementor-button-content-wrapper\">\n\t\t\t\t\t\t\t\t\t\t\t\t\t\t\t<span class=\"elementor-button-icon\">\n\t\t\t\t\t\t\t\t\t<i aria-hidden=\"true\" class=\"icon icon-arrow-right\"><\/i>\t\t\t\t\t\t\t\t\t\t\t\t\t\t\t\t\t<\/span>\n\t\t\t\t\t\t\t\t\t\t\t\t\t\t\t\t\t\t\t\t\t\t<span class=\"elementor-button-text\">Send<\/span>\n\t\t\t\t\t\t\t\t\t\t\t\t\t<\/span>\n\t\t\t\t\t<\/button>\n\t\t\t\t<\/div>\n\t\t\t<\/div>\n\t\t<\/form>\n\t\t\t\t\t\t<\/div>\n\t\t\t\t<\/div>\n\t\t\t\t\t<\/div>\n\t\t\t\t<\/div>\n\t\t\t\t<\/div>\n\t\t\t\t<\/div>\n\t\t\t\t\t\t<\/div>\n\t\t\t\t<\/div>\n\t\t\t\t<\/div>\n\t\t<div class=\"elementor-element elementor-element-4a5509e e-flex e-con-boxed e-con e-parent\" data-id=\"4a5509e\" data-element_type=\"container\" data-e-type=\"container\">\n\t\t\t\t\t<div class=\"e-con-inner\">\n\t\t\t\t<div class=\"elementor-element elementor-element-ffb4bc9 elementor-widget elementor-widget-text-editor\" data-id=\"ffb4bc9\" data-element_type=\"widget\" data-e-type=\"widget\" data-widget_type=\"text-editor.default\">\n\t\t\t\t<div class=\"elementor-widget-container\">\n\t\t\t\t\t\t\t\t\t<p><strong>ATTACHED FILES and MAIL REPORTS<br><\/strong>denuncia@kider.com<\/p><p><strong>POSTAL CORRESPONDENCE<\/strong><br>Kider Store Solutions, S.L.<br>(Complaints Channel)<br>Zabalibar, 8<br>01470 Amurrio (\u00c1lava)<\/p>\t\t\t\t\t\t\t\t<\/div>\n\t\t\t\t<\/div>\n\t\t\t\t\t<\/div>\n\t\t\t\t<\/div>\n\t\t\t\t<\/div>\n\t\t","protected":false},"excerpt":{"rendered":"<p>Whistleblowing channel KIDER STORE SOLUTIONS, S.L. has this Internal Whistleblower Channel on its website(www.kider.com\/canal-de-denuncias) that allows reporting irregular conduct in the company.This channel is available to all stakeholders: employees, people related to the company, customers, suppliers, etc.At the bottom of this page there is a form to collect the complaints you want to make.The communication [&hellip;]<\/p>\n","protected":false},"author":6,"featured_media":0,"parent":0,"menu_order":0,"comment_status":"closed","ping_status":"closed","template":"","meta":{"footnotes":""},"class_list":["post-3927","page","type-page","status-publish","hentry"],"yoast_head":"<!-- This site is optimized with the Yoast SEO plugin v27.2 - https:\/\/yoast.com\/product\/yoast-seo-wordpress\/ -->\n<title>Whistleblowing channel - Kider Store Solutions<\/title>\n<meta name=\"robots\" content=\"index, follow, max-snippet:-1, max-image-preview:large, max-video-preview:-1\" \/>\n<link rel=\"canonical\" href=\"https:\/\/tresdedos3d2.ovh\/en\/whistleblowing-channel\/\" \/>\n<meta property=\"og:locale\" content=\"en_US\" \/>\n<meta property=\"og:type\" content=\"article\" \/>\n<meta property=\"og:title\" content=\"Whistleblowing channel - Kider Store Solutions\" \/>\n<meta property=\"og:description\" content=\"Whistleblowing channel KIDER STORE SOLUTIONS, S.L. has this Internal Whistleblower Channel on its website(www.kider.com\/canal-de-denuncias) that allows reporting irregular conduct in the company.This channel is available to all stakeholders: employees, people related to the company, customers, suppliers, etc.At the bottom of this page there is a form to collect the complaints you want to make.The communication [&hellip;]\" \/>\n<meta property=\"og:url\" content=\"https:\/\/tresdedos3d2.ovh\/en\/whistleblowing-channel\/\" \/>\n<meta property=\"og:site_name\" content=\"Kider Store Solutions\" \/>\n<meta property=\"article:modified_time\" content=\"2026-04-02T08:51:45+00:00\" \/>\n<meta property=\"og:image\" content=\"https:\/\/tresdedos3d2.ovh\/wp-content\/uploads\/2026\/02\/equipo-kider.jpg\" \/>\n\t<meta property=\"og:image:width\" content=\"1200\" \/>\n\t<meta property=\"og:image:height\" content=\"1200\" \/>\n\t<meta property=\"og:image:type\" content=\"image\/jpeg\" \/>\n<meta name=\"twitter:card\" content=\"summary_large_image\" \/>\n<meta name=\"twitter:label1\" content=\"Est. reading time\" \/>\n\t<meta name=\"twitter:data1\" content=\"3 minutes\" \/>\n<script type=\"application\/ld+json\" class=\"yoast-schema-graph\">{\"@context\":\"https:\/\/schema.org\",\"@graph\":[{\"@type\":\"WebPage\",\"@id\":\"https:\/\/tresdedos3d2.ovh\/en\/whistleblowing-channel\/\",\"url\":\"https:\/\/tresdedos3d2.ovh\/en\/whistleblowing-channel\/\",\"name\":\"Whistleblowing channel - Kider Store Solutions\",\"isPartOf\":{\"@id\":\"https:\/\/tresdedos3d2.ovh\/en\/#website\"},\"primaryImageOfPage\":{\"@id\":\"https:\/\/tresdedos3d2.ovh\/en\/whistleblowing-channel\/#primaryimage\"},\"image\":{\"@id\":\"https:\/\/tresdedos3d2.ovh\/en\/whistleblowing-channel\/#primaryimage\"},\"thumbnailUrl\":\"https:\/\/tresdedos3d2.ovh\/wp-content\/uploads\/2026\/02\/equipo-kider.jpg\",\"datePublished\":\"2026-03-24T15:42:19+00:00\",\"dateModified\":\"2026-04-02T08:51:45+00:00\",\"breadcrumb\":{\"@id\":\"https:\/\/tresdedos3d2.ovh\/en\/whistleblowing-channel\/#breadcrumb\"},\"inLanguage\":\"en-US\",\"potentialAction\":[{\"@type\":\"ReadAction\",\"target\":[\"https:\/\/tresdedos3d2.ovh\/en\/whistleblowing-channel\/\"]}]},{\"@type\":\"ImageObject\",\"inLanguage\":\"en-US\",\"@id\":\"https:\/\/tresdedos3d2.ovh\/en\/whistleblowing-channel\/#primaryimage\",\"url\":\"https:\/\/tresdedos3d2.ovh\/wp-content\/uploads\/2026\/02\/equipo-kider.jpg\",\"contentUrl\":\"https:\/\/tresdedos3d2.ovh\/wp-content\/uploads\/2026\/02\/equipo-kider.jpg\"},{\"@type\":\"BreadcrumbList\",\"@id\":\"https:\/\/tresdedos3d2.ovh\/en\/whistleblowing-channel\/#breadcrumb\",\"itemListElement\":[{\"@type\":\"ListItem\",\"position\":1,\"name\":\"Portada\",\"item\":\"https:\/\/tresdedos3d2.ovh\/en\/\"},{\"@type\":\"ListItem\",\"position\":2,\"name\":\"Whistleblowing channel\"}]},{\"@type\":\"WebSite\",\"@id\":\"https:\/\/tresdedos3d2.ovh\/en\/#website\",\"url\":\"https:\/\/tresdedos3d2.ovh\/en\/\",\"name\":\"Kider Store Solutions\",\"description\":\"Soluciones de asesoramiento, dise\u00f1o, desarrollo, fabricaci\u00f3n y comercializaci\u00f3n para espacios comerciales\",\"publisher\":{\"@id\":\"https:\/\/tresdedos3d2.ovh\/en\/#organization\"},\"potentialAction\":[{\"@type\":\"SearchAction\",\"target\":{\"@type\":\"EntryPoint\",\"urlTemplate\":\"https:\/\/tresdedos3d2.ovh\/en\/?s={search_term_string}\"},\"query-input\":{\"@type\":\"PropertyValueSpecification\",\"valueRequired\":true,\"valueName\":\"search_term_string\"}}],\"inLanguage\":\"en-US\"},{\"@type\":\"Organization\",\"@id\":\"https:\/\/tresdedos3d2.ovh\/en\/#organization\",\"name\":\"Kider Store Solutions\",\"url\":\"https:\/\/tresdedos3d2.ovh\/en\/\",\"logo\":{\"@type\":\"ImageObject\",\"inLanguage\":\"en-US\",\"@id\":\"https:\/\/tresdedos3d2.ovh\/en\/#\/schema\/logo\/image\/\",\"url\":\"https:\/\/tresdedos3d2.ovh\/wp-content\/uploads\/2026\/01\/kider-logo.svg\",\"contentUrl\":\"https:\/\/tresdedos3d2.ovh\/wp-content\/uploads\/2026\/01\/kider-logo.svg\",\"width\":142,\"height\":56,\"caption\":\"Kider Store Solutions\"},\"image\":{\"@id\":\"https:\/\/tresdedos3d2.ovh\/en\/#\/schema\/logo\/image\/\"}}]}<\/script>\n<!-- \/ Yoast SEO plugin. -->","yoast_head_json":{"title":"Whistleblowing channel - Kider Store Solutions","robots":{"index":"index","follow":"follow","max-snippet":"max-snippet:-1","max-image-preview":"max-image-preview:large","max-video-preview":"max-video-preview:-1"},"canonical":"https:\/\/tresdedos3d2.ovh\/en\/whistleblowing-channel\/","og_locale":"en_US","og_type":"article","og_title":"Whistleblowing channel - Kider Store Solutions","og_description":"Whistleblowing channel KIDER STORE SOLUTIONS, S.L. has this Internal Whistleblower Channel on its website(www.kider.com\/canal-de-denuncias) that allows reporting irregular conduct in the company.This channel is available to all stakeholders: employees, people related to the company, customers, suppliers, etc.At the bottom of this page there is a form to collect the complaints you want to make.The communication [&hellip;]","og_url":"https:\/\/tresdedos3d2.ovh\/en\/whistleblowing-channel\/","og_site_name":"Kider Store Solutions","article_modified_time":"2026-04-02T08:51:45+00:00","og_image":[{"width":1200,"height":1200,"url":"https:\/\/tresdedos3d2.ovh\/wp-content\/uploads\/2026\/02\/equipo-kider.jpg","type":"image\/jpeg"}],"twitter_card":"summary_large_image","twitter_misc":{"Est. reading time":"3 minutes"},"schema":{"@context":"https:\/\/schema.org","@graph":[{"@type":"WebPage","@id":"https:\/\/tresdedos3d2.ovh\/en\/whistleblowing-channel\/","url":"https:\/\/tresdedos3d2.ovh\/en\/whistleblowing-channel\/","name":"Whistleblowing channel - Kider Store Solutions","isPartOf":{"@id":"https:\/\/tresdedos3d2.ovh\/en\/#website"},"primaryImageOfPage":{"@id":"https:\/\/tresdedos3d2.ovh\/en\/whistleblowing-channel\/#primaryimage"},"image":{"@id":"https:\/\/tresdedos3d2.ovh\/en\/whistleblowing-channel\/#primaryimage"},"thumbnailUrl":"https:\/\/tresdedos3d2.ovh\/wp-content\/uploads\/2026\/02\/equipo-kider.jpg","datePublished":"2026-03-24T15:42:19+00:00","dateModified":"2026-04-02T08:51:45+00:00","breadcrumb":{"@id":"https:\/\/tresdedos3d2.ovh\/en\/whistleblowing-channel\/#breadcrumb"},"inLanguage":"en-US","potentialAction":[{"@type":"ReadAction","target":["https:\/\/tresdedos3d2.ovh\/en\/whistleblowing-channel\/"]}]},{"@type":"ImageObject","inLanguage":"en-US","@id":"https:\/\/tresdedos3d2.ovh\/en\/whistleblowing-channel\/#primaryimage","url":"https:\/\/tresdedos3d2.ovh\/wp-content\/uploads\/2026\/02\/equipo-kider.jpg","contentUrl":"https:\/\/tresdedos3d2.ovh\/wp-content\/uploads\/2026\/02\/equipo-kider.jpg"},{"@type":"BreadcrumbList","@id":"https:\/\/tresdedos3d2.ovh\/en\/whistleblowing-channel\/#breadcrumb","itemListElement":[{"@type":"ListItem","position":1,"name":"Portada","item":"https:\/\/tresdedos3d2.ovh\/en\/"},{"@type":"ListItem","position":2,"name":"Whistleblowing channel"}]},{"@type":"WebSite","@id":"https:\/\/tresdedos3d2.ovh\/en\/#website","url":"https:\/\/tresdedos3d2.ovh\/en\/","name":"Kider Store Solutions","description":"Soluciones de asesoramiento, dise\u00f1o, desarrollo, fabricaci\u00f3n y comercializaci\u00f3n para espacios comerciales","publisher":{"@id":"https:\/\/tresdedos3d2.ovh\/en\/#organization"},"potentialAction":[{"@type":"SearchAction","target":{"@type":"EntryPoint","urlTemplate":"https:\/\/tresdedos3d2.ovh\/en\/?s={search_term_string}"},"query-input":{"@type":"PropertyValueSpecification","valueRequired":true,"valueName":"search_term_string"}}],"inLanguage":"en-US"},{"@type":"Organization","@id":"https:\/\/tresdedos3d2.ovh\/en\/#organization","name":"Kider Store Solutions","url":"https:\/\/tresdedos3d2.ovh\/en\/","logo":{"@type":"ImageObject","inLanguage":"en-US","@id":"https:\/\/tresdedos3d2.ovh\/en\/#\/schema\/logo\/image\/","url":"https:\/\/tresdedos3d2.ovh\/wp-content\/uploads\/2026\/01\/kider-logo.svg","contentUrl":"https:\/\/tresdedos3d2.ovh\/wp-content\/uploads\/2026\/01\/kider-logo.svg","width":142,"height":56,"caption":"Kider Store Solutions"},"image":{"@id":"https:\/\/tresdedos3d2.ovh\/en\/#\/schema\/logo\/image\/"}}]}},"_links":{"self":[{"href":"https:\/\/tresdedos3d2.ovh\/en\/wp-json\/wp\/v2\/pages\/3927","targetHints":{"allow":["GET"]}}],"collection":[{"href":"https:\/\/tresdedos3d2.ovh\/en\/wp-json\/wp\/v2\/pages"}],"about":[{"href":"https:\/\/tresdedos3d2.ovh\/en\/wp-json\/wp\/v2\/types\/page"}],"author":[{"embeddable":true,"href":"https:\/\/tresdedos3d2.ovh\/en\/wp-json\/wp\/v2\/users\/6"}],"replies":[{"embeddable":true,"href":"https:\/\/tresdedos3d2.ovh\/en\/wp-json\/wp\/v2\/comments?post=3927"}],"version-history":[{"count":1,"href":"https:\/\/tresdedos3d2.ovh\/en\/wp-json\/wp\/v2\/pages\/3927\/revisions"}],"predecessor-version":[{"id":3928,"href":"https:\/\/tresdedos3d2.ovh\/en\/wp-json\/wp\/v2\/pages\/3927\/revisions\/3928"}],"wp:attachment":[{"href":"https:\/\/tresdedos3d2.ovh\/en\/wp-json\/wp\/v2\/media?parent=3927"}],"curies":[{"name":"wp","href":"https:\/\/api.w.org\/{rel}","templated":true}]}}