{"id":3904,"date":"2026-03-24T13:17:53","date_gmt":"2026-03-24T13:17:53","guid":{"rendered":"https:\/\/tresdedos3d2.ovh\/legal-notice\/"},"modified":"2026-04-02T08:34:55","modified_gmt":"2026-04-02T08:34:55","slug":"legal-notice","status":"publish","type":"page","link":"https:\/\/tresdedos3d2.ovh\/en\/legal-notice\/","title":{"rendered":"Legal Notice"},"content":{"rendered":"\t\t<div data-elementor-type=\"wp-page\" data-elementor-id=\"3904\" class=\"elementor elementor-3904 elementor-2781\" data-elementor-post-type=\"page\">\n\t\t\t\t<div class=\"elementor-element elementor-element-2e843199 e-con-full e-flex e-con e-parent\" data-id=\"2e843199\" data-element_type=\"container\" data-e-type=\"container\" data-settings=\"{&quot;background_background&quot;:&quot;classic&quot;}\">\n\t\t<div class=\"elementor-element elementor-element-ec457f9 e-con-full e-flex e-con e-child\" data-id=\"ec457f9\" data-element_type=\"container\" data-e-type=\"container\">\n\t\t<div class=\"elementor-element elementor-element-7f60f8d e-con-full e-flex e-con e-child\" data-id=\"7f60f8d\" data-element_type=\"container\" data-e-type=\"container\">\n\t\t<div class=\"elementor-element elementor-element-fbf178d e-con-full e-flex e-con e-child\" data-id=\"fbf178d\" data-element_type=\"container\" data-e-type=\"container\">\n\t\t\t\t<div class=\"elementor-element elementor-element-8db9da4 elementor-widget elementor-widget-heading\" data-id=\"8db9da4\" data-element_type=\"widget\" data-e-type=\"widget\" data-widget_type=\"heading.default\">\n\t\t\t\t<div class=\"elementor-widget-container\">\n\t\t\t\t\t<h1 class=\"elementor-heading-title elementor-size-default\">Legal Notice<\/h1>\t\t\t\t<\/div>\n\t\t\t\t<\/div>\n\t\t\t\t<\/div>\n\t\t\t\t<div class=\"elementor-element elementor-element-56baeae elementor-widget__width-initial elementor-widget elementor-widget-image\" data-id=\"56baeae\" data-element_type=\"widget\" data-e-type=\"widget\" data-widget_type=\"image.default\">\n\t\t\t\t<div class=\"elementor-widget-container\">\n\t\t\t\t\t\t\t\t\t\t\t\t\t\t\t<img fetchpriority=\"high\" decoding=\"async\" width=\"1200\" height=\"1200\" src=\"https:\/\/tresdedos3d2.ovh\/wp-content\/uploads\/2026\/02\/equipo-kider.jpg\" class=\"attachment-full size-full wp-image-2356\" alt=\"\" srcset=\"https:\/\/tresdedos3d2.ovh\/wp-content\/uploads\/2026\/02\/equipo-kider.jpg 1200w, https:\/\/tresdedos3d2.ovh\/wp-content\/uploads\/2026\/02\/equipo-kider-300x300.jpg 300w, https:\/\/tresdedos3d2.ovh\/wp-content\/uploads\/2026\/02\/equipo-kider-1024x1024.jpg 1024w, https:\/\/tresdedos3d2.ovh\/wp-content\/uploads\/2026\/02\/equipo-kider-150x150.jpg 150w, https:\/\/tresdedos3d2.ovh\/wp-content\/uploads\/2026\/02\/equipo-kider-768x768.jpg 768w, https:\/\/tresdedos3d2.ovh\/wp-content\/uploads\/2026\/02\/equipo-kider-650x650.jpg 650w\" sizes=\"(max-width: 1200px) 100vw, 1200px\" \/>\t\t\t\t\t\t\t\t\t\t\t\t\t\t\t<\/div>\n\t\t\t\t<\/div>\n\t\t\t\t<\/div>\n\t\t\t\t<\/div>\n\t\t\t\t<\/div>\n\t\t<div class=\"elementor-element elementor-element-8aca53c e-flex e-con-boxed e-con e-parent\" data-id=\"8aca53c\" data-element_type=\"container\" data-e-type=\"container\">\n\t\t\t\t\t<div class=\"e-con-inner\">\n\t\t\t\t<div class=\"elementor-element elementor-element-95cad92 elementor-widget elementor-widget-text-editor\" data-id=\"95cad92\" data-element_type=\"widget\" data-e-type=\"widget\" data-widget_type=\"text-editor.default\">\n\t\t\t\t<div class=\"elementor-widget-container\">\n\t\t\t\t\t\t\t\t\t<p>This website is owned by <strong>Kider Store Solutions,<\/strong> S.L., with CIF. B95767604, and domiciled in Zabalibar, 8 &#8211; 01470 Amurrio (\u00c1lava).<\/p><p>All the information contained in this website, including contents, images, graphics and its design are property of <strong>Kider Store Solutions<\/strong>, S.L. and are duly protected by the Spanish and International Laws on Intellectual and Industrial Property.<\/p><p>Links from this website to third party websites or web pages have been established solely as a convenience to the user. <strong>Kider Store Solutions<\/strong>, S.L. is not responsible for them or their content. This website contains information prepared by <strong>Kider Store Solutions<\/strong>, S.L. for information purposes, and the user must take into account that such information may not reflect the recent legislative or jurisprudential status on the issues analyzed. <\/p><p>The data provided on this page through consultations will be treated with the utmost confidentiality, being included in the files of <strong>Kider Store Solutions,<\/strong> S.L., for the analysis and control of the issues raised. The customer authorizes<strong> Kider Store Solutions<\/strong>, S.L. for the processing of their data now provided in order to send advertising and commercial offers own or third parties that fit your profile by any means (mail, telephone, e-mail, fax, mailing, or any other telematic means). <\/p><p>All of the above is without prejudice to the rights of access, rectification, cancellation and opposition provided for in the laws in force and especially the Organic Law 15\/1999, of December 13, for which you may contact <strong>Kider Store Solutions<\/strong>, S.L., by e-mail<a href=\"mailto:kider@kider.com\">(kider@kider.com)<\/a> or by letter to the following address: Zabalibar, 8 &#8211; 01470 Amurrio (\u00c1lava).<\/p><p><strong>Kider Store Solutions<\/strong>, S.L. has adopted the security levels of protection of Personal Data legally required and has installed all the technical means and measures at its disposal to prevent the loss, misuse, alteration, unauthorized access and theft of Personal Data. However, the user must be aware that Internet security measures are not impregnable. <\/p><p>The APPLICANT expressly authorizes <strong>Kider Store Solutions<\/strong>, S.L. to use his\/her e-mail address to send him\/her the monthly Newsletter, and may revoke such consent at any time by simply notifying the Customer Service Department of Kider Store Solutions, S.L.<a href=\"mailto:kider@kider.com\">(kider@kider.com)<\/a>.<\/p><p>This Legal Notice may be modified by <strong>Kider Store Solutions<\/strong>, S.L. at any time and without prior notice to the user.<\/p>\t\t\t\t\t\t\t\t<\/div>\n\t\t\t\t<\/div>\n\t\t\t\t\t<\/div>\n\t\t\t\t<\/div>\n\t\t\t\t<\/div>\n\t\t","protected":false},"excerpt":{"rendered":"<p>Legal Notice This website is owned by Kider Store Solutions, S.L., with CIF. B95767604, and domiciled in Zabalibar, 8 &#8211; 01470 Amurrio (\u00c1lava). All the information contained in this website, including contents, images, graphics and its design are property of Kider Store Solutions, S.L. and are duly protected by the Spanish and International Laws on [&hellip;]<\/p>\n","protected":false},"author":6,"featured_media":0,"parent":0,"menu_order":0,"comment_status":"closed","ping_status":"closed","template":"","meta":{"footnotes":""},"class_list":["post-3904","page","type-page","status-publish","hentry"],"yoast_head":"<!-- This site is optimized with the Yoast SEO plugin v27.2 - https:\/\/yoast.com\/product\/yoast-seo-wordpress\/ -->\n<title>Legal Notice - Kider Store Solutions<\/title>\n<meta name=\"robots\" content=\"index, follow, max-snippet:-1, max-image-preview:large, max-video-preview:-1\" \/>\n<link rel=\"canonical\" href=\"https:\/\/tresdedos3d2.ovh\/en\/legal-notice\/\" \/>\n<meta property=\"og:locale\" content=\"en_US\" \/>\n<meta property=\"og:type\" content=\"article\" \/>\n<meta property=\"og:title\" content=\"Legal Notice - Kider Store Solutions\" \/>\n<meta property=\"og:description\" content=\"Legal Notice This website is owned by Kider Store Solutions, S.L., with CIF. B95767604, and domiciled in Zabalibar, 8 &#8211; 01470 Amurrio (\u00c1lava). All the information contained in this website, including contents, images, graphics and its design are property of Kider Store Solutions, S.L. and are duly protected by the Spanish and International Laws on [&hellip;]\" \/>\n<meta property=\"og:url\" content=\"https:\/\/tresdedos3d2.ovh\/en\/legal-notice\/\" \/>\n<meta property=\"og:site_name\" content=\"Kider Store Solutions\" \/>\n<meta property=\"article:modified_time\" content=\"2026-04-02T08:34:55+00:00\" \/>\n<meta property=\"og:image\" content=\"https:\/\/tresdedos3d2.ovh\/wp-content\/uploads\/2026\/02\/equipo-kider.jpg\" \/>\n\t<meta property=\"og:image:width\" content=\"1200\" \/>\n\t<meta property=\"og:image:height\" content=\"1200\" \/>\n\t<meta property=\"og:image:type\" content=\"image\/jpeg\" \/>\n<meta name=\"twitter:card\" content=\"summary_large_image\" \/>\n<meta name=\"twitter:label1\" content=\"Est. reading time\" \/>\n\t<meta name=\"twitter:data1\" content=\"2 minutes\" \/>\n<script type=\"application\/ld+json\" class=\"yoast-schema-graph\">{\"@context\":\"https:\/\/schema.org\",\"@graph\":[{\"@type\":\"WebPage\",\"@id\":\"https:\/\/tresdedos3d2.ovh\/en\/legal-notice\/\",\"url\":\"https:\/\/tresdedos3d2.ovh\/en\/legal-notice\/\",\"name\":\"Legal Notice - Kider Store Solutions\",\"isPartOf\":{\"@id\":\"https:\/\/tresdedos3d2.ovh\/en\/#website\"},\"primaryImageOfPage\":{\"@id\":\"https:\/\/tresdedos3d2.ovh\/en\/legal-notice\/#primaryimage\"},\"image\":{\"@id\":\"https:\/\/tresdedos3d2.ovh\/en\/legal-notice\/#primaryimage\"},\"thumbnailUrl\":\"https:\/\/tresdedos3d2.ovh\/wp-content\/uploads\/2026\/02\/equipo-kider.jpg\",\"datePublished\":\"2026-03-24T13:17:53+00:00\",\"dateModified\":\"2026-04-02T08:34:55+00:00\",\"breadcrumb\":{\"@id\":\"https:\/\/tresdedos3d2.ovh\/en\/legal-notice\/#breadcrumb\"},\"inLanguage\":\"en-US\",\"potentialAction\":[{\"@type\":\"ReadAction\",\"target\":[\"https:\/\/tresdedos3d2.ovh\/en\/legal-notice\/\"]}]},{\"@type\":\"ImageObject\",\"inLanguage\":\"en-US\",\"@id\":\"https:\/\/tresdedos3d2.ovh\/en\/legal-notice\/#primaryimage\",\"url\":\"https:\/\/tresdedos3d2.ovh\/wp-content\/uploads\/2026\/02\/equipo-kider.jpg\",\"contentUrl\":\"https:\/\/tresdedos3d2.ovh\/wp-content\/uploads\/2026\/02\/equipo-kider.jpg\"},{\"@type\":\"BreadcrumbList\",\"@id\":\"https:\/\/tresdedos3d2.ovh\/en\/legal-notice\/#breadcrumb\",\"itemListElement\":[{\"@type\":\"ListItem\",\"position\":1,\"name\":\"Portada\",\"item\":\"https:\/\/tresdedos3d2.ovh\/en\/\"},{\"@type\":\"ListItem\",\"position\":2,\"name\":\"Legal Notice\"}]},{\"@type\":\"WebSite\",\"@id\":\"https:\/\/tresdedos3d2.ovh\/en\/#website\",\"url\":\"https:\/\/tresdedos3d2.ovh\/en\/\",\"name\":\"Kider Store Solutions\",\"description\":\"Soluciones de asesoramiento, dise\u00f1o, desarrollo, fabricaci\u00f3n y comercializaci\u00f3n para espacios comerciales\",\"publisher\":{\"@id\":\"https:\/\/tresdedos3d2.ovh\/en\/#organization\"},\"potentialAction\":[{\"@type\":\"SearchAction\",\"target\":{\"@type\":\"EntryPoint\",\"urlTemplate\":\"https:\/\/tresdedos3d2.ovh\/en\/?s={search_term_string}\"},\"query-input\":{\"@type\":\"PropertyValueSpecification\",\"valueRequired\":true,\"valueName\":\"search_term_string\"}}],\"inLanguage\":\"en-US\"},{\"@type\":\"Organization\",\"@id\":\"https:\/\/tresdedos3d2.ovh\/en\/#organization\",\"name\":\"Kider Store Solutions\",\"url\":\"https:\/\/tresdedos3d2.ovh\/en\/\",\"logo\":{\"@type\":\"ImageObject\",\"inLanguage\":\"en-US\",\"@id\":\"https:\/\/tresdedos3d2.ovh\/en\/#\/schema\/logo\/image\/\",\"url\":\"https:\/\/tresdedos3d2.ovh\/wp-content\/uploads\/2026\/01\/kider-logo.svg\",\"contentUrl\":\"https:\/\/tresdedos3d2.ovh\/wp-content\/uploads\/2026\/01\/kider-logo.svg\",\"width\":142,\"height\":56,\"caption\":\"Kider Store Solutions\"},\"image\":{\"@id\":\"https:\/\/tresdedos3d2.ovh\/en\/#\/schema\/logo\/image\/\"}}]}<\/script>\n<!-- \/ Yoast SEO plugin. -->","yoast_head_json":{"title":"Legal Notice - Kider Store Solutions","robots":{"index":"index","follow":"follow","max-snippet":"max-snippet:-1","max-image-preview":"max-image-preview:large","max-video-preview":"max-video-preview:-1"},"canonical":"https:\/\/tresdedos3d2.ovh\/en\/legal-notice\/","og_locale":"en_US","og_type":"article","og_title":"Legal Notice - Kider Store Solutions","og_description":"Legal Notice This website is owned by Kider Store Solutions, S.L., with CIF. B95767604, and domiciled in Zabalibar, 8 &#8211; 01470 Amurrio (\u00c1lava). All the information contained in this website, including contents, images, graphics and its design are property of Kider Store Solutions, S.L. and are duly protected by the Spanish and International Laws on [&hellip;]","og_url":"https:\/\/tresdedos3d2.ovh\/en\/legal-notice\/","og_site_name":"Kider Store Solutions","article_modified_time":"2026-04-02T08:34:55+00:00","og_image":[{"width":1200,"height":1200,"url":"https:\/\/tresdedos3d2.ovh\/wp-content\/uploads\/2026\/02\/equipo-kider.jpg","type":"image\/jpeg"}],"twitter_card":"summary_large_image","twitter_misc":{"Est. reading time":"2 minutes"},"schema":{"@context":"https:\/\/schema.org","@graph":[{"@type":"WebPage","@id":"https:\/\/tresdedos3d2.ovh\/en\/legal-notice\/","url":"https:\/\/tresdedos3d2.ovh\/en\/legal-notice\/","name":"Legal Notice - Kider Store Solutions","isPartOf":{"@id":"https:\/\/tresdedos3d2.ovh\/en\/#website"},"primaryImageOfPage":{"@id":"https:\/\/tresdedos3d2.ovh\/en\/legal-notice\/#primaryimage"},"image":{"@id":"https:\/\/tresdedos3d2.ovh\/en\/legal-notice\/#primaryimage"},"thumbnailUrl":"https:\/\/tresdedos3d2.ovh\/wp-content\/uploads\/2026\/02\/equipo-kider.jpg","datePublished":"2026-03-24T13:17:53+00:00","dateModified":"2026-04-02T08:34:55+00:00","breadcrumb":{"@id":"https:\/\/tresdedos3d2.ovh\/en\/legal-notice\/#breadcrumb"},"inLanguage":"en-US","potentialAction":[{"@type":"ReadAction","target":["https:\/\/tresdedos3d2.ovh\/en\/legal-notice\/"]}]},{"@type":"ImageObject","inLanguage":"en-US","@id":"https:\/\/tresdedos3d2.ovh\/en\/legal-notice\/#primaryimage","url":"https:\/\/tresdedos3d2.ovh\/wp-content\/uploads\/2026\/02\/equipo-kider.jpg","contentUrl":"https:\/\/tresdedos3d2.ovh\/wp-content\/uploads\/2026\/02\/equipo-kider.jpg"},{"@type":"BreadcrumbList","@id":"https:\/\/tresdedos3d2.ovh\/en\/legal-notice\/#breadcrumb","itemListElement":[{"@type":"ListItem","position":1,"name":"Portada","item":"https:\/\/tresdedos3d2.ovh\/en\/"},{"@type":"ListItem","position":2,"name":"Legal Notice"}]},{"@type":"WebSite","@id":"https:\/\/tresdedos3d2.ovh\/en\/#website","url":"https:\/\/tresdedos3d2.ovh\/en\/","name":"Kider Store Solutions","description":"Soluciones de asesoramiento, dise\u00f1o, desarrollo, fabricaci\u00f3n y comercializaci\u00f3n para espacios comerciales","publisher":{"@id":"https:\/\/tresdedos3d2.ovh\/en\/#organization"},"potentialAction":[{"@type":"SearchAction","target":{"@type":"EntryPoint","urlTemplate":"https:\/\/tresdedos3d2.ovh\/en\/?s={search_term_string}"},"query-input":{"@type":"PropertyValueSpecification","valueRequired":true,"valueName":"search_term_string"}}],"inLanguage":"en-US"},{"@type":"Organization","@id":"https:\/\/tresdedos3d2.ovh\/en\/#organization","name":"Kider Store Solutions","url":"https:\/\/tresdedos3d2.ovh\/en\/","logo":{"@type":"ImageObject","inLanguage":"en-US","@id":"https:\/\/tresdedos3d2.ovh\/en\/#\/schema\/logo\/image\/","url":"https:\/\/tresdedos3d2.ovh\/wp-content\/uploads\/2026\/01\/kider-logo.svg","contentUrl":"https:\/\/tresdedos3d2.ovh\/wp-content\/uploads\/2026\/01\/kider-logo.svg","width":142,"height":56,"caption":"Kider Store Solutions"},"image":{"@id":"https:\/\/tresdedos3d2.ovh\/en\/#\/schema\/logo\/image\/"}}]}},"_links":{"self":[{"href":"https:\/\/tresdedos3d2.ovh\/en\/wp-json\/wp\/v2\/pages\/3904","targetHints":{"allow":["GET"]}}],"collection":[{"href":"https:\/\/tresdedos3d2.ovh\/en\/wp-json\/wp\/v2\/pages"}],"about":[{"href":"https:\/\/tresdedos3d2.ovh\/en\/wp-json\/wp\/v2\/types\/page"}],"author":[{"embeddable":true,"href":"https:\/\/tresdedos3d2.ovh\/en\/wp-json\/wp\/v2\/users\/6"}],"replies":[{"embeddable":true,"href":"https:\/\/tresdedos3d2.ovh\/en\/wp-json\/wp\/v2\/comments?post=3904"}],"version-history":[{"count":1,"href":"https:\/\/tresdedos3d2.ovh\/en\/wp-json\/wp\/v2\/pages\/3904\/revisions"}],"predecessor-version":[{"id":3905,"href":"https:\/\/tresdedos3d2.ovh\/en\/wp-json\/wp\/v2\/pages\/3904\/revisions\/3905"}],"wp:attachment":[{"href":"https:\/\/tresdedos3d2.ovh\/en\/wp-json\/wp\/v2\/media?parent=3904"}],"curies":[{"name":"wp","href":"https:\/\/api.w.org\/{rel}","templated":true}]}}